{"id":6223,"date":"2021-08-20T00:03:10","date_gmt":"2021-08-19T22:03:10","guid":{"rendered":"https:\/\/digitalhistory.unite.it\/la-festa-di-almansa-castilla-la-mancha\/"},"modified":"2021-11-23T15:26:43","modified_gmt":"2021-11-23T14:26:43","slug":"la-festa-di-almansa-castilla-la-mancha","status":"publish","type":"page","link":"https:\/\/digitalhistory.unite.it\/es\/temi\/feste-e-rituali\/la-festa-di-almansa-castilla-la-mancha\/","title":{"rendered":"La Festa dei Mori e dei Cristiani di Almansa (Castilla-La Mancha)"},"content":{"rendered":"<h1>La Festa dei Mori e dei Cristiani di Almansa (Castilla-La Mancha) <\/h1>\n<div class=\"testo\">\n<p style=\"text-align: justify\"><img loading=\"lazy\" decoding=\"async\" src=\"https:\/\/digitalhistory.unite.it\/wp-content\/uploads\/2021\/08\/castilloalmansa4__fileminimizer__250x188.jpg\" width=\"250\" height=\"188\" alt=\"Castello Almansa\" align=\"left\">Almansa \u00e8 una cittadina spagnola della Comunit\u00e0 autonoma di Castilla-La Mancha. La Sfilata dei Mori e dei Cristiani si tiene durante i festeggiamenti in onore della patrona <em>Mar\u00eda Santissima de B\u00e9len<\/em>, cui \u00e8 dedicato un pregevole santuario barocco. La festa, recentemente dichiarata di interesse turistico nazionale, rievoca da una prospettiva cattolica i tempi della &#8220;Conquista&#8221; araba della penisola e della <em>Reconquista<\/em> cristiana. La <em>Fiesta Mayor<\/em> di Almansa \u00e8 organizzata dall&#8217;<em>Agrupaci\u00f3n<\/em> <em>de comparsas de Moros y Cristianos<\/em>. Anche se le sue origini sono piuttosto recenti, la sfilata almanse\u00f1a rappresenta uno degli esempi pi\u00f9 suggestivi di questa tradizione secolare. Si tratta di una grandiosa rappresentazione teatrale che si svolge attorno all&#8217;incantevole Castello medievale, innalzato nel XIV secolo su una precedente costruzione musulmana. La cerimonia inizia il 1 maggio con l&#8217;entrata trionfale dei Mori e si conclude cinque giorni dopo con la <em>Procesi\u00f3n Mayor de Nuestra Se\u00f1ora de Bel\u00e9n<\/em>. Nella notte del 2 maggio va in scena la prima battaglia che culmina con l&#8217;occupazione della citt\u00e0 da parte dei figuranti arabi. I due giorni seguenti sono dedicati alla riscossa dei Cristiani, che il 4 maggio espugnano la fortezza. I passaggi cruciali della festa sono ricostruiti nei minini dettagli, mediante l&#8217;impiego di personaggi, indumenti e armi comunemente associati all&#8217;epopea della <em>Reconquista<\/em>.<\/p>\n<p style=\"text-align: justify\"><a href=\"\/temi\/feste-e-rituali\/le-feste-dei-mori-e-dei-cristiani-in-spagna\/\" title=\"Le Feste dei Mori e dei Cristiani in Spagna\">&lt;&lt;&lt;&#8212;pagina precedente<\/a>&nbsp;&nbsp; <a href=\"\/temi\/feste-e-rituali\/le-feste-dei-mori-e-dei-cristiani-nella-comunita-valenzana-alcoy-orihuela-villajoyosa\/\" title=\"Le Feste dei Mori e dei Cristiani nella Comunit\u00e0 Valenzana: Alcoy, Orihuela, Villajoyosa\"> pagina seguente&#8212;&gt;&gt;&gt;<\/a><\/p>\n<\/div>\n<p><\/p>\n","protected":false},"excerpt":{"rendered":"<p>La Festa dei Mori e dei Cristiani di Almansa (Castilla-La Mancha) Almansa \u00e8 una cittadina spagnola della Comunit\u00e0 autonoma di Castilla-La Mancha. La Sfilata dei Mori e dei Cristiani si tiene durante i festeggiamenti in onore della patrona Mar\u00eda Santissima de B\u00e9len, cui \u00e8 dedicato&hellip;<\/p>\n","protected":false},"author":1,"featured_media":0,"parent":5819,"menu_order":0,"comment_status":"closed","ping_status":"closed","template":"","meta":{"footnotes":""},"class_list":["post-6223","page","type-page","status-publish","hentry"],"_links":{"self":[{"href":"https:\/\/digitalhistory.unite.it\/es\/wp-json\/wp\/v2\/pages\/6223","targetHints":{"allow":["GET"]}}],"collection":[{"href":"https:\/\/digitalhistory.unite.it\/es\/wp-json\/wp\/v2\/pages"}],"about":[{"href":"https:\/\/digitalhistory.unite.it\/es\/wp-json\/wp\/v2\/types\/page"}],"author":[{"embeddable":true,"href":"https:\/\/digitalhistory.unite.it\/es\/wp-json\/wp\/v2\/users\/1"}],"replies":[{"embeddable":true,"href":"https:\/\/digitalhistory.unite.it\/es\/wp-json\/wp\/v2\/comments?post=6223"}],"version-history":[{"count":4,"href":"https:\/\/digitalhistory.unite.it\/es\/wp-json\/wp\/v2\/pages\/6223\/revisions"}],"predecessor-version":[{"id":10544,"href":"https:\/\/digitalhistory.unite.it\/es\/wp-json\/wp\/v2\/pages\/6223\/revisions\/10544"}],"up":[{"embeddable":true,"href":"https:\/\/digitalhistory.unite.it\/es\/wp-json\/wp\/v2\/pages\/5819"}],"wp:attachment":[{"href":"https:\/\/digitalhistory.unite.it\/es\/wp-json\/wp\/v2\/media?parent=6223"}],"curies":[{"name":"wp","href":"https:\/\/api.w.org\/{rel}","templated":true}]}}