{"id":6230,"date":"2021-08-20T00:03:11","date_gmt":"2021-08-19T22:03:11","guid":{"rendered":"https:\/\/digitalhistory.unite.it\/cambiamenti-lenti\/"},"modified":"2021-11-23T15:26:54","modified_gmt":"2021-11-23T14:26:54","slug":"cambiamenti-lenti","status":"publish","type":"page","link":"https:\/\/digitalhistory.unite.it\/es\/temi\/vita-materiale\/mangiare-e-bere\/cambiamenti-lenti\/","title":{"rendered":"Cambiamenti lenti"},"content":{"rendered":"<h1>Cambiamenti lenti <\/h1>\n<div class=\"testo\">\n<p style=\"text-align: justify\"><img loading=\"lazy\" decoding=\"async\" src=\"https:\/\/digitalhistory.unite.it\/wp-content\/uploads\/2021\/08\/annibale_carracci_il_mangiafagioli_342x283.jpg\" width=\"342\" height=\"283\" alt=\"Il mangiafagioli di Carracci\" align=\"left\">L&#8217;alimentazione delle popolazioni europee cambi\u00f2 certamente a seguito della scoperta delle Americhe e dei cibi da l\u00ec importati. Tuttavia, alimenti quali il pomodoro, la patata o il mais si imposero definitivamente nel regime alimentare degli occidentali al termine di un lungo processo, e definitivamente solo a partire dal XIX secolo. Altri prodotti invece si diffusero con maggiore rapidit\u00e0: nuove bevande come il caff\u00e8, il t\u00e8 e il cioccolato, prodotti e animali esotici come il peperoncino e il tacchino, o anche altri gi\u00e0 noti in Europa ma la cui produzione aument\u00f2 considerevolmente dal XVI secolo in poi, come nel caso dello zucchero.<\/p>\n<p style=\"text-align: justify\">All&#8217;interno del continente europeo, le differenze nell&#8217;alimentazione da regione a regione erano comunque notevoli, causate da vari fattori. La Riforma protestante aveva gi\u00e0 contribuito alla rottura dell&#8217;unit\u00e0 della cucina europea, favorendo la nascita di diverse cucine locali. L&#8217;ingrandimento delle citt\u00e0 favor\u00ec il passaggio da un&#8217;agricoltura di sostentamento a un&#8217;agricoltura di mercato, lo sviluppo demografico nel XVI e poi nel XVIII secolo caus\u00f2 l&#8217;estensione delle terre destinate ai cereali, mentre la maggior ricchezza dei paesi del Nord Europa pu\u00f2 in parte spiegare la maggior produzione e il maggior consumo di alcool. Sull&#8217;alimentazione delle popolazioni europee giocarono inoltre un ruolo importante le pi\u00f9 generali trasformazioni sociali e economiche: la comparsa delle recinzioni, le <em>enclosures<\/em>, in Inghilterra e la progressiva concentrazione nelle mani di pochi della propriet\u00e0 terriera a livello europeo ebbero evidenti ricadute nel modo di mangiare e di bere delle popolazioni continentali. Da un altro punto di vista, la crescente diffusione della stampa favor\u00ec la stesura e la circolazioni di libri gastronomici, testi di cucina e trattati sul corretto &#8220;stare a tavola&#8221; che contribuirono fortemente alla definizione delle diverse cucine nazionali. (immagine: <a href=\"\/territori\/percorsi-urbani\/la-napoli-di-ascanio-filomarino\/un-ambizioso-prelato\/annibale-carracci\/\" title=\"Annibale Carracci\">Annibale Carracci<\/a>, <em>Il mangiafagioli<\/em>).<\/p>\n<p style=\"text-align: justify\"><a href=\"\/temi\/vita-materiale\/\" title=\"Vita materiale\">&lt;&lt;&lt;&#8212;torna all&#8217;indice<\/a> &nbsp; <a href=\"\/temi\/vita-materiale\/mangiare-e-bere\/la-crisi-del-seicento-e-il-dominio-della-cerealicoltura\/\" title=\"La crisi del Seicento e il dominio della cerealicoltura\">pagina seguente&#8212;&gt;&gt;&gt;<\/a><\/p>\n<\/div>\n<p><\/p>\n","protected":false},"excerpt":{"rendered":"<p>Cambiamenti lenti L&#8217;alimentazione delle popolazioni europee cambi\u00f2 certamente a seguito della scoperta delle Americhe e dei cibi da l\u00ec importati. Tuttavia, alimenti quali il pomodoro, la patata o il mais si imposero definitivamente nel regime alimentare degli occidentali al termine di un lungo processo, e&hellip;<\/p>\n","protected":false},"author":1,"featured_media":0,"parent":7075,"menu_order":0,"comment_status":"closed","ping_status":"closed","template":"","meta":{"footnotes":""},"class_list":["post-6230","page","type-page","status-publish","hentry"],"_links":{"self":[{"href":"https:\/\/digitalhistory.unite.it\/es\/wp-json\/wp\/v2\/pages\/6230","targetHints":{"allow":["GET"]}}],"collection":[{"href":"https:\/\/digitalhistory.unite.it\/es\/wp-json\/wp\/v2\/pages"}],"about":[{"href":"https:\/\/digitalhistory.unite.it\/es\/wp-json\/wp\/v2\/types\/page"}],"author":[{"embeddable":true,"href":"https:\/\/digitalhistory.unite.it\/es\/wp-json\/wp\/v2\/users\/1"}],"replies":[{"embeddable":true,"href":"https:\/\/digitalhistory.unite.it\/es\/wp-json\/wp\/v2\/comments?post=6230"}],"version-history":[{"count":2,"href":"https:\/\/digitalhistory.unite.it\/es\/wp-json\/wp\/v2\/pages\/6230\/revisions"}],"predecessor-version":[{"id":10670,"href":"https:\/\/digitalhistory.unite.it\/es\/wp-json\/wp\/v2\/pages\/6230\/revisions\/10670"}],"up":[{"embeddable":true,"href":"https:\/\/digitalhistory.unite.it\/es\/wp-json\/wp\/v2\/pages\/7075"}],"wp:attachment":[{"href":"https:\/\/digitalhistory.unite.it\/es\/wp-json\/wp\/v2\/media?parent=6230"}],"curies":[{"name":"wp","href":"https:\/\/api.w.org\/{rel}","templated":true}]}}