{"id":6232,"date":"2021-08-20T00:03:11","date_gmt":"2021-08-19T22:03:11","guid":{"rendered":"https:\/\/digitalhistory.unite.it\/cibi-vecchi-e-nuovi\/"},"modified":"2021-11-23T15:26:55","modified_gmt":"2021-11-23T14:26:55","slug":"cibi-vecchi-e-nuovi","status":"publish","type":"page","link":"https:\/\/digitalhistory.unite.it\/es\/temi\/vita-materiale\/mangiare-e-bere\/cibi-vecchi-e-nuovi\/","title":{"rendered":"Cibi vecchi e nuovi"},"content":{"rendered":"<h1>Cibi vecchi e nuovi <\/h1>\n<div class=\"testo\">\n<p style=\"text-align: justify\"><img loading=\"lazy\" decoding=\"async\" src=\"https:\/\/digitalhistory.unite.it\/wp-content\/uploads\/2021\/08\/pieter_claesz__banchetto_con_frutta__ostriche_e_pasticcio_di_tacchino__1627__rijksmuseum_amsterdam_._342x193.jpg\" width=\"342\" height=\"193\" alt=\"Tacchino\" align=\"left\">Oltre al grano, altri prodotti caratterizzavano, seppur in misura inferiore, la dieta delle popolazioni europee in et\u00e0 barocca. La patata, importata dalle Americhe, rimase a lungo un alimento destinato unicamente al nutrimento degli animali, e solo nel XIX secolo divenne ingrediente fondamentale della cucina europea. Il riso, conosciuto sin dal Medioevo, venne prodotto in grande quantit\u00e0 nella pianura del Po dalla fine del XV secolo, mentre al secolo successivo risalgono l&#8217;introduzione del grano saraceno, proveniente dal nord-est d&#8217;Europa, e del mais. Il grano saraceno, consumato sotto forma di farinate, pappe, crespelle o polenta, non poteva essere utilizzato per fare il pane, ma aveva il vantaggio di crescere anche su terreni assai poveri e di poter essere mischiato ad altri tipi di frumento nelle rotazioni triennali. Il mais invece venne importato in Europa da Cristoforo Colombo nel 1493 ed in breve fu adottato nel vecchio Continente, specie nell&#8217;area mediterranea. Era infatti coltivato in <a href=\"\/territori\/percorsi-trans-nazionali\/statue-equestri-di-sovrani-spagnoli\/le-statue-equestri-e-la-monarchia-spagnola\/regno-di-castiglia\/\" title=\"Regno di Castiglia\">Castiglia<\/a>, in Andalusia, in Catalogna, in Portogallo, nella Francia del sud e nel nord d&#8217;Italia, oltre che nella Penisola balcanica. La grande produttivit\u00e0 del mais spinse molti proprietari ad aumentare l&#8217;estensione delle superfici destinate alla sua coltivazione nel corso del XVIII secolo, causando in tal modo anche la diffusione di epidemie di pellagra: la carenza di vitamina PP nel mais era infatti all&#8217;origine di questa malattia mortale che avrebbe funestato a pi\u00f9 riprese l&#8217;Europa fino al XX secolo.<\/p>\n<p style=\"text-align: justify\">Come nel caso della patata, anche il pomodoro, importato dalle Americhe, si impose sulle tavole europee solo a partire dal XVIII-XIX secolo. Pi\u00f9 rapida fortuna ebbe invece il peperoncino, che ebbe un immediato successo sia in Spagna che nell&#8217;Italia meridionale, e quel particolare tipo di volatile che <a href=\"\/temi\/vita-materiale\/mangiare-e-bere\/cibi-vecchi-e-nuovi\/hernan-cortes\/\" title=\"Hern\u00e1n Cort\u00e9s\">Hern\u00e1n Cort\u00e9s<\/a> scopr\u00ec in Messico attorno al 1520 e fece importare subito dopo in Europa. Il tacchino, o &#8220;pollo d&#8217;india&#8221;, entr\u00f2 immediatamente e stabilmente nei menu dell&#8217;alt\u00e0 societ\u00e0 europea, che apprezzava sia il gusto delle sue carni, sia il prezzo minore a cui veniva venduto rispetto agli altri grandi volatili largamente consumati nel periodo, come i cigni, i pavoni, i cormorani, le gru, le cicogne o gli aironi. Altri elementi fondamentali nell&#8217;alimentazione delle popolazioni europee erano la melanzana (gi\u00e0 importata dall&#8217;Asia nel corso del Medioevo per mano degli Arabi) e i fagioli, mentre furono a lungo associati alle fasce pi\u00f9 povere della popolazione alimenti come le rape, le castagne e le patate. Se il consumo e l&#8217;importazione del pepe conobbe una netta diminuzione nel corso dell&#8217;et\u00e0 moderna, grande fortuna ebbero invece alcune bevande importate dalle Americhe e dall&#8217;Oriente. In Spagna e nell&#8217;Italia spagnola, in particolare, ebbero grande successo il cioccolato (scoperto in Messico dagli Spagnoli e ben presto zuccherato, anzich\u00e9 insaporito con spezie piccanti come usavano fare gli <em>Indios<\/em>) e il caff\u00e8 (che i Turchi introdussero in Europa dall&#8217;Etiopia e dallo Yemen, trovando negli italiani tra il XVI e il XVII secolo i suoi primi entusiastici consumatori). Nel nord Europa, e in particolare in Inghilterra, si impose invece il t\u00e8, la cui diffusione, assieme a quella del cioccolato e del caff\u00e8, comport\u00f2 sia un deciso aumento della produzione e del consumo di zucchero, sia la creazione di grandi piantagioni di canna da zucchero nelle torre colonizzate dagli Europei (soprattutto in Brasile). Moltissimi schiavi neri, prelevati in Africa, costituirono la forza lavoro necessaria per soddisfare la domanda di zucchero proveniente dall&#8217;Europa. (immagine: Pieter Claesz, <em>Banchetto con frutta ostriche e pasticcio di tacchino<\/em>).<\/p>\n<p style=\"text-align: justify\"><a href=\"\/temi\/vita-materiale\/mangiare-e-bere\/la-crisi-del-seicento-e-il-dominio-della-cerealicoltura\/\" title=\"La crisi del Seicento e il dominio della cerealicoltura\">&lt;&lt;&lt;&#8212;pagina precedente<\/a> &nbsp; <a href=\"\/temi\/vita-materiale\/mangiare-e-bere\/il-cibo-e-la-tavola-nellalta-societa\/\" title=\"Il cibo e la tavola nell'alta societ\u00e0\">pagina seguente&#8212;&gt;&gt;&gt;<\/a><\/p>\n<\/div>\n<p><\/p>\n","protected":false},"excerpt":{"rendered":"<p>Cibi vecchi e nuovi Oltre al grano, altri prodotti caratterizzavano, seppur in misura inferiore, la dieta delle popolazioni europee in et\u00e0 barocca. La patata, importata dalle Americhe, rimase a lungo un alimento destinato unicamente al nutrimento degli animali, e solo nel XIX secolo divenne ingrediente&hellip;<\/p>\n","protected":false},"author":1,"featured_media":0,"parent":7075,"menu_order":0,"comment_status":"closed","ping_status":"closed","template":"","meta":{"footnotes":""},"class_list":["post-6232","page","type-page","status-publish","hentry"],"_links":{"self":[{"href":"https:\/\/digitalhistory.unite.it\/es\/wp-json\/wp\/v2\/pages\/6232","targetHints":{"allow":["GET"]}}],"collection":[{"href":"https:\/\/digitalhistory.unite.it\/es\/wp-json\/wp\/v2\/pages"}],"about":[{"href":"https:\/\/digitalhistory.unite.it\/es\/wp-json\/wp\/v2\/types\/page"}],"author":[{"embeddable":true,"href":"https:\/\/digitalhistory.unite.it\/es\/wp-json\/wp\/v2\/users\/1"}],"replies":[{"embeddable":true,"href":"https:\/\/digitalhistory.unite.it\/es\/wp-json\/wp\/v2\/comments?post=6232"}],"version-history":[{"count":2,"href":"https:\/\/digitalhistory.unite.it\/es\/wp-json\/wp\/v2\/pages\/6232\/revisions"}],"predecessor-version":[{"id":10671,"href":"https:\/\/digitalhistory.unite.it\/es\/wp-json\/wp\/v2\/pages\/6232\/revisions\/10671"}],"up":[{"embeddable":true,"href":"https:\/\/digitalhistory.unite.it\/es\/wp-json\/wp\/v2\/pages\/7075"}],"wp:attachment":[{"href":"https:\/\/digitalhistory.unite.it\/es\/wp-json\/wp\/v2\/media?parent=6232"}],"curies":[{"name":"wp","href":"https:\/\/api.w.org\/{rel}","templated":true}]}}