{"id":6235,"date":"2021-08-19T22:03:11","date_gmt":"2021-08-19T20:03:11","guid":{"rendered":"https:\/\/digitalhistory.unite.it\/il-simbolo-del-cammello\/"},"modified":"2021-11-23T15:26:41","modified_gmt":"2021-11-23T14:26:41","slug":"il-simbolo-del-cammello","status":"publish","type":"page","link":"https:\/\/digitalhistory.unite.it\/es\/temi\/feste-e-rituali\/il-cammello-tra-sicilia-e-calabria\/il-simbolo-del-cammello\/","title":{"rendered":"Il simbolo del cammello"},"content":{"rendered":"<h1>Il simbolo del cammello <\/h1>\n<div class=\"testo\">\n<p style=\"text-align: justify\">In generale, sappiamo come il cammello per la cultura europea sia il simbolo della ricchezza e del paganesimo orientale. Nel <em>Levitico<\/em> (11:4) e nel <em>Deuteronomio<\/em> (14:7), esso \u00e8 classificato come un animale impuro o immondo \u00abperch\u00e9 rumina e non ha l&#8217;unghia spartita\u00bb e che, per tali motivi, \u00e8 proibito mangiare. Nello <em>Zohar<\/em>, il libro della tradizione cabalistica ebraica, i \u00abcammelli volanti\u00bb sono paragonati ai draghi e ai serpenti alati, guardiani del Paradiso terrestre. Sempre secondo lo <em>Zohar<\/em>, il serpente della tentazione sarebbe stato un \u00abcammello volante\u00bb. Peraltro, l&#8217;assonanza tra il cammello e il serpente rituale trova dei riscontri nel panorama festivo siciliano. A Butera, in provincia di Caltanissetta, ogni anno a met\u00e0 agosto, durante la Festa di San Rocco, si esibisce <em>&#8216;u sirpintazzu<\/em> (il serpente): un animale mostruoso met\u00e0 pesce e met\u00e0 uccello, raffigurato da una tela colorata indossata da un portatore. Si dice che la carcassa gigantesca del serpente sia stata rinvenuta accanto al corpo di San Biagio, similmente a quanto riferito nella leggenda dei Giganti di Mistretta. Di analogia in analogia, scopriamo che il comportamento furfantesco e accaparratore di questo strano mostro \u00e8 simile a quello del cammello di Messina e del gigantello di Mistretta. Al punto da pensare che, dietro queste diverse raffigurazioni, ci sia la volont\u00e0 di rappresentare l&#8217;addomesticamento di un&#8217;entit\u00e0 minacciosa (un nemico pi\u00f9 o meno reale) o l&#8217;infrazione rituale e carnevalesca delle regole sociali.<\/p>\n<\/div>\n<p><\/p>\n","protected":false},"excerpt":{"rendered":"<p>Il simbolo del cammello In generale, sappiamo come il cammello per la cultura europea sia il simbolo della ricchezza e del paganesimo orientale. Nel Levitico (11:4) e nel Deuteronomio (14:7), esso \u00e8 classificato come un animale impuro o immondo \u00abperch\u00e9 rumina e non ha l&#8217;unghia&hellip;<\/p>\n","protected":false},"author":1,"featured_media":0,"parent":5828,"menu_order":0,"comment_status":"closed","ping_status":"closed","template":"","meta":{"footnotes":""},"class_list":["post-6235","page","type-page","status-publish","hentry"],"_links":{"self":[{"href":"https:\/\/digitalhistory.unite.it\/es\/wp-json\/wp\/v2\/pages\/6235","targetHints":{"allow":["GET"]}}],"collection":[{"href":"https:\/\/digitalhistory.unite.it\/es\/wp-json\/wp\/v2\/pages"}],"about":[{"href":"https:\/\/digitalhistory.unite.it\/es\/wp-json\/wp\/v2\/types\/page"}],"author":[{"embeddable":true,"href":"https:\/\/digitalhistory.unite.it\/es\/wp-json\/wp\/v2\/users\/1"}],"replies":[{"embeddable":true,"href":"https:\/\/digitalhistory.unite.it\/es\/wp-json\/wp\/v2\/comments?post=6235"}],"version-history":[{"count":2,"href":"https:\/\/digitalhistory.unite.it\/es\/wp-json\/wp\/v2\/pages\/6235\/revisions"}],"predecessor-version":[{"id":10526,"href":"https:\/\/digitalhistory.unite.it\/es\/wp-json\/wp\/v2\/pages\/6235\/revisions\/10526"}],"up":[{"embeddable":true,"href":"https:\/\/digitalhistory.unite.it\/es\/wp-json\/wp\/v2\/pages\/5828"}],"wp:attachment":[{"href":"https:\/\/digitalhistory.unite.it\/es\/wp-json\/wp\/v2\/media?parent=6235"}],"curies":[{"name":"wp","href":"https:\/\/api.w.org\/{rel}","templated":true}]}}