{"id":6236,"date":"2021-08-19T22:03:11","date_gmt":"2021-08-19T20:03:11","guid":{"rendered":"https:\/\/digitalhistory.unite.it\/il-camiddu-di-messina\/"},"modified":"2021-11-23T15:26:41","modified_gmt":"2021-11-23T14:26:41","slug":"il-camiddu-di-messina","status":"publish","type":"page","link":"https:\/\/digitalhistory.unite.it\/es\/temi\/feste-e-rituali\/il-cammello-tra-sicilia-e-calabria\/il-camiddu-di-messina\/","title":{"rendered":"Il Camiddu di Messina"},"content":{"rendered":"<h1>Il Camiddu di Messina <\/h1>\n<div class=\"testo\">\n<p style=\"text-align: justify\">Originariamente figurato come una pelle indossata da due portatori, oggi sorretta da uno scheletro ligneo pi\u00f9 rigido, il cammello di Messina \u00e8 l&#8217;animale su cui il Conte Ruggero sarebbe entrato a Messina dopo aver sconfitto gli arabi, ovvero su cui i normanni avrebbero trasportato in citt\u00e0 il bottino di guerra. Alcuni scrittori antichi sostennero di aver visto sfilare il cammello davanti o al fianco della <em>Vara<\/em> (il fercolo barocco su cui \u00e8 portata in processione la Madonna dell&#8217;Assunta a met\u00e0 agosto), interpretandolo cos\u00ec come un simbolo della nativit\u00e0. Oggi, il cammello messinese, mutato il contesto simbolico in cui era stato pensato, si ritrova ai margini di una scenografia festiva in cui risaltano maggiormente i giganti e la magnifica <em>Vara<\/em> dell&#8217;Assunta. Il suo equivalente calabrese, invece, essendosi adattato al gusto contemporaneo (in particolar modo grazie all&#8217;allestimento dei fuochi pirotecnici sulla sua carcassa), gode di un maggiore protagonismo.<\/p>\n<\/div>\n<p><\/p>\n","protected":false},"excerpt":{"rendered":"<p>Il Camiddu di Messina Originariamente figurato come una pelle indossata da due portatori, oggi sorretta da uno scheletro ligneo pi\u00f9 rigido, il cammello di Messina \u00e8 l&#8217;animale su cui il Conte Ruggero sarebbe entrato a Messina dopo aver sconfitto gli arabi, ovvero su cui i&hellip;<\/p>\n","protected":false},"author":1,"featured_media":0,"parent":5828,"menu_order":0,"comment_status":"closed","ping_status":"closed","template":"","meta":{"footnotes":""},"class_list":["post-6236","page","type-page","status-publish","hentry"],"_links":{"self":[{"href":"https:\/\/digitalhistory.unite.it\/es\/wp-json\/wp\/v2\/pages\/6236","targetHints":{"allow":["GET"]}}],"collection":[{"href":"https:\/\/digitalhistory.unite.it\/es\/wp-json\/wp\/v2\/pages"}],"about":[{"href":"https:\/\/digitalhistory.unite.it\/es\/wp-json\/wp\/v2\/types\/page"}],"author":[{"embeddable":true,"href":"https:\/\/digitalhistory.unite.it\/es\/wp-json\/wp\/v2\/users\/1"}],"replies":[{"embeddable":true,"href":"https:\/\/digitalhistory.unite.it\/es\/wp-json\/wp\/v2\/comments?post=6236"}],"version-history":[{"count":2,"href":"https:\/\/digitalhistory.unite.it\/es\/wp-json\/wp\/v2\/pages\/6236\/revisions"}],"predecessor-version":[{"id":10523,"href":"https:\/\/digitalhistory.unite.it\/es\/wp-json\/wp\/v2\/pages\/6236\/revisions\/10523"}],"up":[{"embeddable":true,"href":"https:\/\/digitalhistory.unite.it\/es\/wp-json\/wp\/v2\/pages\/5828"}],"wp:attachment":[{"href":"https:\/\/digitalhistory.unite.it\/es\/wp-json\/wp\/v2\/media?parent=6236"}],"curies":[{"name":"wp","href":"https:\/\/api.w.org\/{rel}","templated":true}]}}