{"id":6240,"date":"2021-08-19T22:03:11","date_gmt":"2021-08-19T20:03:11","guid":{"rendered":"https:\/\/digitalhistory.unite.it\/il-cavallo-al-posto-del-cammello\/"},"modified":"2021-11-23T15:26:41","modified_gmt":"2021-11-23T14:26:41","slug":"il-cavallo-al-posto-del-cammello","status":"publish","type":"page","link":"https:\/\/digitalhistory.unite.it\/es\/temi\/feste-e-rituali\/il-cammello-tra-sicilia-e-calabria\/il-cavallo-al-posto-del-cammello\/","title":{"rendered":"Il cavallo al posto del cammello"},"content":{"rendered":"<h1>Il cavallo al posto del cammello <\/h1>\n<div class=\"testo\">\n<p style=\"text-align: justify\">Anche il cavallo vanta in Europa una storia simbolica altrettanto antica: si pensi, ad esempio, al cosiddetto <em>cheval-jupon<\/em> franco-belga (un cavallo di stoffa, indossato da un cavaliere a mo&#8217; di salvagente), che ritroviamo anche a Seminara, e al mitico <em>Cavallo Baiardo<\/em> (il destriero magico cavalcato dai quattro figli di Aimone, descritto nel ciclo di Carlo Magno). A L\u00e9au, una citt\u00e0 belga del Brabante fiammingo, la presenza del cammello \u00e8 attestata sin dal XVI secolo, insieme ad un gigante Golia, al leone, al cavallo Baiardo e ad uno <em>cheval-jupon<\/em>. La similitudine tra il cammello meridionale e il cavallo Baiardo \u00e8 giustificata soprattutto nei casi in cui l&#8217;animale esotico \u00e8 sormontato dalla piccola figura del moro. In altri casi, quando l&#8217;identit\u00e0 della strana figura \u00e8 associata a quella di un diavoletto, potrebbe esserci invece un&#8217;assonanza con il fantoccio di Anna Bolena che siede sulla famosa <em>Tarasque<\/em> o <em>Tarasca<\/em> franco-spagnola (un mostro mitologico dal corpo di tartaruga e con la testa di leone). \u00c8 interessante notare come nell&#8217;<em>ommegang<\/em> (processione) di Termonde, nel Belgio fiammingo, il cammello sormontato dal piccolo moro sia parte di una variegata scenografia composta da giganti e animali fantastici.<\/p>\n<\/div>\n<p><\/p>\n","protected":false},"excerpt":{"rendered":"<p>Il cavallo al posto del cammello Anche il cavallo vanta in Europa una storia simbolica altrettanto antica: si pensi, ad esempio, al cosiddetto cheval-jupon franco-belga (un cavallo di stoffa, indossato da un cavaliere a mo&#8217; di salvagente), che ritroviamo anche a Seminara, e al mitico&hellip;<\/p>\n","protected":false},"author":1,"featured_media":0,"parent":5828,"menu_order":0,"comment_status":"closed","ping_status":"closed","template":"","meta":{"footnotes":""},"class_list":["post-6240","page","type-page","status-publish","hentry"],"_links":{"self":[{"href":"https:\/\/digitalhistory.unite.it\/es\/wp-json\/wp\/v2\/pages\/6240","targetHints":{"allow":["GET"]}}],"collection":[{"href":"https:\/\/digitalhistory.unite.it\/es\/wp-json\/wp\/v2\/pages"}],"about":[{"href":"https:\/\/digitalhistory.unite.it\/es\/wp-json\/wp\/v2\/types\/page"}],"author":[{"embeddable":true,"href":"https:\/\/digitalhistory.unite.it\/es\/wp-json\/wp\/v2\/users\/1"}],"replies":[{"embeddable":true,"href":"https:\/\/digitalhistory.unite.it\/es\/wp-json\/wp\/v2\/comments?post=6240"}],"version-history":[{"count":2,"href":"https:\/\/digitalhistory.unite.it\/es\/wp-json\/wp\/v2\/pages\/6240\/revisions"}],"predecessor-version":[{"id":10525,"href":"https:\/\/digitalhistory.unite.it\/es\/wp-json\/wp\/v2\/pages\/6240\/revisions\/10525"}],"up":[{"embeddable":true,"href":"https:\/\/digitalhistory.unite.it\/es\/wp-json\/wp\/v2\/pages\/5828"}],"wp:attachment":[{"href":"https:\/\/digitalhistory.unite.it\/es\/wp-json\/wp\/v2\/media?parent=6240"}],"curies":[{"name":"wp","href":"https:\/\/api.w.org\/{rel}","templated":true}]}}