{"id":6244,"date":"2021-08-19T22:03:11","date_gmt":"2021-08-19T20:03:11","guid":{"rendered":"https:\/\/digitalhistory.unite.it\/la-cosmogonia-esiodea-per-spiegare-lorigine-dei-giganti-di-messina\/"},"modified":"2021-11-23T15:26:38","modified_gmt":"2021-11-23T14:26:38","slug":"la-cosmogonia-esiodea-per-spiegare-lorigine-dei-giganti-di-messina","status":"publish","type":"page","link":"https:\/\/digitalhistory.unite.it\/es\/temi\/feste-e-rituali\/i-giganti-di-messina\/la-cosmogonia-esiodea-per-spiegare-lorigine-dei-giganti-di-messina\/","title":{"rendered":"La cosmogonia esiodea per spiegare l&#8217;origine dei giganti di Messina"},"content":{"rendered":"<h1>La cosmogonia esiodea per spiegare l&#8217;origine dei giganti di Messina <\/h1>\n<div class=\"testo\">\n<p style=\"text-align: justify\">Sin dal XVI secolo, gli eruditi hanno attinto al canovaccio delle cosmogonie classiche e, in particolare, alla <em>Teogonia<\/em> di Esiodo per spiegare l&#8217;origine dei giganti messinesi. Stranamente, invece, poca attenzione \u00e8 stata riservata, a dispetto di quanto accaduto nel resto dell&#8217;Europa, a quei passi delle Sacre Scritture che parlano dei primi abitatori della Terra, i giganti antidiluviani, alla <em>Leggenda Aurea<\/em> di Jacopo da Varagine, che narra la storia del colosso San Cristoforo e, infine, ai celeberrimi Golia e Sansone. La versione mitologia considera i giganti messinesi figli delle divinit\u00e0 primordiali Gea, la dea Terra, e Urano, il suo figlio-marito. La storia della loro travagliata unione \u00e8 chiamata in causa per dimostrare il legame concreto con la citt\u00e0 dello Stretto: la falce con cui Crono evir\u00f2 il padre Urano sarebbe ricaduta, secondo la leggenda, nel mare di Messina, che non a caso era nota ai Greci col nome di Zancle, ovvero Falce, per via della peculiare forma del suo golfo. Sulla base di tale racconto, Crono-Saturno e sua moglie Rea-Cibele sono considerati i fondatori di Messina, a cui la citt\u00e0 avrebbe dedicato nel Cinquecento i due giganteschi simulacri equestri.<\/p>\n<\/div>\n<p><\/p>\n","protected":false},"excerpt":{"rendered":"<p>La cosmogonia esiodea per spiegare l&#8217;origine dei giganti di Messina Sin dal XVI secolo, gli eruditi hanno attinto al canovaccio delle cosmogonie classiche e, in particolare, alla Teogonia di Esiodo per spiegare l&#8217;origine dei giganti messinesi. Stranamente, invece, poca attenzione \u00e8 stata riservata, a dispetto&hellip;<\/p>\n","protected":false},"author":1,"featured_media":0,"parent":5829,"menu_order":0,"comment_status":"closed","ping_status":"closed","template":"","meta":{"footnotes":""},"class_list":["post-6244","page","type-page","status-publish","hentry"],"_links":{"self":[{"href":"https:\/\/digitalhistory.unite.it\/es\/wp-json\/wp\/v2\/pages\/6244","targetHints":{"allow":["GET"]}}],"collection":[{"href":"https:\/\/digitalhistory.unite.it\/es\/wp-json\/wp\/v2\/pages"}],"about":[{"href":"https:\/\/digitalhistory.unite.it\/es\/wp-json\/wp\/v2\/types\/page"}],"author":[{"embeddable":true,"href":"https:\/\/digitalhistory.unite.it\/es\/wp-json\/wp\/v2\/users\/1"}],"replies":[{"embeddable":true,"href":"https:\/\/digitalhistory.unite.it\/es\/wp-json\/wp\/v2\/comments?post=6244"}],"version-history":[{"count":2,"href":"https:\/\/digitalhistory.unite.it\/es\/wp-json\/wp\/v2\/pages\/6244\/revisions"}],"predecessor-version":[{"id":10483,"href":"https:\/\/digitalhistory.unite.it\/es\/wp-json\/wp\/v2\/pages\/6244\/revisions\/10483"}],"up":[{"embeddable":true,"href":"https:\/\/digitalhistory.unite.it\/es\/wp-json\/wp\/v2\/pages\/5829"}],"wp:attachment":[{"href":"https:\/\/digitalhistory.unite.it\/es\/wp-json\/wp\/v2\/media?parent=6244"}],"curies":[{"name":"wp","href":"https:\/\/api.w.org\/{rel}","templated":true}]}}