{"id":6245,"date":"2021-08-19T22:03:11","date_gmt":"2021-08-19T20:03:11","guid":{"rendered":"https:\/\/digitalhistory.unite.it\/altre-teorie-sullorigine-dei-giganti-messinesi\/"},"modified":"2021-11-23T15:26:37","modified_gmt":"2021-11-23T14:26:37","slug":"altre-teorie-sullorigine-dei-giganti-messinesi","status":"publish","type":"page","link":"https:\/\/digitalhistory.unite.it\/es\/temi\/feste-e-rituali\/i-giganti-di-messina\/altre-teorie-sullorigine-dei-giganti-messinesi\/","title":{"rendered":"Altre teorie sull&#8217;origine dei giganti messinesi"},"content":{"rendered":"<h1>Altre teorie sull&#8217;origine dei giganti messinesi <\/h1>\n<div class=\"testo\">\n<p style=\"text-align: justify\">In uno scritto cinquecentesco dell&#8217;erudito Francesco Maurolico, il gigante \u00e8 identificato con la figura di re Zancloto (il cui nome, come nota lo stesso autore, \u00e8 un evidente riferimento alla falce di Saturno), leggendario fondatore della citt\u00e0 (coadiuvato nell&#8217;impresa dal gigante Orione) di origine etiope. Nei primi anni del Seicento, Costanzo Giuseppe Buonfiglio, pugnace sostenitore nei suoi scritti di storia della superiorit\u00e0 messinese rispetto alla rivale Palermo, pur considerando anch&#8217;egli i due giganti i come i progenitori di Messina, li chiam\u00f2 Cam e Rea. A suo dire, il riferimento al figlio di No\u00e8 capostipite delle stirpi africane sarebbe suffragato dal colore scuro della pelle del gigante maschio.<\/p>\n<p style=\"text-align: justify\">Nonostante questa intensa attivit\u00e0 mitografica, la versione che a tutt&#8217;oggi riscuote pi\u00f9 successo \u00e8 quella ambientata al tempo di Ruggero d&#8217;Altavilla. I motivi di questa preponderanza sono dovuti probabilmente alla possibilit\u00e0 di integrare in tale quadro storico anche l&#8217;enigmatica figura del cammello. Questo dato di fatto, tuttavia, non ha impedito il realizzarsi di una commistione tra la leggenda storica medievale e i temi tratti dalla cosmogonia: i due giganti passano in modo disinvolto dall&#8217;epopea mitologica ad un regime di storicit\u00e0 leggendario, permettendo ai loro spettatori di legare il momento genetico della citt\u00e0 sia all&#8217;origine della storia universale (attraverso il mito di Saturno), sia alla fondazione del Regno, attraverso la leggenda di Ruggero.<\/p>\n<\/div>\n<p><\/p>\n","protected":false},"excerpt":{"rendered":"<p>Altre teorie sull&#8217;origine dei giganti messinesi In uno scritto cinquecentesco dell&#8217;erudito Francesco Maurolico, il gigante \u00e8 identificato con la figura di re Zancloto (il cui nome, come nota lo stesso autore, \u00e8 un evidente riferimento alla falce di Saturno), leggendario fondatore della citt\u00e0 (coadiuvato nell&#8217;impresa&hellip;<\/p>\n","protected":false},"author":1,"featured_media":0,"parent":5829,"menu_order":0,"comment_status":"closed","ping_status":"closed","template":"","meta":{"footnotes":""},"class_list":["post-6245","page","type-page","status-publish","hentry"],"_links":{"self":[{"href":"https:\/\/digitalhistory.unite.it\/es\/wp-json\/wp\/v2\/pages\/6245","targetHints":{"allow":["GET"]}}],"collection":[{"href":"https:\/\/digitalhistory.unite.it\/es\/wp-json\/wp\/v2\/pages"}],"about":[{"href":"https:\/\/digitalhistory.unite.it\/es\/wp-json\/wp\/v2\/types\/page"}],"author":[{"embeddable":true,"href":"https:\/\/digitalhistory.unite.it\/es\/wp-json\/wp\/v2\/users\/1"}],"replies":[{"embeddable":true,"href":"https:\/\/digitalhistory.unite.it\/es\/wp-json\/wp\/v2\/comments?post=6245"}],"version-history":[{"count":2,"href":"https:\/\/digitalhistory.unite.it\/es\/wp-json\/wp\/v2\/pages\/6245\/revisions"}],"predecessor-version":[{"id":10480,"href":"https:\/\/digitalhistory.unite.it\/es\/wp-json\/wp\/v2\/pages\/6245\/revisions\/10480"}],"up":[{"embeddable":true,"href":"https:\/\/digitalhistory.unite.it\/es\/wp-json\/wp\/v2\/pages\/5829"}],"wp:attachment":[{"href":"https:\/\/digitalhistory.unite.it\/es\/wp-json\/wp\/v2\/media?parent=6245"}],"curies":[{"name":"wp","href":"https:\/\/api.w.org\/{rel}","templated":true}]}}