{"id":6246,"date":"2021-08-19T22:03:11","date_gmt":"2021-08-19T20:03:11","guid":{"rendered":"https:\/\/digitalhistory.unite.it\/un-piccolo-gigante-nelle-processioni-del-passato-di-mistretta\/"},"modified":"2021-11-23T15:26:38","modified_gmt":"2021-11-23T14:26:38","slug":"un-piccolo-gigante-nelle-processioni-del-passato-di-mistretta","status":"publish","type":"page","link":"https:\/\/digitalhistory.unite.it\/es\/temi\/feste-e-rituali\/i-giganti-di-mistretta-messina\/un-piccolo-gigante-nelle-processioni-del-passato-di-mistretta\/","title":{"rendered":"Un piccolo gigante nelle processioni del passato di Mistretta"},"content":{"rendered":"<h1>Un piccolo gigante nelle processioni del passato di Mistretta <\/h1>\n<div class=\"testo\">\n<p style=\"text-align: justify\">I ricordi delle gente, suffragati da alcune fonti storiche, attestano la presenza di un piccolo gigante nelle processioni del passato. Questo fatto non deve stupirci; viceversa, \u00e8 sorprendente la sua precoce scomparsa. Infatti, la costruzione di una famiglia di giganti attorno ad un colosso originario \u00e8 una consuetudine europea risalente alla prima et\u00e0 moderna, che oggi \u00e8 molto diffusa tra Francia e Belgio e che in Spagna \u00e8 testimoniata dalla presenza dei famosissimi <em>cabezudos<\/em> (i nani dalle enormi teste che affiancano i giganti). Del resto, anche la descrizione delle fattezze del gigantello, costituito da \u00abuna sproporzionata testa in cartapesta\u00bb indossata da un giovane, sembra avvalorare l&#8217;ipotesi di una sua somiglianza con le teste grosse spagnole (ancora oggi affidate ai bambini). \u00c8 per\u00f2 il profilo deforme e maligno, la natura trasgressiva e accaparratrice del <em>figghiu d&#8217;i Giasanti<\/em> (il figlio dei Giganti) a distinguerlo dalla prole gigantesca europea. Il piccolo gigante di Mistretta, infatti, non si limitava a seguire i genitori nella sfilata, ma si lasciava andare a scherzi, capricci e ruberie, tali da causare lamentele e proteste. Uno dei restauratori di Cronos e Mitia sostiene che la funzione del figlio dei giganti possa essere associata a quella del cammello, diffuso a Messina e in diverse localit\u00e0 calabresi, a cui pure le fonti associano gesta furfantesche: \u00absi tratta della posa in essere di rituali di disordine controllato, ovvero di sospensione della norma attraverso una temporanea (e fittizia) ridistribuzione dei beni\u00bb. In Calabria, a volte, il figlio dei giganti \u00e8 collocato sul dorso dell&#8217;animale esotico.<\/p>\n<\/div>\n<p><\/p>\n","protected":false},"excerpt":{"rendered":"<p>Un piccolo gigante nelle processioni del passato di Mistretta I ricordi delle gente, suffragati da alcune fonti storiche, attestano la presenza di un piccolo gigante nelle processioni del passato. Questo fatto non deve stupirci; viceversa, \u00e8 sorprendente la sua precoce scomparsa. Infatti, la costruzione di&hellip;<\/p>\n","protected":false},"author":1,"featured_media":0,"parent":5831,"menu_order":0,"comment_status":"closed","ping_status":"closed","template":"","meta":{"footnotes":""},"class_list":["post-6246","page","type-page","status-publish","hentry"],"_links":{"self":[{"href":"https:\/\/digitalhistory.unite.it\/es\/wp-json\/wp\/v2\/pages\/6246","targetHints":{"allow":["GET"]}}],"collection":[{"href":"https:\/\/digitalhistory.unite.it\/es\/wp-json\/wp\/v2\/pages"}],"about":[{"href":"https:\/\/digitalhistory.unite.it\/es\/wp-json\/wp\/v2\/types\/page"}],"author":[{"embeddable":true,"href":"https:\/\/digitalhistory.unite.it\/es\/wp-json\/wp\/v2\/users\/1"}],"replies":[{"embeddable":true,"href":"https:\/\/digitalhistory.unite.it\/es\/wp-json\/wp\/v2\/comments?post=6246"}],"version-history":[{"count":2,"href":"https:\/\/digitalhistory.unite.it\/es\/wp-json\/wp\/v2\/pages\/6246\/revisions"}],"predecessor-version":[{"id":10488,"href":"https:\/\/digitalhistory.unite.it\/es\/wp-json\/wp\/v2\/pages\/6246\/revisions\/10488"}],"up":[{"embeddable":true,"href":"https:\/\/digitalhistory.unite.it\/es\/wp-json\/wp\/v2\/pages\/5831"}],"wp:attachment":[{"href":"https:\/\/digitalhistory.unite.it\/es\/wp-json\/wp\/v2\/media?parent=6246"}],"curies":[{"name":"wp","href":"https:\/\/api.w.org\/{rel}","templated":true}]}}