{"id":6247,"date":"2021-08-19T22:03:11","date_gmt":"2021-08-19T20:03:11","guid":{"rendered":"https:\/\/digitalhistory.unite.it\/barcellona\/"},"modified":"2021-11-23T15:26:39","modified_gmt":"2021-11-23T14:26:39","slug":"barcellona","status":"publish","type":"page","link":"https:\/\/digitalhistory.unite.it\/es\/temi\/feste-e-rituali\/i-giganti-in-spagna\/barcellona\/","title":{"rendered":"Barcellona"},"content":{"rendered":"<h1>Barcellona <\/h1>\n<div class=\"testo\">\n<p style=\"text-align: justify\"><img loading=\"lazy\" decoding=\"async\" src=\"https:\/\/digitalhistory.unite.it\/wp-content\/uploads\/2021\/08\/barcellona_pla_a_reial_251x188.jpg\" width=\"251\" height=\"188\" alt=\"Barcellona\" align=\"left\">Nella prima et\u00e0 moderna, Barcellona fu un rilevante centro di produzione tessile e un importante porto commerciale del Mediterraneo. A seguito dell&#8217;unione dinastica tra il sovrano aragonese Ferdinando il Cattolico (1452-1516) e Isabella di Castiglia (1451-1504), a partire dagli inizi del XVI secolo la Catalogna entr\u00f2 a far parte della nuova monarchia spagnola. Barcellona conserv\u00f2 gelosamente le sue istituzioni di autogoverno contro la volont\u00e0 di accentramento prima aragonese e poi spagnola, fino a rivoltarsi nel 1640 contro la politica di Filippo IV (1605-1665) e del suo ministro-favorito, il conte-duca di Olivares (1587-1645). I rivoltosi tentarono di separarsi dalla Spagna, offrendo il titolo di duca a Luigi XIII di Francia (1601-1643). Nel 1652, l&#8217;assedio delle truppe castigliane costrinse alla resa una citt\u00e0 gi\u00e0 indebolita dalla peste (1651-54) e ridotta a un terzo della sua popolazione. La capitale catalana torn\u00f2 a sollevarsi invano nel 1704, durante la Guerra di Successione spagnola (1701-1713), contro l&#8217;instaurazione della dinastia dei Borbone. Filippo V (1683-1746) riconquist\u00f2 Barcellona e le tolse definitivamente l&#8217;autonomia (nella foto: Pla\u00e7a Reial, Barcellona).<\/p>\n<\/div>\n<p><\/p>\n","protected":false},"excerpt":{"rendered":"<p>Barcellona Nella prima et\u00e0 moderna, Barcellona fu un rilevante centro di produzione tessile e un importante porto commerciale del Mediterraneo. A seguito dell&#8217;unione dinastica tra il sovrano aragonese Ferdinando il Cattolico (1452-1516) e Isabella di Castiglia (1451-1504), a partire dagli inizi del XVI secolo la&hellip;<\/p>\n","protected":false},"author":1,"featured_media":0,"parent":6181,"menu_order":0,"comment_status":"closed","ping_status":"closed","template":"","meta":{"footnotes":""},"class_list":["post-6247","page","type-page","status-publish","hentry"],"_links":{"self":[{"href":"https:\/\/digitalhistory.unite.it\/es\/wp-json\/wp\/v2\/pages\/6247","targetHints":{"allow":["GET"]}}],"collection":[{"href":"https:\/\/digitalhistory.unite.it\/es\/wp-json\/wp\/v2\/pages"}],"about":[{"href":"https:\/\/digitalhistory.unite.it\/es\/wp-json\/wp\/v2\/types\/page"}],"author":[{"embeddable":true,"href":"https:\/\/digitalhistory.unite.it\/es\/wp-json\/wp\/v2\/users\/1"}],"replies":[{"embeddable":true,"href":"https:\/\/digitalhistory.unite.it\/es\/wp-json\/wp\/v2\/comments?post=6247"}],"version-history":[{"count":2,"href":"https:\/\/digitalhistory.unite.it\/es\/wp-json\/wp\/v2\/pages\/6247\/revisions"}],"predecessor-version":[{"id":10502,"href":"https:\/\/digitalhistory.unite.it\/es\/wp-json\/wp\/v2\/pages\/6247\/revisions\/10502"}],"up":[{"embeddable":true,"href":"https:\/\/digitalhistory.unite.it\/es\/wp-json\/wp\/v2\/pages\/6181"}],"wp:attachment":[{"href":"https:\/\/digitalhistory.unite.it\/es\/wp-json\/wp\/v2\/media?parent=6247"}],"curies":[{"name":"wp","href":"https:\/\/api.w.org\/{rel}","templated":true}]}}