{"id":6249,"date":"2021-08-19T22:03:12","date_gmt":"2021-08-19T20:03:12","guid":{"rendered":"https:\/\/digitalhistory.unite.it\/jaume-i-daragona\/"},"modified":"2021-11-23T15:26:39","modified_gmt":"2021-11-23T14:26:39","slug":"jaume-i-daragona","status":"publish","type":"page","link":"https:\/\/digitalhistory.unite.it\/es\/temi\/feste-e-rituali\/i-giganti-in-catalogna\/i-giganti-di-barcellona\/jaume-i-daragona\/","title":{"rendered":"Jaume I d&#8217;Aragona"},"content":{"rendered":"<h1>Jaume I d&#8217;Aragona <\/h1>\n<div class=\"testo\">\n<p style=\"text-align: justify\">Jaume I d&#8217;Aragona, detto il Conquistatore (1208-1276) pass\u00f2 la sua infanzia sotto la tutela dei Cavalieri Templari dopo la morte del padre Pietro II d&#8217;Aragona nel 1213. Re d&#8217;Aragona e conte di Barcellona da quella data, Jaume eredit\u00f2 nel 1219, per via materna, le signorie di Montpellier, Carlad\u00e8s e di altri feudi in Occitania. Il giovane sovrano si guadagn\u00f2 in seguito il soprannome di Conquistatore grazie alle imprese militari con le quali un\u00ec ai suoi domini le isole di Mallorca (1230), Minorca (1231), Ibiza e Formentera (1235), nonch\u00e9 il regno di Valencia (1238), strappandoli al dominio mussulmano. Decise tuttavia di mantenere separati a livello amministrativo i regni d&#8217;Aragona e di Valencia. Nel 1241 eredit\u00f2 anche le contee di Rossiglione e Cerdagna. Alla sua morte, lasci\u00f2 nel testamento i regni d&#8217;Aragona e Valencia e le contee catalane al primogenito Pietro, mentre all&#8217;altro figlio Jaume tocc\u00f2 il regno di Mallorca, che comprendeva anche le altre isole dell&#8217;arcipelago delle Baleari, e la signoria di Montpellier.<\/p>\n<\/div>\n<p><\/p>\n","protected":false},"excerpt":{"rendered":"<p>Jaume I d&#8217;Aragona Jaume I d&#8217;Aragona, detto il Conquistatore (1208-1276) pass\u00f2 la sua infanzia sotto la tutela dei Cavalieri Templari dopo la morte del padre Pietro II d&#8217;Aragona nel 1213. Re d&#8217;Aragona e conte di Barcellona da quella data, Jaume eredit\u00f2 nel 1219, per via&hellip;<\/p>\n","protected":false},"author":1,"featured_media":0,"parent":5834,"menu_order":0,"comment_status":"closed","ping_status":"closed","template":"","meta":{"footnotes":""},"class_list":["post-6249","page","type-page","status-publish","hentry"],"_links":{"self":[{"href":"https:\/\/digitalhistory.unite.it\/es\/wp-json\/wp\/v2\/pages\/6249","targetHints":{"allow":["GET"]}}],"collection":[{"href":"https:\/\/digitalhistory.unite.it\/es\/wp-json\/wp\/v2\/pages"}],"about":[{"href":"https:\/\/digitalhistory.unite.it\/es\/wp-json\/wp\/v2\/types\/page"}],"author":[{"embeddable":true,"href":"https:\/\/digitalhistory.unite.it\/es\/wp-json\/wp\/v2\/users\/1"}],"replies":[{"embeddable":true,"href":"https:\/\/digitalhistory.unite.it\/es\/wp-json\/wp\/v2\/comments?post=6249"}],"version-history":[{"count":2,"href":"https:\/\/digitalhistory.unite.it\/es\/wp-json\/wp\/v2\/pages\/6249\/revisions"}],"predecessor-version":[{"id":10497,"href":"https:\/\/digitalhistory.unite.it\/es\/wp-json\/wp\/v2\/pages\/6249\/revisions\/10497"}],"up":[{"embeddable":true,"href":"https:\/\/digitalhistory.unite.it\/es\/wp-json\/wp\/v2\/pages\/5834"}],"wp:attachment":[{"href":"https:\/\/digitalhistory.unite.it\/es\/wp-json\/wp\/v2\/media?parent=6249"}],"curies":[{"name":"wp","href":"https:\/\/api.w.org\/{rel}","templated":true}]}}