{"id":6250,"date":"2021-08-19T22:03:12","date_gmt":"2021-08-19T20:03:12","guid":{"rendered":"https:\/\/digitalhistory.unite.it\/la-storia-recente-dei-giganti-di-barcellona\/"},"modified":"2021-11-23T15:26:39","modified_gmt":"2021-11-23T14:26:39","slug":"la-storia-recente-dei-giganti-di-barcellona","status":"publish","type":"page","link":"https:\/\/digitalhistory.unite.it\/es\/temi\/feste-e-rituali\/i-giganti-in-catalogna\/i-giganti-di-barcellona\/la-storia-recente-dei-giganti-di-barcellona\/","title":{"rendered":"La storia recente dei Giganti di Barcellona"},"content":{"rendered":"<h1>La storia recente dei Giganti di Barcellona <\/h1>\n<div class=\"testo\">\n<p style=\"text-align: justify\"><img loading=\"lazy\" decoding=\"async\" src=\"https:\/\/digitalhistory.unite.it\/wp-content\/uploads\/2021\/08\/un_deposito_dei_giganti_di_barcellona_208x155.jpg\" width=\"208\" height=\"155\" alt=\"Storia giganti Barca\" align=\"left\"><\/p>\n<p style=\"text-align: justify\">Alla fine del Settecento, Carlo III, con l&#8217;obiettivo di tutelare la sacralit\u00e0 del <em>Corpus Christi<\/em>, viet\u00f2 ai fantocci giganteschi e ai mostri l&#8217;ingresso nelle chiese e la partecipazione alle processioni. Tale decisione&nbsp;fu assunta anche a seguito di numerosi incidenti provocati dai movimenti repentini delle bestie e dai balli sfrenati dei giganti. Nel corso dell&#8217;Ottocento tali figure tornarono a popolare le feste pubbliche e diventarono un simbolo dell&#8217;identit\u00e0 cittadina. Nel secolo successivo, soprattutto dopo il ritorno alla democrazia, a Barcellona si \u00e8 assistito ad un incremento esponenziale delle figure gigantesche. Oggi il repertorio barcellonese \u00e8 formato da giganti vecchi e nuovi, da mostri antichi e moderni, da personaggi storici e da fantocci che impersonano i tipi socio-economici del nostro tempo.<\/p>\n<\/div>\n<p><\/p>\n","protected":false},"excerpt":{"rendered":"<p>La storia recente dei Giganti di Barcellona Alla fine del Settecento, Carlo III, con l&#8217;obiettivo di tutelare la sacralit\u00e0 del Corpus Christi, viet\u00f2 ai fantocci giganteschi e ai mostri l&#8217;ingresso nelle chiese e la partecipazione alle processioni. Tale decisione&nbsp;fu assunta anche a seguito di numerosi&hellip;<\/p>\n","protected":false},"author":1,"featured_media":0,"parent":5834,"menu_order":0,"comment_status":"closed","ping_status":"closed","template":"","meta":{"footnotes":""},"class_list":["post-6250","page","type-page","status-publish","hentry"],"_links":{"self":[{"href":"https:\/\/digitalhistory.unite.it\/es\/wp-json\/wp\/v2\/pages\/6250","targetHints":{"allow":["GET"]}}],"collection":[{"href":"https:\/\/digitalhistory.unite.it\/es\/wp-json\/wp\/v2\/pages"}],"about":[{"href":"https:\/\/digitalhistory.unite.it\/es\/wp-json\/wp\/v2\/types\/page"}],"author":[{"embeddable":true,"href":"https:\/\/digitalhistory.unite.it\/es\/wp-json\/wp\/v2\/users\/1"}],"replies":[{"embeddable":true,"href":"https:\/\/digitalhistory.unite.it\/es\/wp-json\/wp\/v2\/comments?post=6250"}],"version-history":[{"count":2,"href":"https:\/\/digitalhistory.unite.it\/es\/wp-json\/wp\/v2\/pages\/6250\/revisions"}],"predecessor-version":[{"id":10498,"href":"https:\/\/digitalhistory.unite.it\/es\/wp-json\/wp\/v2\/pages\/6250\/revisions\/10498"}],"up":[{"embeddable":true,"href":"https:\/\/digitalhistory.unite.it\/es\/wp-json\/wp\/v2\/pages\/5834"}],"wp:attachment":[{"href":"https:\/\/digitalhistory.unite.it\/es\/wp-json\/wp\/v2\/media?parent=6250"}],"curies":[{"name":"wp","href":"https:\/\/api.w.org\/{rel}","templated":true}]}}