{"id":6252,"date":"2021-08-20T00:03:12","date_gmt":"2021-08-19T22:03:12","guid":{"rendered":"https:\/\/digitalhistory.unite.it\/messina\/"},"modified":"2021-11-23T17:44:55","modified_gmt":"2021-11-23T16:44:55","slug":"messina","status":"publish","type":"page","link":"https:\/\/digitalhistory.unite.it\/es\/temi\/feste-e-rituali\/le-vare-nelle-feste-siciliane\/la-vara-dellassunta-di-messina\/messina\/","title":{"rendered":"Messina"},"content":{"rendered":"<h1>Messina <\/h1>\n<div class=\"testo\">\n<p style=\"text-align: justify\">Prima colonia greca in Sicilia, Messina venne fondata nel 756 a.C. Passata, nel corso dei secoli, sotto le dominazioni romana, bizantina, araba, normanna, sveva, angioina, aragonese e spagnola, la citt\u00e0 contendeva a Palermo il titolo di capitale del regno di Sicilia ed era, grazie al suo porto, uno dei pi\u00f9 grandi centri di commercio sul mar Mediterraneo. La lunga rivalit\u00e0 con Palermo, basata anche su questioni economiche (la Sicilia del grano, rappresentata da Palermo, contrapposta alla Sicilia dedita all&#8217;industria serica, guidata da Messina) dur\u00f2 per tutto il periodo del viceregno spagnolo. Tra il 1674 e il 1678 la citt\u00e0 si ribell\u00f2 contro il dominio spagnolo, andando ad un passo dal finire sotto la dominazione francese. Numerosi terremoti hanno funestato la storia di Messina: in particolare, quello del 1908 provoc\u00f2, assieme al successivo maremoto, circa 80.000 vittime (su una popolazione totale di 140.000) e danni irreparabili al patrimonio artistico e culturale della citt\u00e0. Tra gli edifici distrutti anche il collegio dei Gesuiti, fondato, primo in Italia, nel 1549 sull&#8217;esempio di quello di Gand\u00eda e su invito del vicer\u00e8 Juan de Vega. Costitu\u00ec un modello per tutti i successivi collegi della Compagnia in Italia.<\/p>\n<\/div>\n<p><\/p>\n","protected":false},"excerpt":{"rendered":"<p>Messina Prima colonia greca in Sicilia, Messina venne fondata nel 756 a.C. Passata, nel corso dei secoli, sotto le dominazioni romana, bizantina, araba, normanna, sveva, angioina, aragonese e spagnola, la citt\u00e0 contendeva a Palermo il titolo di capitale del regno di Sicilia ed era, grazie&hellip;<\/p>\n","protected":false},"author":1,"featured_media":0,"parent":5835,"menu_order":0,"comment_status":"closed","ping_status":"closed","template":"","meta":{"footnotes":""},"class_list":["post-6252","page","type-page","status-publish","hentry"],"_links":{"self":[{"href":"https:\/\/digitalhistory.unite.it\/es\/wp-json\/wp\/v2\/pages\/6252","targetHints":{"allow":["GET"]}}],"collection":[{"href":"https:\/\/digitalhistory.unite.it\/es\/wp-json\/wp\/v2\/pages"}],"about":[{"href":"https:\/\/digitalhistory.unite.it\/es\/wp-json\/wp\/v2\/types\/page"}],"author":[{"embeddable":true,"href":"https:\/\/digitalhistory.unite.it\/es\/wp-json\/wp\/v2\/users\/1"}],"replies":[{"embeddable":true,"href":"https:\/\/digitalhistory.unite.it\/es\/wp-json\/wp\/v2\/comments?post=6252"}],"version-history":[{"count":2,"href":"https:\/\/digitalhistory.unite.it\/es\/wp-json\/wp\/v2\/pages\/6252\/revisions"}],"predecessor-version":[{"id":10667,"href":"https:\/\/digitalhistory.unite.it\/es\/wp-json\/wp\/v2\/pages\/6252\/revisions\/10667"}],"up":[{"embeddable":true,"href":"https:\/\/digitalhistory.unite.it\/es\/wp-json\/wp\/v2\/pages\/5835"}],"wp:attachment":[{"href":"https:\/\/digitalhistory.unite.it\/es\/wp-json\/wp\/v2\/media?parent=6252"}],"curies":[{"name":"wp","href":"https:\/\/api.w.org\/{rel}","templated":true}]}}