{"id":6253,"date":"2021-08-20T00:03:12","date_gmt":"2021-08-19T22:03:12","guid":{"rendered":"https:\/\/digitalhistory.unite.it\/carlo-v-dasburgo\/"},"modified":"2021-11-23T15:27:07","modified_gmt":"2021-11-23T14:27:07","slug":"carlo-v-dasburgo","status":"publish","type":"page","link":"https:\/\/digitalhistory.unite.it\/es\/territori\/percorsi-regionali\/le-plazas-mayores-spagnole-e-il-barocco\/la-plaza-de-la-corredera-di-cordoba\/carlo-v-dasburgo\/","title":{"rendered":"Carlo V d&#8217;Asburgo"},"content":{"rendered":"<h1>Carlo V d&#8217;Asburgo <\/h1>\n<div class=\"testo\">\n<p style=\"text-align: justify\"><img loading=\"lazy\" decoding=\"async\" src=\"https:\/\/digitalhistory.unite.it\/wp-content\/uploads\/2021\/08\/palazzo_reale_di_napoli_-_carlo_v_d_asburgo_251x377.jpg\" width=\"251\" height=\"377\" alt=\"Carlo V\" align=\"left\">Carlo d&#8217;Asburgo (1500-1558), Carlo V come imperatore e Carlo I come sovrano della Monarchia spagnola, concentr\u00f2 nelle sue mani una vastissima eredit\u00e0, frutto dell&#8217;accorta politica matrimoniale orchestrata dal nonno paterno, Massimiliano I. Sovrano anche dell&#8217;antico ducato di Borgogna, dei regni di Sardegna, Sicilia e Napoli e, a partire dal 1535, duca di Milano, Carlo fu il fulcro di una corte itinerante. I principali obiettivi della sua politica internazionale furono il predominio militare in Europa, ottenuto a spese della Francia, e la lotta alle dottrine protestanti, la cui diffusione venne ufficialmente sancita con la pace di Augusta (1555). Come vertice della Monarchia spagnola, Carlo fu un re spesso assente, che deleg\u00f2 il governo nelle mani di uomini fidati, come il segretario Mercurino Gattinara. Sedata la rivolta dei <em>Comuneros<\/em> (1520-21) che ne aveva messo a rischio il potere, il regno di Carlo vide la formazione di quel sistema di <em>Consejos<\/em> che avrebbe a lungo caratterizzato il meccanismo burocratico della Monarchia. Dopo l&#8217;abdicazione del 1556, con cui divise i suoi dominii tra il fratello Ferdinando e il figlio Filippo, si ritir\u00f2 proprio in Spagna, fino alla morte nel convento di Yuste nel 1558.<\/p>\n<p style=\"text-align: justify\">Per saperne di pi\u00f9:<\/p>\n<ul>\n<li>\n<div style=\"text-align: justify\">D. Lynch, <em>Spain 1516-1598: from nation state to world empire<\/em>, Oxford 1991.<\/div>\n<\/li>\n<li>\n<div style=\"text-align: justify\">A. Kohler, <em>Karl V, 1500-1558. Eine Biographie<\/em>, M\u00fcnchen 1999.<\/div>\n<\/li>\n<li>\n<div style=\"text-align: justify\">M. Fern\u00e1ndez \u00c1lvarez, <em>Carlos V, el c\u00e9sar y el hombre<\/em>, Madrid 1999.<\/div>\n<\/li>\n<\/ul>\n<\/div>\n<p><\/p>\n","protected":false},"excerpt":{"rendered":"<p>Carlo V d&#8217;Asburgo Carlo d&#8217;Asburgo (1500-1558), Carlo V come imperatore e Carlo I come sovrano della Monarchia spagnola, concentr\u00f2 nelle sue mani una vastissima eredit\u00e0, frutto dell&#8217;accorta politica matrimoniale orchestrata dal nonno paterno, Massimiliano I. Sovrano anche dell&#8217;antico ducato di Borgogna, dei regni di Sardegna,&hellip;<\/p>\n","protected":false},"author":1,"featured_media":0,"parent":6012,"menu_order":0,"comment_status":"closed","ping_status":"closed","template":"","meta":{"footnotes":""},"class_list":["post-6253","page","type-page","status-publish","hentry"],"_links":{"self":[{"href":"https:\/\/digitalhistory.unite.it\/es\/wp-json\/wp\/v2\/pages\/6253","targetHints":{"allow":["GET"]}}],"collection":[{"href":"https:\/\/digitalhistory.unite.it\/es\/wp-json\/wp\/v2\/pages"}],"about":[{"href":"https:\/\/digitalhistory.unite.it\/es\/wp-json\/wp\/v2\/types\/page"}],"author":[{"embeddable":true,"href":"https:\/\/digitalhistory.unite.it\/es\/wp-json\/wp\/v2\/users\/1"}],"replies":[{"embeddable":true,"href":"https:\/\/digitalhistory.unite.it\/es\/wp-json\/wp\/v2\/comments?post=6253"}],"version-history":[{"count":2,"href":"https:\/\/digitalhistory.unite.it\/es\/wp-json\/wp\/v2\/pages\/6253\/revisions"}],"predecessor-version":[{"id":10805,"href":"https:\/\/digitalhistory.unite.it\/es\/wp-json\/wp\/v2\/pages\/6253\/revisions\/10805"}],"up":[{"embeddable":true,"href":"https:\/\/digitalhistory.unite.it\/es\/wp-json\/wp\/v2\/pages\/6012"}],"wp:attachment":[{"href":"https:\/\/digitalhistory.unite.it\/es\/wp-json\/wp\/v2\/media?parent=6253"}],"curies":[{"name":"wp","href":"https:\/\/api.w.org\/{rel}","templated":true}]}}