{"id":6257,"date":"2021-08-20T00:03:13","date_gmt":"2021-08-19T22:03:13","guid":{"rendered":"https:\/\/digitalhistory.unite.it\/santagata-e-il-fuoco\/"},"modified":"2021-11-23T15:26:54","modified_gmt":"2021-11-23T14:26:54","slug":"santagata-e-il-fuoco","status":"publish","type":"page","link":"https:\/\/digitalhistory.unite.it\/es\/temi\/feste-e-rituali\/le-vare-nelle-feste-siciliane\/la-festa-di-santagata-a-catania\/santagata-e-il-fuoco\/","title":{"rendered":"Sant&#8217;Agata e il fuoco"},"content":{"rendered":"<h1>Sant&#8217;Agata e il fuoco <\/h1>\n<div class=\"testo\">\n<p style=\"text-align: justify\"><img loading=\"lazy\" decoding=\"async\" src=\"https:\/\/digitalhistory.unite.it\/wp-content\/uploads\/2021\/08\/sant_agata_e_i_fuochi_251x188.jpg\" width=\"251\" height=\"188\" alt=\"Sant'Agata e i fuochi\" align=\"left\">Un legame speciale collega Sant&#8217;Agata al fuoco. Secondo la tradizione agiografica Agata, dopo essere stata incarcerata, venne torturata al cavalletto e le furono asportate con tenaglie roventi le mammelle. Inoltre, su ordine del governatore romano Quinziano, che avrebbe eseguito severamente gli ordini anticristiani dell&#8217;imperatore Decio anche per essere stato respinto da Agata, di cui si era invaghito, fu fatta rotolare su cocci accuminati di vasi ma anche su carboni ardenti.<\/p>\n<p style=\"text-align: justify\">La presenza del fuoco nel martirio (tipica di molti altri santi, tra cui ad esempio San Lorenzo, torturato su una griglia rovente) assume tuttavia in Agata un significato speciale: Catania \u00e8 infatti la citt\u00e0 dell&#8217;Etna e il vicino vulcano \u00e8 fonte di un continuo pericolo a causa della periodica immissione di lava incandescente. Ecco che Sant&#8217;Agata trova cos\u00ec un suo ruolo in difesa della citt\u00e0 come protettrice dall&#8217;invasione lavica. Strumento di questa intercessione prodigiosa \u00e8 il velo, una delle reliquie della Santa conservate in uno scrigno d&#8217;argento nella Cattedrale. La tradizione vuole che questo velo fosse quello con cui una donna aveva coperto Agata durante la tortura coi carboni ardenti. La prima volta che il velo di Sant&#8217;Agata viene utilizzato per fermare la lava \u00e8 il 5 febbraio del 252, primo anniversario del martirio. Da allora in poi l&#8217;uso del velo della Santa sar\u00e0 periodicamente ripreso. La famosa eruzione del 1669 increment\u00f2 la considerazione del potere di Sant&#8217;Agata in questo campo. La lava infatti in quell&#8217;occasione, giunta a lambire la citt\u00e0, si scaric\u00f2 a mare senza investire il centro storico e con esso i luoghi della prigione e del martirio della Santa.<\/p>\n<p style=\"text-align: justify\">Famosa sar\u00e0 poi l&#8217;operazione guidata dall&#8217;arcivescovo di Catania Dusmet nel 1886: egli infatti stese il velo di Agata alle porte di Nicolosi, cittadina alle pendici dell&#8217;Etna, che non venne investita dalla lava.<\/p>\n<p style=\"text-align: justify\">Ma un aspetto ulteriore che lega Agata al fuoco \u00e8 dato dall&#8217;enorme consumo di ceri votivi che ha luogo durante la festa. I fedeli promettono alla Santa di donare un cero nella speranza di ricevere un&#8217;intercessione per beni materiali o spirituali. Accade cos\u00ec che migliaia di persone, ricevuta la grazia,&nbsp; depositino durante la festa sul fercolo un cero, spesso di grosse dimensioni e portato pi\u00f9 o meno lungamente a spalla.<\/p>\n<p style=\"text-align: justify\">Al fuoco rimanda infine anche il copioso uso di fuochi d&#8217;artificio che puntella varie fasi della festa e di cui la popolazione \u00e8 molto attaccata ed esperta.<\/p>\n<\/div>\n<p><\/p>\n","protected":false},"excerpt":{"rendered":"<p>Sant&#8217;Agata e il fuoco Un legame speciale collega Sant&#8217;Agata al fuoco. Secondo la tradizione agiografica Agata, dopo essere stata incarcerata, venne torturata al cavalletto e le furono asportate con tenaglie roventi le mammelle. Inoltre, su ordine del governatore romano Quinziano, che avrebbe eseguito severamente gli&hellip;<\/p>\n","protected":false},"author":1,"featured_media":0,"parent":5836,"menu_order":0,"comment_status":"closed","ping_status":"closed","template":"","meta":{"footnotes":""},"class_list":["post-6257","page","type-page","status-publish","hentry"],"_links":{"self":[{"href":"https:\/\/digitalhistory.unite.it\/es\/wp-json\/wp\/v2\/pages\/6257","targetHints":{"allow":["GET"]}}],"collection":[{"href":"https:\/\/digitalhistory.unite.it\/es\/wp-json\/wp\/v2\/pages"}],"about":[{"href":"https:\/\/digitalhistory.unite.it\/es\/wp-json\/wp\/v2\/types\/page"}],"author":[{"embeddable":true,"href":"https:\/\/digitalhistory.unite.it\/es\/wp-json\/wp\/v2\/users\/1"}],"replies":[{"embeddable":true,"href":"https:\/\/digitalhistory.unite.it\/es\/wp-json\/wp\/v2\/comments?post=6257"}],"version-history":[{"count":2,"href":"https:\/\/digitalhistory.unite.it\/es\/wp-json\/wp\/v2\/pages\/6257\/revisions"}],"predecessor-version":[{"id":10662,"href":"https:\/\/digitalhistory.unite.it\/es\/wp-json\/wp\/v2\/pages\/6257\/revisions\/10662"}],"up":[{"embeddable":true,"href":"https:\/\/digitalhistory.unite.it\/es\/wp-json\/wp\/v2\/pages\/5836"}],"wp:attachment":[{"href":"https:\/\/digitalhistory.unite.it\/es\/wp-json\/wp\/v2\/media?parent=6257"}],"curies":[{"name":"wp","href":"https:\/\/api.w.org\/{rel}","templated":true}]}}