{"id":6259,"date":"2021-08-19T22:03:13","date_gmt":"2021-08-19T20:03:13","guid":{"rendered":"https:\/\/digitalhistory.unite.it\/malaga\/"},"modified":"2021-11-23T15:26:46","modified_gmt":"2021-11-23T14:26:46","slug":"malaga","status":"publish","type":"page","link":"https:\/\/digitalhistory.unite.it\/es\/temi\/feste-e-rituali\/la-settimana-santa-di-siviglia\/i-pasos-della-settimana-santa-di-siviglia\/malaga\/","title":{"rendered":"Malaga"},"content":{"rendered":"<h1>Malaga <\/h1>\n<div class=\"testo\">\n<p style=\"text-align: justify\"><img loading=\"lazy\" decoding=\"async\" src=\"https:\/\/digitalhistory.unite.it\/wp-content\/uploads\/2021\/08\/malaga_253x190.jpg\" width=\"253\" height=\"190\" alt=\"Malaga\" align=\"left\">Di fondazione fenicia, Malaga \u00e8 una delle citt\u00e0 pi\u00f9 antiche della Spagna. Dopo otto secoli di dominazione araba, venne riconquistata da Ferdinando II d&#8217;Aragona (1452-1516) e Isabella di Castiglia (1451-1504) nel 1487, dopo uno degli assedi pi\u00f9 lunghi dell&#8217;intero processo di <em>Reconquista<\/em>. Malaga, come gi\u00e0 successo in precedenza ad altre citt\u00e0, vide cambiare radicalmente il suo volto: i simboli della sua &#8220;cristianizzazione&#8221; furono la <em>Plaza Mayor<\/em> e la cattedrale, costruita nel punto in cui sorgeva la grande moschea araba. In et\u00e0 moderna, la citt\u00e0 fu ripetutamente colpita da terremoti ed esondazioni del fiume Guadalmedina. L&#8217;espulsione dei <em>Moriscos<\/em>, prodotta in varie fasi e definitivamente sancita nel 1609, fu assai negativa per l&#8217;economia locale, basata principalmente sulla produzione e l&#8217;esportazione di vino, uva passa e seta. Malaga svolse inoltre un fondamentale ruolo difensivo nel Mediterraneo occidentale, specie dopo la caduta di Gibilterra nelle mani degli Inglesi (1704).<\/p>\n<\/div>\n<p><\/p>\n","protected":false},"excerpt":{"rendered":"<p>Malaga Di fondazione fenicia, Malaga \u00e8 una delle citt\u00e0 pi\u00f9 antiche della Spagna. Dopo otto secoli di dominazione araba, venne riconquistata da Ferdinando II d&#8217;Aragona (1452-1516) e Isabella di Castiglia (1451-1504) nel 1487, dopo uno degli assedi pi\u00f9 lunghi dell&#8217;intero processo di Reconquista. Malaga, come&hellip;<\/p>\n","protected":false},"author":1,"featured_media":0,"parent":7034,"menu_order":0,"comment_status":"closed","ping_status":"closed","template":"","meta":{"footnotes":""},"class_list":["post-6259","page","type-page","status-publish","hentry"],"_links":{"self":[{"href":"https:\/\/digitalhistory.unite.it\/es\/wp-json\/wp\/v2\/pages\/6259","targetHints":{"allow":["GET"]}}],"collection":[{"href":"https:\/\/digitalhistory.unite.it\/es\/wp-json\/wp\/v2\/pages"}],"about":[{"href":"https:\/\/digitalhistory.unite.it\/es\/wp-json\/wp\/v2\/types\/page"}],"author":[{"embeddable":true,"href":"https:\/\/digitalhistory.unite.it\/es\/wp-json\/wp\/v2\/users\/1"}],"replies":[{"embeddable":true,"href":"https:\/\/digitalhistory.unite.it\/es\/wp-json\/wp\/v2\/comments?post=6259"}],"version-history":[{"count":2,"href":"https:\/\/digitalhistory.unite.it\/es\/wp-json\/wp\/v2\/pages\/6259\/revisions"}],"predecessor-version":[{"id":10577,"href":"https:\/\/digitalhistory.unite.it\/es\/wp-json\/wp\/v2\/pages\/6259\/revisions\/10577"}],"up":[{"embeddable":true,"href":"https:\/\/digitalhistory.unite.it\/es\/wp-json\/wp\/v2\/pages\/7034"}],"wp:attachment":[{"href":"https:\/\/digitalhistory.unite.it\/es\/wp-json\/wp\/v2\/media?parent=6259"}],"curies":[{"name":"wp","href":"https:\/\/api.w.org\/{rel}","templated":true}]}}