{"id":6260,"date":"2021-08-20T00:03:13","date_gmt":"2021-08-19T22:03:13","guid":{"rendered":"https:\/\/digitalhistory.unite.it\/le-congregazioni-della-settimana-santa-di-malaga\/"},"modified":"2021-11-23T15:26:45","modified_gmt":"2021-11-23T14:26:45","slug":"le-congregazioni-della-settimana-santa-di-malaga","status":"publish","type":"page","link":"https:\/\/digitalhistory.unite.it\/es\/temi\/feste-e-rituali\/la-settimana-santa-di-malaga\/le-congregazioni-della-settimana-santa-di-malaga\/","title":{"rendered":"Le Congregazioni della Settimana Santa di Malaga"},"content":{"rendered":"<h1>Le Congregazioni della Settimana Santa di Malaga <\/h1>\n<div class=\"testo\">\n<p style=\"text-align: justify\"><img loading=\"lazy\" decoding=\"async\" src=\"https:\/\/digitalhistory.unite.it\/wp-content\/uploads\/2021\/08\/5_nuestro_padre_jes_s_del_santo_sepulcro_154x237.jpg\" width=\"154\" height=\"237\" alt=\"Malaga5\" align=\"left\"><\/p>\n<p style=\"text-align: justify\">I membri delle <em>Cofrad\u00edas<\/em> o&nbsp;<em>Hermandades<\/em> (le Confraternite) si distinguono tra <em>hermanos de luz<\/em> (che portano i ceri per illuminare le immagini sacre) e <em>hermanos de sangre<\/em> (i cosiddetti penitenti o flagellanti, che in passato imitavano la sofferenza di Cristo infliggendosi veri e propri martiri corporali). Gli appartenenti al sodalizio portano in processione le croci penitenziali e, soprattutto, i <em>tronos<\/em>. Tra le altre tipologie di confratelli, si segnalano coloro che sono deputati ad esibire i restanti simboli delle Confraternite e a diffondere nell&#8217;aria il profumo dell&#8217;incenso. In alcuni casi, le processioni prevedono anche la partecipazione di una componente paramilitare. Attualmente sono 41 i sodalizi che partecipano alla Settimana Santa di Malaga (tra la Domenica delle Palme a quella di Pasqua), a cui vanno aggiunti quelli che sfilano il Venerd\u00ec di Dolore e il Sabato di Passione. Il sodalizio con il maggior numero di affiliati \u00e8 quello <em>de la Pas\u00edon<\/em>, che conta circa 1200 confratelli.<\/p>\n<\/div>\n<p><\/p>\n","protected":false},"excerpt":{"rendered":"<p>Le Congregazioni della Settimana Santa di Malaga I membri delle Cofrad\u00edas o&nbsp;Hermandades (le Confraternite) si distinguono tra hermanos de luz (che portano i ceri per illuminare le immagini sacre) e hermanos de sangre (i cosiddetti penitenti o flagellanti, che in passato imitavano la sofferenza di&hellip;<\/p>\n","protected":false},"author":1,"featured_media":0,"parent":5837,"menu_order":0,"comment_status":"closed","ping_status":"closed","template":"","meta":{"footnotes":""},"class_list":["post-6260","page","type-page","status-publish","hentry"],"_links":{"self":[{"href":"https:\/\/digitalhistory.unite.it\/es\/wp-json\/wp\/v2\/pages\/6260","targetHints":{"allow":["GET"]}}],"collection":[{"href":"https:\/\/digitalhistory.unite.it\/es\/wp-json\/wp\/v2\/pages"}],"about":[{"href":"https:\/\/digitalhistory.unite.it\/es\/wp-json\/wp\/v2\/types\/page"}],"author":[{"embeddable":true,"href":"https:\/\/digitalhistory.unite.it\/es\/wp-json\/wp\/v2\/users\/1"}],"replies":[{"embeddable":true,"href":"https:\/\/digitalhistory.unite.it\/es\/wp-json\/wp\/v2\/comments?post=6260"}],"version-history":[{"count":2,"href":"https:\/\/digitalhistory.unite.it\/es\/wp-json\/wp\/v2\/pages\/6260\/revisions"}],"predecessor-version":[{"id":10570,"href":"https:\/\/digitalhistory.unite.it\/es\/wp-json\/wp\/v2\/pages\/6260\/revisions\/10570"}],"up":[{"embeddable":true,"href":"https:\/\/digitalhistory.unite.it\/es\/wp-json\/wp\/v2\/pages\/5837"}],"wp:attachment":[{"href":"https:\/\/digitalhistory.unite.it\/es\/wp-json\/wp\/v2\/media?parent=6260"}],"curies":[{"name":"wp","href":"https:\/\/api.w.org\/{rel}","templated":true}]}}