{"id":6262,"date":"2021-08-20T00:03:13","date_gmt":"2021-08-19T22:03:13","guid":{"rendered":"https:\/\/digitalhistory.unite.it\/la-storia-della-settimana-santa-di-malaga\/"},"modified":"2021-11-23T15:26:45","modified_gmt":"2021-11-23T14:26:45","slug":"la-storia-della-settimana-santa-di-malaga","status":"publish","type":"page","link":"https:\/\/digitalhistory.unite.it\/es\/temi\/feste-e-rituali\/la-settimana-santa-di-malaga\/la-storia-della-settimana-santa-di-malaga\/","title":{"rendered":"La storia della Settimana Santa di Malaga"},"content":{"rendered":"<h1>La storia della Settimana Santa di Malaga <\/h1>\n<div class=\"testo\">\n<p style=\"text-align: justify\"><img loading=\"lazy\" decoding=\"async\" src=\"https:\/\/digitalhistory.unite.it\/wp-content\/uploads\/2021\/08\/4_mar_a_sant_sima_de_las_penas_227x303.jpg\" width=\"227\" height=\"303\" alt=\"Malaga4\" align=\"left\">La storia della Settimana Santa di <a href=\"\/temi\/feste-e-rituali\/la-settimana-santa-di-siviglia\/i-pasos-della-settimana-santa-di-siviglia\/malaga\/\"> Malaga<\/a> affonda le radici nel XVI secolo e vive il suo momento di massimo splendore nel pieno dell&#8217;et\u00e0 barocca. L&#8217;origine delle confraternite malague\u00f1e risale agli anni immediatamente successivi alla <em>Reconquista<\/em> dell&#8217;Andalusia da parte dei <a href=\"\/temi\/feste-e-rituali\/i-giganti-in-catalogna\/i-giganti-di-barcellona\/re-cattolici\/\"> Re Cattolici<\/a>. A quel tempo, le confraternite rivestivano un ruolo decisivo nell&#8217;opera di cristianizzazione della regione avviata da Isabella di Castiglia e Ferdinando d&#8217;Aragona. Le pi\u00f9 antiche sono l&#8217;Arciconfraternita del Sangue di Cristo (1507) e la Confraternita della <em>Vera Cruz<\/em> (1505), tuttora esistenti. Nei decenni successivi, le congregazioni di Malaga iniziarono a mettere in scena, prima con personaggi viventi e poi con l&#8217;impiego di statue e gruppi statuari, il dramma della Passione di Cristo. Contrariamente a quanto accade oggi, in passato le processioni non si tenevano tutti gli anni, n\u00e9 tantomeno coprivano l&#8217;intero arco della Settimana Santa. I giorni deputati alle sacre sfilate erano soprattutto il Mercoled\u00ec, il Gioved\u00ec e il Venerd\u00ec Santo. A met\u00e0 Seicento, la citt\u00e0 andalusa vantava gi\u00e0 un numero considerevole di sodalizi, spesso costituiti dai membri di una stessa corporazione artigianale (a partire dal XIX secolo, invece, le congregazioni si identificarono con il quartiere di residenza). Nel corso del Settecento, per\u00f2, diversi fattori concorsero alla riduzione del loro numero: guerre, carestie, epidemie, inondazioni e terremoti incisero profondamente sui riti e sui protagonisti della Settimana Santa. A complicare il tutto contribuirono anche la vendita dei beni ecclesiastici e, infine, l&#8217;invasione napoleonica.<\/p>\n<p style=\"text-align: justify\">Dopo le <a href=\"\/temi\/feste-e-rituali\/la-settimana-santa-di-malaga\/la-storia-della-settimana-santa-di-malaga\/la-settimana-santa-di-malaga-nel-xix-secolo\/\"> trasformazioni vissute nel XIX secolo<\/a>, a partire dal 1921 si afferm\u00f2 la volont\u00e0 di trasformare la Settimana Santa di Malaga in un evento turistico grandioso e spettacolare, anche grazie alla pubblicit\u00e0. In dieci anni, raddoppiarono le confraternite, triplic\u00f2 il numero dei <em>tronos<\/em> e proliferarono le insegne e i simboli distintivi delle <em>cofrad\u00edas<\/em>. Dopo un lungo <a href=\"\/temi\/feste-e-rituali\/la-settimana-santa-di-malaga\/la-storia-della-settimana-santa-di-malaga\/la-settimana-santa-di-malaga-nel-xx-secolo\/\"> periodo di difficolt\u00e0<\/a> e solo in seguito alla morte di Francisco Franco (1975), prese avvio una lenta fase di ripresa, culminata nei due decenni successivi. L&#8217;ingresso dei giovani nelle confraternite&nbsp;ha portato&nbsp;ad una rigenerazione dello spirito penitenziale e alla marginalizzazione dell&#8217;ingerenza politica nei riti della Passione. Negli ultimi anni, la Settimana Santa di Malaga \u00e8 tornata in auge, grazie anche alle <a href=\"#\" class=\"tooltip yellow-tooltip\">molteplici iniziative<span>Di recente, \u00e8 nato il <em>Museo de las Cofrad\u00edas de la Semana Santa de M\u00e1laga<\/em>: uno spazio espositivo in cui il visitatore pu\u00f2 ammirare il passato e il presente della <em>Semana Santa<\/em> (la cui storia \u00e8 custodita anche nel Museo Diocesano di Arte Sacra) e le pi\u00f9 belle testimonianze del barocco malague\u00f1o.<\/span><\/a> culturali, pubblicitarie e comunicative poste in essere&nbsp; dai suoi organizzatori.<\/p>\n<p style=\"text-align: justify\"><a href=\"\/temi\/feste-e-rituali\/la-settimana-santa-di-malaga\/\">&lt;&lt;&lt;&#8212;torna a La Settimana Santa di Malaga<\/a><\/p>\n<\/div>\n<p><\/p>\n","protected":false},"excerpt":{"rendered":"<p>La storia della Settimana Santa di Malaga La storia della Settimana Santa di Malaga affonda le radici nel XVI secolo e vive il suo momento di massimo splendore nel pieno dell&#8217;et\u00e0 barocca. L&#8217;origine delle confraternite malague\u00f1e risale agli anni immediatamente successivi alla Reconquista dell&#8217;Andalusia da&hellip;<\/p>\n","protected":false},"author":1,"featured_media":0,"parent":5837,"menu_order":0,"comment_status":"closed","ping_status":"closed","template":"","meta":{"footnotes":""},"class_list":["post-6262","page","type-page","status-publish","hentry"],"_links":{"self":[{"href":"https:\/\/digitalhistory.unite.it\/es\/wp-json\/wp\/v2\/pages\/6262","targetHints":{"allow":["GET"]}}],"collection":[{"href":"https:\/\/digitalhistory.unite.it\/es\/wp-json\/wp\/v2\/pages"}],"about":[{"href":"https:\/\/digitalhistory.unite.it\/es\/wp-json\/wp\/v2\/types\/page"}],"author":[{"embeddable":true,"href":"https:\/\/digitalhistory.unite.it\/es\/wp-json\/wp\/v2\/users\/1"}],"replies":[{"embeddable":true,"href":"https:\/\/digitalhistory.unite.it\/es\/wp-json\/wp\/v2\/comments?post=6262"}],"version-history":[{"count":3,"href":"https:\/\/digitalhistory.unite.it\/es\/wp-json\/wp\/v2\/pages\/6262\/revisions"}],"predecessor-version":[{"id":10567,"href":"https:\/\/digitalhistory.unite.it\/es\/wp-json\/wp\/v2\/pages\/6262\/revisions\/10567"}],"up":[{"embeddable":true,"href":"https:\/\/digitalhistory.unite.it\/es\/wp-json\/wp\/v2\/pages\/5837"}],"wp:attachment":[{"href":"https:\/\/digitalhistory.unite.it\/es\/wp-json\/wp\/v2\/media?parent=6262"}],"curies":[{"name":"wp","href":"https:\/\/api.w.org\/{rel}","templated":true}]}}