{"id":6265,"date":"2021-08-20T00:03:13","date_gmt":"2021-08-19T22:03:13","guid":{"rendered":"https:\/\/digitalhistory.unite.it\/madrid\/"},"modified":"2021-11-23T15:27:08","modified_gmt":"2021-11-23T14:27:08","slug":"madrid","status":"publish","type":"page","link":"https:\/\/digitalhistory.unite.it\/es\/territori\/percorsi-regionali\/le-plazas-mayores-spagnole-e-il-barocco\/la-plaza-mayor-di-madrid\/madrid\/","title":{"rendered":"Madrid"},"content":{"rendered":"<h1>Madrid <\/h1>\n<div class=\"testo\">\n<p style=\"text-align: justify\"><img loading=\"lazy\" decoding=\"async\" src=\"https:\/\/digitalhistory.unite.it\/wp-content\/uploads\/2021\/08\/orso_madrid_251x188.jpg\" width=\"251\" height=\"188\" alt=\"Madrid\" align=\"left\">A met\u00e0 Cinquecento, infrantosi il sogno imperiale, Carlo V (1500-1558) fu costretto a dividere i suoi possedimenti tra suo figlio e suo fratello. La Spagna fu assegnata a Filippo II (1527-1598). Nel 1561 il nuovo sovrano elesse Madrid (nella foto il simbolo della citt\u00e0, <em>El Oso y el Madro\u00f1o<\/em>)&nbsp;a capitale del suo regno (che comprendeva anche i territori italiani e le colonie del Nuovo Mondo) e fece costruire nei suoi dintorni la reggia-monastero di San Lorenzo dell&#8217;Escorial. Nel giro di qualche decennio, da piccolo centro (non superava i 10.000 abitanti) Madrid si trasform\u00f2 in una popolosa citt\u00e0: &#8220;solo Madrid \u00e8 corte&#8221;, recitava un proverbio dell&#8217;epoca, per dire non solo che il centro castigliano era ormai l&#8217;unica sede della corte asburgica (Carlo V era stato invece un sovrano itinerante), ma anche che la citt\u00e0 ruotava tutt&#8217;attorno ad essa. Soprattutto durante il regno di Filippo III (1598-1621), Madrid fu adattata alle nuove esigenze istituzionali: la <em>Plaza Mayor<\/em> divenne il punto di convergenza della raggiera di strade intorno alle quali la citt\u00e0 si sarebbe sviluppata negli anni successivi. Nel Seicento Madrid ospit\u00f2 cerimonie religiose e processioni solenni, improntate al gusto barocco e controriformista, e i caratteristici autodaf\u00e9 (l&#8217;atto di fede pubblico imposto dall&#8217;Inquisizione ai condannati, che poteva culminare con la messa al rogo degli stessi). Nel XVIII secolo, la capitale del regno assunse una spiccata fisionomia barocca, ancora oggi ammirabile.<\/p>\n<\/div>\n<p><\/p>\n","protected":false},"excerpt":{"rendered":"<p>Madrid A met\u00e0 Cinquecento, infrantosi il sogno imperiale, Carlo V (1500-1558) fu costretto a dividere i suoi possedimenti tra suo figlio e suo fratello. La Spagna fu assegnata a Filippo II (1527-1598). Nel 1561 il nuovo sovrano elesse Madrid (nella foto il simbolo della citt\u00e0,&hellip;<\/p>\n","protected":false},"author":1,"featured_media":0,"parent":6011,"menu_order":0,"comment_status":"closed","ping_status":"closed","template":"","meta":{"footnotes":""},"class_list":["post-6265","page","type-page","status-publish","hentry"],"_links":{"self":[{"href":"https:\/\/digitalhistory.unite.it\/es\/wp-json\/wp\/v2\/pages\/6265","targetHints":{"allow":["GET"]}}],"collection":[{"href":"https:\/\/digitalhistory.unite.it\/es\/wp-json\/wp\/v2\/pages"}],"about":[{"href":"https:\/\/digitalhistory.unite.it\/es\/wp-json\/wp\/v2\/types\/page"}],"author":[{"embeddable":true,"href":"https:\/\/digitalhistory.unite.it\/es\/wp-json\/wp\/v2\/users\/1"}],"replies":[{"embeddable":true,"href":"https:\/\/digitalhistory.unite.it\/es\/wp-json\/wp\/v2\/comments?post=6265"}],"version-history":[{"count":3,"href":"https:\/\/digitalhistory.unite.it\/es\/wp-json\/wp\/v2\/pages\/6265\/revisions"}],"predecessor-version":[{"id":10811,"href":"https:\/\/digitalhistory.unite.it\/es\/wp-json\/wp\/v2\/pages\/6265\/revisions\/10811"}],"up":[{"embeddable":true,"href":"https:\/\/digitalhistory.unite.it\/es\/wp-json\/wp\/v2\/pages\/6011"}],"wp:attachment":[{"href":"https:\/\/digitalhistory.unite.it\/es\/wp-json\/wp\/v2\/media?parent=6265"}],"curies":[{"name":"wp","href":"https:\/\/api.w.org\/{rel}","templated":true}]}}