{"id":6267,"date":"2021-08-20T00:03:13","date_gmt":"2021-08-19T22:03:13","guid":{"rendered":"https:\/\/digitalhistory.unite.it\/filippo-iv-dasburgo\/"},"modified":"2021-11-23T15:27:07","modified_gmt":"2021-11-23T14:27:07","slug":"filippo-iv-dasburgo","status":"publish","type":"page","link":"https:\/\/digitalhistory.unite.it\/es\/territori\/percorsi-regionali\/le-plazas-mayores-spagnole-e-il-barocco\/altri-esempi-burgos-e-plasencia\/filippo-iv-dasburgo\/","title":{"rendered":"Filippo IV d&#8217;Asburgo"},"content":{"rendered":"<h1>Filippo IV d&#8217;Asburgo <\/h1>\n<div class=\"testo\">\n<p style=\"text-align: justify\"><img loading=\"lazy\" decoding=\"async\" src=\"https:\/\/digitalhistory.unite.it\/wp-content\/uploads\/2021\/08\/img_0972_251x167-7.jpg\" width=\"251\" height=\"167\" alt=\"Filippo IV\" align=\"left\">Filippo IV d&#8217;Asburgo (1605-1665) regn\u00f2 sulla Spagna e sui domini spagnoli in Europa e in America dal 1621 alla sua morte. Durante il suo regno, la Spagna fu attraversata da una dura crisi legata ai gravosi e velleitari impegni militari, che portarono a frequenti bancarotte. Fin\u00ec ben presto sotto accusa lo stile di governo di Gaspar de Guzm\u00e1n, conte-duca di Olivares (1587-1645), il potentissimo favorito di Filippo IV che esercit\u00f2, di fatto, il potere del re per oltre un ventennio. Olivares cerc\u00f2 invano di ristabilire l&#8217;egemonia spagnola in Europa e di rimediare alla crisi finanziaria della Monarchia: alla scadenza della Tregua dei dodici anni (1609-1621), riprese la guerra contro le Province Unite; si impegn\u00f2 al fianco degli Asburgo d&#8217;Austria nella Guerra dei Trent&#8217;anni; contestualmente, cerc\u00f2 di risanare le finanze dello Stato, ridistribuendo il carico fiscale tra i diversi regni. A tal fine promosse un progetto, chiamato &#8220;Unione degli eserciti&#8221; (1624), che prevedeva la ripartizione delle spese militari, in precedenza sostenute dalla sola Castiglia, tra tutti i territori della Corona. Tale iniziativa provoc\u00f2 un&#8217;ondata rivoluzionaria, nel corso della quale importanti regni e territori della Monarchia rivendicarono violentemente le antiche libert\u00e0 e autonomie: Portogallo e Catalogna si ribellarono nel 1640, Palermo e Napoli (la cosiddetta rivolta di Masaniello) nel 1647-48. Anche dopo la destituzione di Olivares nel 1643, il declino militare della Monarchia non si arrest\u00f2. Perso definitivamente il Portogallo, si dovette rinunciare ad ogni pretesa di sovranit\u00e0 sulle Province Unite, mentre il lungo conflitto con la Francia si risolveva, dopo la pace dei Pirenei (1659), con la fine del predominio spagnolo in Europa.<\/p>\n<p style=\"text-align: justify\">Per saperne di pi\u00f9:<\/p>\n<ul>\n<li>\n<div style=\"text-align: justify\">A. Dom\u00ednguez Ortiz, <em>Pol\u00edtica y Hacienda de Felipe IV<\/em>, Madrid 1960.<\/div>\n<\/li>\n<li>\n<div style=\"text-align: justify\">R.A. Stradling, <em>Philip IV and the Government of Spain, 1621-1665<\/em>, Cambridge 1988.<\/div>\n<\/li>\n<li>\n<div style=\"text-align: justify\">J. Alcal\u00e1-Zamora y Queipo de Llano (a cura di), <em>Felipe IV. El hombre y el reinado<\/em>, Madrid 2005.<\/div>\n<\/li>\n<\/ul>\n<\/div>\n<p><\/p>\n","protected":false},"excerpt":{"rendered":"<p>Filippo IV d&#8217;Asburgo Filippo IV d&#8217;Asburgo (1605-1665) regn\u00f2 sulla Spagna e sui domini spagnoli in Europa e in America dal 1621 alla sua morte. Durante il suo regno, la Spagna fu attraversata da una dura crisi legata ai gravosi e velleitari impegni militari, che portarono&hellip;<\/p>\n","protected":false},"author":1,"featured_media":0,"parent":6014,"menu_order":0,"comment_status":"closed","ping_status":"closed","template":"","meta":{"footnotes":""},"class_list":["post-6267","page","type-page","status-publish","hentry"],"_links":{"self":[{"href":"https:\/\/digitalhistory.unite.it\/es\/wp-json\/wp\/v2\/pages\/6267","targetHints":{"allow":["GET"]}}],"collection":[{"href":"https:\/\/digitalhistory.unite.it\/es\/wp-json\/wp\/v2\/pages"}],"about":[{"href":"https:\/\/digitalhistory.unite.it\/es\/wp-json\/wp\/v2\/types\/page"}],"author":[{"embeddable":true,"href":"https:\/\/digitalhistory.unite.it\/es\/wp-json\/wp\/v2\/users\/1"}],"replies":[{"embeddable":true,"href":"https:\/\/digitalhistory.unite.it\/es\/wp-json\/wp\/v2\/comments?post=6267"}],"version-history":[{"count":3,"href":"https:\/\/digitalhistory.unite.it\/es\/wp-json\/wp\/v2\/pages\/6267\/revisions"}],"predecessor-version":[{"id":10798,"href":"https:\/\/digitalhistory.unite.it\/es\/wp-json\/wp\/v2\/pages\/6267\/revisions\/10798"}],"up":[{"embeddable":true,"href":"https:\/\/digitalhistory.unite.it\/es\/wp-json\/wp\/v2\/pages\/6014"}],"wp:attachment":[{"href":"https:\/\/digitalhistory.unite.it\/es\/wp-json\/wp\/v2\/media?parent=6267"}],"curies":[{"name":"wp","href":"https:\/\/api.w.org\/{rel}","templated":true}]}}