{"id":6269,"date":"2021-08-20T00:03:13","date_gmt":"2021-08-19T22:03:13","guid":{"rendered":"https:\/\/digitalhistory.unite.it\/filippo-ii-dasburgo\/"},"modified":"2021-11-23T15:27:07","modified_gmt":"2021-11-23T14:27:07","slug":"filippo-ii-dasburgo","status":"publish","type":"page","link":"https:\/\/digitalhistory.unite.it\/es\/territori\/percorsi-regionali\/le-plazas-mayores-spagnole-e-il-barocco\/lorigine-e-le-funzioni-delle-plazas-mayores\/filippo-ii-dasburgo\/","title":{"rendered":"Filippo II d&#8217;Asburgo"},"content":{"rendered":"<h1>Filippo II d&#8217;Asburgo <\/h1>\n<div class=\"testo\">\n<p style=\"text-align: justify\"><img loading=\"lazy\" decoding=\"async\" src=\"https:\/\/digitalhistory.unite.it\/wp-content\/uploads\/2021\/08\/felipe_ii__leone_y_pompeo_leoni__prado_e-272__01a__fileminimizer__226x301.jpg\" width=\"226\" height=\"301\" alt=\"Filippo II\" align=\"left\">Filippo II d&#8217;Asburgo (1527-1598) \u00e8 stato re di Spagna dal 1556 alla data della sua morte. Suo padre Carlo V gli lasci\u00f2 in eredit\u00e0 i domini spagnoli, ovvero le Corone di Castiglia, comprese le colonie americane, e di Aragona, compresi i domini italiani, nonch\u00e9 la Franca contea e i Paesi Bassi. Stabilitosi a Madrid, cerc\u00f2 di governare a distanza le sorti della politica europea, intervenendo in numerosi teatri di guerra. Sovrano profondamente cattolico, Filippo II contribu\u00ec enormemente, con la sua dispendiosa politica estera, ad aggravare lo stato delle finanze, producendo diverse bancarotte. Motivazioni religiose e politiche furono all&#8217;origine della ribellione dei Paesi Bassi, destinata a prolungarsi per ben ottant&#8217;anni (1568-1648) e a rappresentare uno dei principali fallimenti della politica del sovrano asburgico. Maggiore successo ottenne invece nel sedare la rivolta dei <em>Moriscos<\/em> (1568-70) e nella storica vittoria della flotta comandata dal fratellastro don Giovanni d&#8217;Austria contro gli Ottomani a Lepanto (7 ottobre 1571). Re di Portogallo dal 1580 in quanto erede pi\u00f9 diretto del sovrano defunto, Filippo II fall\u00ec nel suo tentativo di invadere l&#8217;Inghilterra: nel 1588, le navi dell&#8217;<em>Invencible Armada<\/em> furono disperse a causa delle cattive condizioni atmosferiche e poi battute dalla pi\u00f9 piccola flotta inglese.<\/p>\n<p style=\"text-align: justify\">Per saperne di pi\u00f9:<\/p>\n<ul>\n<li>G. Parker, <em>Philip II<\/em>, Boston-London 1978.<\/li>\n<li>H. Kamen, <em>Philip of Spain<\/em>, New Haven 1998.<\/li>\n<li>P. Williams, <em>Philip II<\/em>,&nbsp;New York 2001.&nbsp;<\/li>\n<\/ul>\n<\/div>\n<p><\/p>\n","protected":false},"excerpt":{"rendered":"<p>Filippo II d&#8217;Asburgo Filippo II d&#8217;Asburgo (1527-1598) \u00e8 stato re di Spagna dal 1556 alla data della sua morte. Suo padre Carlo V gli lasci\u00f2 in eredit\u00e0 i domini spagnoli, ovvero le Corone di Castiglia, comprese le colonie americane, e di Aragona, compresi i domini&hellip;<\/p>\n","protected":false},"author":1,"featured_media":0,"parent":6009,"menu_order":0,"comment_status":"closed","ping_status":"closed","template":"","meta":{"footnotes":""},"class_list":["post-6269","page","type-page","status-publish","hentry"],"_links":{"self":[{"href":"https:\/\/digitalhistory.unite.it\/es\/wp-json\/wp\/v2\/pages\/6269","targetHints":{"allow":["GET"]}}],"collection":[{"href":"https:\/\/digitalhistory.unite.it\/es\/wp-json\/wp\/v2\/pages"}],"about":[{"href":"https:\/\/digitalhistory.unite.it\/es\/wp-json\/wp\/v2\/types\/page"}],"author":[{"embeddable":true,"href":"https:\/\/digitalhistory.unite.it\/es\/wp-json\/wp\/v2\/users\/1"}],"replies":[{"embeddable":true,"href":"https:\/\/digitalhistory.unite.it\/es\/wp-json\/wp\/v2\/comments?post=6269"}],"version-history":[{"count":3,"href":"https:\/\/digitalhistory.unite.it\/es\/wp-json\/wp\/v2\/pages\/6269\/revisions"}],"predecessor-version":[{"id":10802,"href":"https:\/\/digitalhistory.unite.it\/es\/wp-json\/wp\/v2\/pages\/6269\/revisions\/10802"}],"up":[{"embeddable":true,"href":"https:\/\/digitalhistory.unite.it\/es\/wp-json\/wp\/v2\/pages\/6009"}],"wp:attachment":[{"href":"https:\/\/digitalhistory.unite.it\/es\/wp-json\/wp\/v2\/media?parent=6269"}],"curies":[{"name":"wp","href":"https:\/\/api.w.org\/{rel}","templated":true}]}}