{"id":6276,"date":"2021-08-19T22:03:15","date_gmt":"2021-08-19T20:03:15","guid":{"rendered":"https:\/\/digitalhistory.unite.it\/la-domenica-delle-palme-a-caltanissetta\/"},"modified":"2021-11-23T15:26:44","modified_gmt":"2021-11-23T14:26:44","slug":"la-domenica-delle-palme-a-caltanissetta","status":"publish","type":"page","link":"https:\/\/digitalhistory.unite.it\/es\/temi\/feste-e-rituali\/la-settimana-santa-a-caltanissetta\/la-domenica-delle-palme-a-caltanissetta\/","title":{"rendered":"La Domenica delle Palme a Caltanisetta"},"content":{"rendered":"<h1>La Domenica delle Palme a Caltanisetta <\/h1>\n<div class=\"testo\">\n<p style=\"text-align: justify\">L&#8217;attuale forma del corteo risale a met\u00e0 Ottocento, quando la Congregazione decise, per rispettare la cronologia della Settimana Santa, di trasformare la vecchia processione del Cristo Morto in quella del Ges\u00f9 Benedicente. A partire da quel momento, inizi\u00f2 la storia dell&#8217;attuale Carro trionfale che celebra l&#8217;ingresso di Ges\u00f9 Nazareno a Gerusalemme. Nel corso del Novecento, la cerimonia \u00e8 stata presa in carico da un Comitato e, in tempi pi\u00f9 recenti, dall&#8217;Associazione &#8220;Ges\u00f9 Nazareno&#8221;, che ha provveduto ad arricchire la &#8220;macchina&#8221; processionale. Quest&#8217;ultima, oggi, ha la forma di una barca, che evoca l&#8217;immagine evangelica di Ges\u00f9 che parla alla folla presso il lago di Genesaret. Si tratta di una struttura in legno, il cui scafo \u00e8 sagomato con ramoscelli di castagno e decorato con una bella trama floreale. Tale tipologia di allestimento si \u00e8 affermata definitivamente a partire dagli anni Ottanta, dopo la realizzazione di uno scheletro portante in ferro. Un accorgimento che ha rimosso le precedenti difficolt\u00e0 tecniche, che avevano costretto gli allestitori a cambiare la scenografia e a collocare la statua di Ges\u00f9 su un pi\u00f9 semplice e piccolo monte, sempre realizzato con i fiori.<\/p>\n<\/div>\n<p><\/p>\n","protected":false},"excerpt":{"rendered":"<p>La Domenica delle Palme a Caltanisetta L&#8217;attuale forma del corteo risale a met\u00e0 Ottocento, quando la Congregazione decise, per rispettare la cronologia della Settimana Santa, di trasformare la vecchia processione del Cristo Morto in quella del Ges\u00f9 Benedicente. A partire da quel momento, inizi\u00f2 la&hellip;<\/p>\n","protected":false},"author":1,"featured_media":0,"parent":5842,"menu_order":0,"comment_status":"closed","ping_status":"closed","template":"","meta":{"footnotes":""},"class_list":["post-6276","page","type-page","status-publish","hentry"],"_links":{"self":[{"href":"https:\/\/digitalhistory.unite.it\/es\/wp-json\/wp\/v2\/pages\/6276","targetHints":{"allow":["GET"]}}],"collection":[{"href":"https:\/\/digitalhistory.unite.it\/es\/wp-json\/wp\/v2\/pages"}],"about":[{"href":"https:\/\/digitalhistory.unite.it\/es\/wp-json\/wp\/v2\/types\/page"}],"author":[{"embeddable":true,"href":"https:\/\/digitalhistory.unite.it\/es\/wp-json\/wp\/v2\/users\/1"}],"replies":[{"embeddable":true,"href":"https:\/\/digitalhistory.unite.it\/es\/wp-json\/wp\/v2\/comments?post=6276"}],"version-history":[{"count":3,"href":"https:\/\/digitalhistory.unite.it\/es\/wp-json\/wp\/v2\/pages\/6276\/revisions"}],"predecessor-version":[{"id":10557,"href":"https:\/\/digitalhistory.unite.it\/es\/wp-json\/wp\/v2\/pages\/6276\/revisions\/10557"}],"up":[{"embeddable":true,"href":"https:\/\/digitalhistory.unite.it\/es\/wp-json\/wp\/v2\/pages\/5842"}],"wp:attachment":[{"href":"https:\/\/digitalhistory.unite.it\/es\/wp-json\/wp\/v2\/media?parent=6276"}],"curies":[{"name":"wp","href":"https:\/\/api.w.org\/{rel}","templated":true}]}}