{"id":6277,"date":"2021-08-19T22:03:15","date_gmt":"2021-08-19T20:03:15","guid":{"rendered":"https:\/\/digitalhistory.unite.it\/trapani\/"},"modified":"2021-11-23T15:26:41","modified_gmt":"2021-11-23T14:26:41","slug":"trapani","status":"publish","type":"page","link":"https:\/\/digitalhistory.unite.it\/es\/temi\/feste-e-rituali\/i-misteri\/trapani\/","title":{"rendered":"Trapani"},"content":{"rendered":"<h1>Trapani <\/h1>\n<div class=\"testo\">\n<p style=\"text-align: justify\">Di origine antichissima, Trapani \u00e8 passata, come tutta la Sicilia, sotto la dominazione di vari popoli. Dopo Romani, Vandali, Bizantini e Arabi, durante il periodo normano (Ruggero II d&#8217;Altavilla entr\u00f2 nella citt\u00e0 nel 1077) Trapani conobbe un periodo di florido sviluppo economico e commerciale, e il suo porto si impose come uno dei pi\u00f9 importanti del Mediterraneo. Dopo aver attivamente partecipato alla rivolta dei Vespri Siciliani (1282) contro gli Angioini, Trapani si ingrand\u00ec e si impose sotto gli Aragonesi come il centro principale della Sicilia occidentale. Nel 1535, l&#8217;imperatore e re di Spagna Carlo V (1500-1558) visit\u00f2 la citt\u00e0, impegnandosi a mantenerne privilegi e libert\u00e0. Colpita ripetutamente da carestie e pestilenze durante il XVII secolo, Trapani conobbe una fase di ripresa nel Settecento, sotto la dominazione sabauda, austriaca ed infine borbonica.<\/p>\n<\/div>\n<p><\/p>\n","protected":false},"excerpt":{"rendered":"<p>Trapani Di origine antichissima, Trapani \u00e8 passata, come tutta la Sicilia, sotto la dominazione di vari popoli. Dopo Romani, Vandali, Bizantini e Arabi, durante il periodo normano (Ruggero II d&#8217;Altavilla entr\u00f2 nella citt\u00e0 nel 1077) Trapani conobbe un periodo di florido sviluppo economico e commerciale,&hellip;<\/p>\n","protected":false},"author":1,"featured_media":0,"parent":6195,"menu_order":0,"comment_status":"closed","ping_status":"closed","template":"","meta":{"footnotes":""},"class_list":["post-6277","page","type-page","status-publish","hentry"],"_links":{"self":[{"href":"https:\/\/digitalhistory.unite.it\/es\/wp-json\/wp\/v2\/pages\/6277","targetHints":{"allow":["GET"]}}],"collection":[{"href":"https:\/\/digitalhistory.unite.it\/es\/wp-json\/wp\/v2\/pages"}],"about":[{"href":"https:\/\/digitalhistory.unite.it\/es\/wp-json\/wp\/v2\/types\/page"}],"author":[{"embeddable":true,"href":"https:\/\/digitalhistory.unite.it\/es\/wp-json\/wp\/v2\/users\/1"}],"replies":[{"embeddable":true,"href":"https:\/\/digitalhistory.unite.it\/es\/wp-json\/wp\/v2\/comments?post=6277"}],"version-history":[{"count":3,"href":"https:\/\/digitalhistory.unite.it\/es\/wp-json\/wp\/v2\/pages\/6277\/revisions"}],"predecessor-version":[{"id":10521,"href":"https:\/\/digitalhistory.unite.it\/es\/wp-json\/wp\/v2\/pages\/6277\/revisions\/10521"}],"up":[{"embeddable":true,"href":"https:\/\/digitalhistory.unite.it\/es\/wp-json\/wp\/v2\/pages\/6195"}],"wp:attachment":[{"href":"https:\/\/digitalhistory.unite.it\/es\/wp-json\/wp\/v2\/media?parent=6277"}],"curies":[{"name":"wp","href":"https:\/\/api.w.org\/{rel}","templated":true}]}}