{"id":6285,"date":"2021-08-20T00:03:15","date_gmt":"2021-08-19T22:03:15","guid":{"rendered":"https:\/\/digitalhistory.unite.it\/valladolid\/"},"modified":"2021-11-23T17:44:56","modified_gmt":"2021-11-23T16:44:56","slug":"valladolid","status":"publish","type":"page","link":"https:\/\/digitalhistory.unite.it\/es\/territori\/percorsi-regionali\/le-plazas-mayores-spagnole-e-il-barocco\/la-ricostruzione-della-plaza-mayor-di-valladolid\/valladolid\/","title":{"rendered":"Valladolid"},"content":{"rendered":"<h1>Valladolid <\/h1>\n<div class=\"testo\">\n<p style=\"text-align: justify\"><img loading=\"lazy\" decoding=\"async\" src=\"https:\/\/digitalhistory.unite.it\/wp-content\/uploads\/2021\/08\/antigua_252x189.jpg\" width=\"252\" height=\"189\" alt=\"Valladolid\" align=\"left\">Attuale capitale della <em>comunidad aut\u00f3noma de Castilla y Le\u00f3n<\/em>, Valladolid \u00e8 una citt\u00e0 di origini medievali (nella foto la Iglesia de Santa Maria la Antigua, costruita nell&#8217;XI secolo) che conobbe il culmine della propria storia durante l&#8217;et\u00e0 moderna. Dopo aver tolto alla citt\u00e0 i privilegi come punizione per aver attentato al suo potere nella rivolta dei <em>Comuneros<\/em> (1520-21), Carlo V (1500-1558) rese Valladolid una delle capitali del suo impero, e in essa nacque il suo unico erede legittimo, il futuro Filippo II (1527-1598). Rasa al suolo da un gigantesco incendio nel 1561, la citt\u00e0 venne ricostruita per volere del sovrano e a quest&#8217;epoca risale la <em>Plaza Mayor<\/em>, prima nel suo genere in Spagna e modello per molte successive. Dello stesso periodo \u00e8 anche la Cattedrale <em>de Nuestra Se\u00f1ora de la Asunci\u00f3n<\/em>, disegnata dall&#8217;architetto Juan de Herrera e arricchita da numerose aggiunte barocche. La decisione di Filippo II di fissare la propria corte a Madrid danneggi\u00f2 enormemente Valladolid, ma il suo successore Filippo III (1578-1621) decise di farvi tornare la corte nel 1601, spinto nella decisione dagli interessi del suo favorito, il duca di Lerma. Nei cinque anni di permanenza della corte, la citt\u00e0 diede i natali all&#8217;infanta Anna e al futuro Filippo IV (1605-1665). Come tutta la Castiglia, Valladolid visse una profonda crisi economica e demografica nel corso del XVII secolo, dalla quale si riprese solo nel Settecento. Durante la Guerra di Successione (1701-1713), si schier\u00f2 con Filippo V di Borbone.<\/p>\n<\/div>\n<p><\/p>\n","protected":false},"excerpt":{"rendered":"<p>Valladolid Attuale capitale della comunidad aut\u00f3noma de Castilla y Le\u00f3n, Valladolid \u00e8 una citt\u00e0 di origini medievali (nella foto la Iglesia de Santa Maria la Antigua, costruita nell&#8217;XI secolo) che conobbe il culmine della propria storia durante l&#8217;et\u00e0 moderna. Dopo aver tolto alla citt\u00e0 i&hellip;<\/p>\n","protected":false},"author":1,"featured_media":0,"parent":6010,"menu_order":0,"comment_status":"closed","ping_status":"closed","template":"","meta":{"footnotes":""},"class_list":["post-6285","page","type-page","status-publish","hentry"],"_links":{"self":[{"href":"https:\/\/digitalhistory.unite.it\/es\/wp-json\/wp\/v2\/pages\/6285","targetHints":{"allow":["GET"]}}],"collection":[{"href":"https:\/\/digitalhistory.unite.it\/es\/wp-json\/wp\/v2\/pages"}],"about":[{"href":"https:\/\/digitalhistory.unite.it\/es\/wp-json\/wp\/v2\/types\/page"}],"author":[{"embeddable":true,"href":"https:\/\/digitalhistory.unite.it\/es\/wp-json\/wp\/v2\/users\/1"}],"replies":[{"embeddable":true,"href":"https:\/\/digitalhistory.unite.it\/es\/wp-json\/wp\/v2\/comments?post=6285"}],"version-history":[{"count":3,"href":"https:\/\/digitalhistory.unite.it\/es\/wp-json\/wp\/v2\/pages\/6285\/revisions"}],"predecessor-version":[{"id":10815,"href":"https:\/\/digitalhistory.unite.it\/es\/wp-json\/wp\/v2\/pages\/6285\/revisions\/10815"}],"up":[{"embeddable":true,"href":"https:\/\/digitalhistory.unite.it\/es\/wp-json\/wp\/v2\/pages\/6010"}],"wp:attachment":[{"href":"https:\/\/digitalhistory.unite.it\/es\/wp-json\/wp\/v2\/media?parent=6285"}],"curies":[{"name":"wp","href":"https:\/\/api.w.org\/{rel}","templated":true}]}}