{"id":6287,"date":"2021-08-20T00:03:16","date_gmt":"2021-08-19T22:03:16","guid":{"rendered":"https:\/\/digitalhistory.unite.it\/ribera\/"},"modified":"2021-11-23T15:27:17","modified_gmt":"2021-11-23T14:27:17","slug":"ribera","status":"publish","type":"page","link":"https:\/\/digitalhistory.unite.it\/es\/territori\/percorsi-trans-nazionali\/pittura-barocca\/velazquez-in-italia\/ribera\/","title":{"rendered":"Jusepe de Ribera, detto &#8220;lo Spagnoletto&#8221;"},"content":{"rendered":"<h1>Jusepe de Ribera, detto &#8220;lo Spagnoletto&#8221; <\/h1>\n<div class=\"testo\">\n<p style=\"text-align: justify\"><img loading=\"lazy\" decoding=\"async\" src=\"https:\/\/digitalhistory.unite.it\/wp-content\/uploads\/2021\/08\/503px-jos__ribera_251x299.jpg\" width=\"251\" height=\"299\" alt=\"Ribera\" align=\"left\">Jusepe de Ribera, detto &#8220;lo Spagnoletto&#8221; (1591-1652) nacque a J\u00e1tiva, nel regno di Valencia, ma si stabil\u00ec ancor giovane in Italia. Dopo aver soggiornato per qualche tempo in Lombardia e in Emilia, arriv\u00f2 a Roma nel 1615, e qui ultim\u00f2 la sua formazione prendendo spunto da Caravaggio ma anche dalle opere di Raffaello. L&#8217;anno successivo giunse a Napoli al seguito del nuovo vicer\u00e8, il III duca di Osuna. A Napoli Ribera avrebbe vissuto per il resto della sua vita, lavorando per i vicer\u00e8 ma anche per nobili napoletani e per chiese e conventi della citt\u00e0. Tra le sue opere pi\u00f9 celebri: il <em>Martirio di San Bartolomeo<\/em>, il <em>Sileno ebbro<\/em>, il <em>Martirio di Sant&#8217;Andrea<\/em>, la <em>Piet\u00e0<\/em> , il <em>Sogno di Giacobbe<\/em>, lo <em>Storpio<\/em> e i dodici <em>Profeti<\/em> che decorano gli archi della parete d&#8217;ingresso e delle cappelle laterali della Certosa di San Martino. Gravemente malato, Ribera rallent\u00f2 notevolmente la sua attivit\u00e0 negli ultimi anni. Mor\u00ec e fu sepolto a Napoli.<\/p>\n<\/div>\n<p><\/p>\n","protected":false},"excerpt":{"rendered":"<p>Jusepe de Ribera, detto &#8220;lo Spagnoletto&#8221; Jusepe de Ribera, detto &#8220;lo Spagnoletto&#8221; (1591-1652) nacque a J\u00e1tiva, nel regno di Valencia, ma si stabil\u00ec ancor giovane in Italia. Dopo aver soggiornato per qualche tempo in Lombardia e in Emilia, arriv\u00f2 a Roma nel 1615, e qui&hellip;<\/p>\n","protected":false},"author":1,"featured_media":0,"parent":6075,"menu_order":0,"comment_status":"closed","ping_status":"closed","template":"","meta":{"footnotes":""},"class_list":["post-6287","page","type-page","status-publish","hentry"],"_links":{"self":[{"href":"https:\/\/digitalhistory.unite.it\/es\/wp-json\/wp\/v2\/pages\/6287","targetHints":{"allow":["GET"]}}],"collection":[{"href":"https:\/\/digitalhistory.unite.it\/es\/wp-json\/wp\/v2\/pages"}],"about":[{"href":"https:\/\/digitalhistory.unite.it\/es\/wp-json\/wp\/v2\/types\/page"}],"author":[{"embeddable":true,"href":"https:\/\/digitalhistory.unite.it\/es\/wp-json\/wp\/v2\/users\/1"}],"replies":[{"embeddable":true,"href":"https:\/\/digitalhistory.unite.it\/es\/wp-json\/wp\/v2\/comments?post=6287"}],"version-history":[{"count":3,"href":"https:\/\/digitalhistory.unite.it\/es\/wp-json\/wp\/v2\/pages\/6287\/revisions"}],"predecessor-version":[{"id":10909,"href":"https:\/\/digitalhistory.unite.it\/es\/wp-json\/wp\/v2\/pages\/6287\/revisions\/10909"}],"up":[{"embeddable":true,"href":"https:\/\/digitalhistory.unite.it\/es\/wp-json\/wp\/v2\/pages\/6075"}],"wp:attachment":[{"href":"https:\/\/digitalhistory.unite.it\/es\/wp-json\/wp\/v2\/media?parent=6287"}],"curies":[{"name":"wp","href":"https:\/\/api.w.org\/{rel}","templated":true}]}}