{"id":6289,"date":"2021-08-20T00:03:16","date_gmt":"2021-08-19T22:03:16","guid":{"rendered":"https:\/\/digitalhistory.unite.it\/gregorio-xv\/"},"modified":"2021-11-23T15:27:16","modified_gmt":"2021-11-23T14:27:16","slug":"gregorio-xv","status":"publish","type":"page","link":"https:\/\/digitalhistory.unite.it\/es\/territori\/percorsi-trans-nazionali\/pittura-barocca\/tiziano\/gregorio-xv\/","title":{"rendered":"Gregorio XV"},"content":{"rendered":"<h1>Gregorio XV <\/h1>\n<div class=\"testo\">\n<p style=\"text-align: justify\"><img loading=\"lazy\" decoding=\"async\" src=\"https:\/\/digitalhistory.unite.it\/wp-content\/uploads\/2021\/08\/pope_gregory_xv_203x279.jpg\" width=\"203\" height=\"279\" alt=\"Gregorio XV\" align=\"left\">Alessandro Ludovisi (1554-1623) era figlio del conte Pompeo Ludovisi. Come molti pontefici dell&#8217;epoca, anch&#8217;egli proveniva da una brillante carriera legale all&#8217;interno della Curia. Gi\u00e0 arcivescovo di Bologna e nunzio straordinario in Savoia, venne eletto papa nel conclave del 1621, succedendo a Paolo V Borghese. Scelse di chiamarsi Gregorio XV, ma il suo pontificato dur\u00f2 appena due anni. Influ\u00ec poco sullo sviluppo della politica europea, ma il suo nome rimane comunque importante perch\u00e9 durante il suo mandato (1622) venne fondata la Congregazione della Propagazione della Fede (<em>De Propaganda Fide<\/em>), incaricata della diffusione della fede e destinata a ricoprire un ruolo cruciale nei decenni seguenti. Gregorio XV fu anche il papa che promosse cardinale il futuro ministro favorito della corte di Luigi XIII di Francia: Armand-Jean du Plessis de Richelieu.<\/p>\n<\/div>\n<p><\/p>\n","protected":false},"excerpt":{"rendered":"<p>Gregorio XV Alessandro Ludovisi (1554-1623) era figlio del conte Pompeo Ludovisi. Come molti pontefici dell&#8217;epoca, anch&#8217;egli proveniva da una brillante carriera legale all&#8217;interno della Curia. Gi\u00e0 arcivescovo di Bologna e nunzio straordinario in Savoia, venne eletto papa nel conclave del 1621, succedendo a Paolo V&hellip;<\/p>\n","protected":false},"author":1,"featured_media":0,"parent":6070,"menu_order":0,"comment_status":"closed","ping_status":"closed","template":"","meta":{"footnotes":""},"class_list":["post-6289","page","type-page","status-publish","hentry"],"_links":{"self":[{"href":"https:\/\/digitalhistory.unite.it\/es\/wp-json\/wp\/v2\/pages\/6289","targetHints":{"allow":["GET"]}}],"collection":[{"href":"https:\/\/digitalhistory.unite.it\/es\/wp-json\/wp\/v2\/pages"}],"about":[{"href":"https:\/\/digitalhistory.unite.it\/es\/wp-json\/wp\/v2\/types\/page"}],"author":[{"embeddable":true,"href":"https:\/\/digitalhistory.unite.it\/es\/wp-json\/wp\/v2\/users\/1"}],"replies":[{"embeddable":true,"href":"https:\/\/digitalhistory.unite.it\/es\/wp-json\/wp\/v2\/comments?post=6289"}],"version-history":[{"count":3,"href":"https:\/\/digitalhistory.unite.it\/es\/wp-json\/wp\/v2\/pages\/6289\/revisions"}],"predecessor-version":[{"id":10902,"href":"https:\/\/digitalhistory.unite.it\/es\/wp-json\/wp\/v2\/pages\/6289\/revisions\/10902"}],"up":[{"embeddable":true,"href":"https:\/\/digitalhistory.unite.it\/es\/wp-json\/wp\/v2\/pages\/6070"}],"wp:attachment":[{"href":"https:\/\/digitalhistory.unite.it\/es\/wp-json\/wp\/v2\/media?parent=6289"}],"curies":[{"name":"wp","href":"https:\/\/api.w.org\/{rel}","templated":true}]}}