{"id":6292,"date":"2021-08-19T22:03:16","date_gmt":"2021-08-19T20:03:16","guid":{"rendered":"https:\/\/digitalhistory.unite.it\/siviglia\/"},"modified":"2021-11-23T15:26:40","modified_gmt":"2021-11-23T14:26:40","slug":"siviglia","status":"publish","type":"page","link":"https:\/\/digitalhistory.unite.it\/es\/temi\/feste-e-rituali\/i-giganti-in-spagna\/siviglia\/","title":{"rendered":"Siviglia"},"content":{"rendered":"<h1>Siviglia <\/h1>\n<div class=\"testo\">\n<p style=\"text-align: justify\"><img loading=\"lazy\" decoding=\"async\" src=\"https:\/\/digitalhistory.unite.it\/wp-content\/uploads\/2021\/08\/plazaespanasevilla_251x188.jpg\" width=\"251\" height=\"188\" alt=\"Siviglia\" align=\"left\">Conquistata prima dai Visigoti (V secolo) e poi dei Mussulmani (VIII secolo), Siviglia entr\u00f2 a far parte del regno di Castiglia e Le\u00f3n nel 1248, mantenendo nei secoli successivi un ruolo di primo piano all&#8217;interno della monarchia spagnola. Nel 1481 si tenne a Siviglia il primo <em>auto de fe<\/em> celebrato dall&#8217;Inquisizione spagnola, ma la storia della citt\u00e0 cambi\u00f2 soprattutto con la scoperta delle Americhe (1492). Siviglia divenne il centro del commercio e delle comunicazioni con il Nuovo Mondo (attraverso la <em>Casa de Contrataci\u00f3n<\/em> e la <em>Universidad de Mercaderes<\/em>), diventando in questo modo una citt\u00e0 cosmopolita e popolosa: nel corso del XVI secolo super\u00f2 i 100.000 abitanti. Alla stessa epoca risale una cospicua parte del patrimonio artistico locale. Caduta in crisi, come tutto il regno di Castiglia, nel XVII secolo, Siviglia venne decimata dall&#8217;epidemia di peste del 1649, durante la quale mor\u00ec quasi la met\u00e0 della popolazione. Dal punto di vista culturale, per\u00f2, la Siviglia controriformistica e barocca, ricca di chiese e conventi, fior\u00ec grazie alla maestria di artisti quali Vald\u00e9s Leal, Zurbar\u00e1n, Murillo, Mart\u00ednez Monta\u00f1\u00e9s e Juan de Mesa. Nel 1717 la <em>Casa de Contrataci\u00f3n<\/em> venne spostata a Cadice, con conseguente danno economico e politico per Siviglia. Il terremoto di Lisbona del 1755 caus\u00f2 morti e gravi danni al patrimonio artistico della citt\u00e0 (nella foto: Plaza de Espa\u00f1a, Siviglia).<\/p>\n<\/div>\n<p><\/p>\n","protected":false},"excerpt":{"rendered":"<p>Siviglia Conquistata prima dai Visigoti (V secolo) e poi dei Mussulmani (VIII secolo), Siviglia entr\u00f2 a far parte del regno di Castiglia e Le\u00f3n nel 1248, mantenendo nei secoli successivi un ruolo di primo piano all&#8217;interno della monarchia spagnola. Nel 1481 si tenne a Siviglia&hellip;<\/p>\n","protected":false},"author":1,"featured_media":0,"parent":6181,"menu_order":0,"comment_status":"closed","ping_status":"closed","template":"","meta":{"footnotes":""},"class_list":["post-6292","page","type-page","status-publish","hentry"],"_links":{"self":[{"href":"https:\/\/digitalhistory.unite.it\/es\/wp-json\/wp\/v2\/pages\/6292","targetHints":{"allow":["GET"]}}],"collection":[{"href":"https:\/\/digitalhistory.unite.it\/es\/wp-json\/wp\/v2\/pages"}],"about":[{"href":"https:\/\/digitalhistory.unite.it\/es\/wp-json\/wp\/v2\/types\/page"}],"author":[{"embeddable":true,"href":"https:\/\/digitalhistory.unite.it\/es\/wp-json\/wp\/v2\/users\/1"}],"replies":[{"embeddable":true,"href":"https:\/\/digitalhistory.unite.it\/es\/wp-json\/wp\/v2\/comments?post=6292"}],"version-history":[{"count":3,"href":"https:\/\/digitalhistory.unite.it\/es\/wp-json\/wp\/v2\/pages\/6292\/revisions"}],"predecessor-version":[{"id":10508,"href":"https:\/\/digitalhistory.unite.it\/es\/wp-json\/wp\/v2\/pages\/6292\/revisions\/10508"}],"up":[{"embeddable":true,"href":"https:\/\/digitalhistory.unite.it\/es\/wp-json\/wp\/v2\/pages\/6181"}],"wp:attachment":[{"href":"https:\/\/digitalhistory.unite.it\/es\/wp-json\/wp\/v2\/media?parent=6292"}],"curies":[{"name":"wp","href":"https:\/\/api.w.org\/{rel}","templated":true}]}}