{"id":6621,"date":"2021-08-20T00:03:44","date_gmt":"2021-08-19T22:03:44","guid":{"rendered":"https:\/\/digitalhistory.unite.it\/benigno\/"},"modified":"2021-11-23T15:28:44","modified_gmt":"2021-11-23T14:28:44","slug":"benigno","status":"publish","type":"page","link":"https:\/\/digitalhistory.unite.it\/es\/benigno\/","title":{"rendered":"Francesco Benigno (coordinador)"},"content":{"rendered":"<h1>Francesco Benigno (coordinador) <\/h1>\n<div class=\"testo\">\n<p style=\"text-align: justify\"><img loading=\"lazy\" decoding=\"async\" src=\"https:\/\/digitalhistory.unite.it\/wp-content\/uploads\/2021\/08\/foto_benigno_219x219.jpg\" width=\"219\" height=\"219\" alt=\"Benigno\" align=\"left\">Desde 1993 es Profesor de Historia Moderna en la Universidad de Teramo, fue decano de la Facultad de Ciencias de la Comunicaci\u00f3n durante ocho a\u00f1os. Tambi\u00e9n es director del IMES, Instituto Meridional de Historia y Ciencias Sociales, y miembro de los consejos editoriales de las revistas acad\u00e9micas &#8220;Storica&#8221; y &#8220;Meridiana, Rivista di storia e scienze sociali&#8221;. Ha publicado m\u00e1s de cien art\u00edculos y ensayos en las revistas italianas e internacionales m\u00e1s importantes, as\u00ed como libros sobre la historia social y econ\u00f3mica del Mediterr\u00e1neo y sobre la historia pol\u00edtica de Europa durante la Edad Moderna. Su \u00faltimo libro es <em>Parole nel tempo. Un lessico per pensare la storia,<\/em>&nbsp;Viella, ya traducido al espa<span>\u00f1ol<\/span>. Entre sus obras, <em>L&#8217;ombra del re. Ministri e lotta politica nella Spagna del Seicento<\/em> que ha sido traducida al espa\u00f1ol, mientras que <em>Specchi della Rivoluzione. Conflitto e identit\u00e0 politica nell&#8217;Europa moderna<\/em>&nbsp;ha sido publicada tanto en espa\u00f1ol como en Ingl\u00e9s. Tambi\u00e9n ha escrito manuales generales de historia europea moderna.<\/p>\n<\/p><\/div>\n<p><\/p>\n","protected":false},"excerpt":{"rendered":"<p>Francesco Benigno (coordinador) Desde 1993 es Profesor de Historia Moderna en la Universidad de Teramo, fue decano de la Facultad de Ciencias de la Comunicaci\u00f3n durante ocho a\u00f1os. Tambi\u00e9n es director del IMES, Instituto Meridional de Historia y Ciencias Sociales, y miembro de los consejos&hellip;<\/p>\n","protected":false},"author":1,"featured_media":0,"parent":0,"menu_order":0,"comment_status":"closed","ping_status":"closed","template":"","meta":{"footnotes":""},"class_list":["post-6621","page","type-page","status-publish","hentry"],"_links":{"self":[{"href":"https:\/\/digitalhistory.unite.it\/es\/wp-json\/wp\/v2\/pages\/6621","targetHints":{"allow":["GET"]}}],"collection":[{"href":"https:\/\/digitalhistory.unite.it\/es\/wp-json\/wp\/v2\/pages"}],"about":[{"href":"https:\/\/digitalhistory.unite.it\/es\/wp-json\/wp\/v2\/types\/page"}],"author":[{"embeddable":true,"href":"https:\/\/digitalhistory.unite.it\/es\/wp-json\/wp\/v2\/users\/1"}],"replies":[{"embeddable":true,"href":"https:\/\/digitalhistory.unite.it\/es\/wp-json\/wp\/v2\/comments?post=6621"}],"version-history":[{"count":2,"href":"https:\/\/digitalhistory.unite.it\/es\/wp-json\/wp\/v2\/pages\/6621\/revisions"}],"predecessor-version":[{"id":11842,"href":"https:\/\/digitalhistory.unite.it\/es\/wp-json\/wp\/v2\/pages\/6621\/revisions\/11842"}],"wp:attachment":[{"href":"https:\/\/digitalhistory.unite.it\/es\/wp-json\/wp\/v2\/media?parent=6621"}],"curies":[{"name":"wp","href":"https:\/\/api.w.org\/{rel}","templated":true}]}}