{"id":6622,"date":"2021-08-20T00:03:44","date_gmt":"2021-08-19T22:03:44","guid":{"rendered":"https:\/\/digitalhistory.unite.it\/bazzano\/"},"modified":"2021-11-23T17:45:10","modified_gmt":"2021-11-23T16:45:10","slug":"bazzano","status":"publish","type":"page","link":"https:\/\/digitalhistory.unite.it\/es\/quienes-somos\/bazzano\/","title":{"rendered":"Nicoletta Bazzano"},"content":{"rendered":"<h1>Nicoletta Bazzano <\/h1>\n<div class=\"testo\">\n<p style=\"text-align: justify\"><img loading=\"lazy\" decoding=\"async\" src=\"https:\/\/digitalhistory.unite.it\/wp-content\/uploads\/2021\/08\/s200_nicoletta.bazzano_219x219.jpg\" width=\"219\" height=\"219\" alt=\"Bazzano\" align=\"left\">Nicoletta Bazzano es profesora asociada de Historia Moderna (M-STO\/02). Ense\u00f1a Instituciones de Historia pol\u00edtica, econ\u00f3mica y social en el curso trienal de Ciencias de la Comunicaci\u00f3n. Sus estudios se centran en la historia pol\u00edtico-institucional y cultural del Quinientos y Seiscientos en la Italia espa\u00f1ola y en la historia de la moda del Novecientos. Entre sus principales publicaciones, <em>Marco Antonio Colonna<\/em> (Roma 2003), <em>La donna perfetta. Storia di Barbie<\/em> (Roma-Bari 2008), <em>Donna Italia. Storia di un&#8217;allegoria dall&#8217;antichit\u00e0 ai giorni nostri<\/em>&nbsp;(Costabissara 2011). Actualmente trabaja sobre las ceremonias barrocas en Palermo y en la Sicilia espa\u00f1ola entre los siglos XVI y XVIII.<\/p>\n<\/div>\n","protected":false},"excerpt":{"rendered":"<p>Nicoletta Bazzano Nicoletta Bazzano es profesora asociada de Historia Moderna (M-STO\/02). Ense\u00f1a Instituciones de Historia pol\u00edtica, econ\u00f3mica y social en el curso trienal de Ciencias de la Comunicaci\u00f3n. Sus estudios se centran en la historia pol\u00edtico-institucional y cultural del Quinientos y Seiscientos en la Italia&hellip;<\/p>\n","protected":false},"author":1,"featured_media":0,"parent":5902,"menu_order":0,"comment_status":"closed","ping_status":"closed","template":"","meta":{"footnotes":""},"class_list":["post-6622","page","type-page","status-publish","hentry"],"_links":{"self":[{"href":"https:\/\/digitalhistory.unite.it\/es\/wp-json\/wp\/v2\/pages\/6622","targetHints":{"allow":["GET"]}}],"collection":[{"href":"https:\/\/digitalhistory.unite.it\/es\/wp-json\/wp\/v2\/pages"}],"about":[{"href":"https:\/\/digitalhistory.unite.it\/es\/wp-json\/wp\/v2\/types\/page"}],"author":[{"embeddable":true,"href":"https:\/\/digitalhistory.unite.it\/es\/wp-json\/wp\/v2\/users\/1"}],"replies":[{"embeddable":true,"href":"https:\/\/digitalhistory.unite.it\/es\/wp-json\/wp\/v2\/comments?post=6622"}],"version-history":[{"count":2,"href":"https:\/\/digitalhistory.unite.it\/es\/wp-json\/wp\/v2\/pages\/6622\/revisions"}],"predecessor-version":[{"id":11855,"href":"https:\/\/digitalhistory.unite.it\/es\/wp-json\/wp\/v2\/pages\/6622\/revisions\/11855"}],"up":[{"embeddable":true,"href":"https:\/\/digitalhistory.unite.it\/es\/wp-json\/wp\/v2\/pages\/5902"}],"wp:attachment":[{"href":"https:\/\/digitalhistory.unite.it\/es\/wp-json\/wp\/v2\/media?parent=6622"}],"curies":[{"name":"wp","href":"https:\/\/api.w.org\/{rel}","templated":true}]}}