{"id":6623,"date":"2021-08-20T00:03:44","date_gmt":"2021-08-19T22:03:44","guid":{"rendered":"https:\/\/digitalhistory.unite.it\/besutti\/"},"modified":"2021-11-23T17:45:10","modified_gmt":"2021-11-23T16:45:10","slug":"besutti","status":"publish","type":"page","link":"https:\/\/digitalhistory.unite.it\/es\/quienes-somos\/besutti\/","title":{"rendered":"Paola Besutti"},"content":{"rendered":"<h1>Paola Besutti <\/h1>\n<div class=\"testo\">\n<p style=\"text-align: justify\">Music\u00f3loga y pianista, despu\u00e9s de haber ense\u00f1ado en las universidades de Parma (Facultad de Letras) y Lecce (Facultad de Bienes Culturales) es actualmente profesora de M\u00fasica y Comunicaci\u00f3n en la Facultad de Ciencias de la Comunicaci\u00f3n de la Universidad de Teramo. Directora de la &#8220;Rivista italiana di Musicologia&#8221; (2003-2010), es miembro ordinario de la Academia Nacional Virgiliana de Ciencias, Letras y Artes (Mantova), para la que rese\u00f1a los Conciertos de la Academia (desde 2006). Su investigaci\u00f3n se centra principalmente en la m\u00fasica de la primera edad moderna: \u00f3pera, oratorio, m\u00fasica para danza, m\u00fasica instrumental, la relaci\u00f3n entre la m\u00fasica y el teatro, espacios musicales. Entre sus publicaciones destacan: <em>Spaces for Music in Renaissance Mantua<\/em> (Monteverdi Companion, ed. by J. Whenam, Cambridge 2007), y la monograf\u00eda sobre Carlo Tessarini da Rimini, violinista y compositor coet\u00e1neo de Bach (Lucca 2012).<\/p>\n<\/div>\n","protected":false},"excerpt":{"rendered":"<p>Paola Besutti Music\u00f3loga y pianista, despu\u00e9s de haber ense\u00f1ado en las universidades de Parma (Facultad de Letras) y Lecce (Facultad de Bienes Culturales) es actualmente profesora de M\u00fasica y Comunicaci\u00f3n en la Facultad de Ciencias de la Comunicaci\u00f3n de la Universidad de Teramo. Directora de&hellip;<\/p>\n","protected":false},"author":1,"featured_media":0,"parent":5902,"menu_order":0,"comment_status":"closed","ping_status":"closed","template":"","meta":{"footnotes":""},"class_list":["post-6623","page","type-page","status-publish","hentry"],"_links":{"self":[{"href":"https:\/\/digitalhistory.unite.it\/es\/wp-json\/wp\/v2\/pages\/6623","targetHints":{"allow":["GET"]}}],"collection":[{"href":"https:\/\/digitalhistory.unite.it\/es\/wp-json\/wp\/v2\/pages"}],"about":[{"href":"https:\/\/digitalhistory.unite.it\/es\/wp-json\/wp\/v2\/types\/page"}],"author":[{"embeddable":true,"href":"https:\/\/digitalhistory.unite.it\/es\/wp-json\/wp\/v2\/users\/1"}],"replies":[{"embeddable":true,"href":"https:\/\/digitalhistory.unite.it\/es\/wp-json\/wp\/v2\/comments?post=6623"}],"version-history":[{"count":2,"href":"https:\/\/digitalhistory.unite.it\/es\/wp-json\/wp\/v2\/pages\/6623\/revisions"}],"predecessor-version":[{"id":11856,"href":"https:\/\/digitalhistory.unite.it\/es\/wp-json\/wp\/v2\/pages\/6623\/revisions\/11856"}],"up":[{"embeddable":true,"href":"https:\/\/digitalhistory.unite.it\/es\/wp-json\/wp\/v2\/pages\/5902"}],"wp:attachment":[{"href":"https:\/\/digitalhistory.unite.it\/es\/wp-json\/wp\/v2\/media?parent=6623"}],"curies":[{"name":"wp","href":"https:\/\/api.w.org\/{rel}","templated":true}]}}