{"id":6624,"date":"2021-08-20T00:03:44","date_gmt":"2021-08-19T22:03:44","guid":{"rendered":"https:\/\/digitalhistory.unite.it\/gallo\/"},"modified":"2021-11-23T17:45:10","modified_gmt":"2021-11-23T16:45:10","slug":"gallo","status":"publish","type":"page","link":"https:\/\/digitalhistory.unite.it\/es\/quienes-somos\/gallo\/","title":{"rendered":"Francesca Fausta Gallo"},"content":{"rendered":"<h1>Francesca Fausta Gallo <\/h1>\n<div class=\"testo\">\n<p style=\"text-align: justify\">Francesca Fausta Gallo es profesora de Historia Moderna en la Facultad de Ciencias Pol\u00edticas de la Universidad de Teramo. Se ha ocupado de la historia econ\u00f3mica y social de Sicilia en los siglos XVI y XVIII; de la estructura y la evoluci\u00f3n de los patriciados urbanos, de la sismolog\u00eda hist\u00f3rica; la historia pol\u00edtica y cultural de Europa en el siglo XVIII; did\u00e1ctica de la historia; la historia social en el sur de Italia en el siglo XIX. Entre sus publicaciones destacan las monograf\u00edas: <em>L&#8217;alba dei Gattopardi. La formazione della classe dirigente nella Sicilia austriaca (1719-1734)<\/em>, Meridiana libri, Catanzaro-Roma 1996; <em>Dai gigli alle coccarde. Il conflitto politico in Abruzzo (1770-1815)<\/em>, Carocci, Roma 2002; <em>Siracusa barocca. Politica e cultura nell&#8217;et\u00e0 spagnola<\/em>, Viella ed., Roma 2008.<\/p>\n<\/div>\n","protected":false},"excerpt":{"rendered":"<p>Francesca Fausta Gallo Francesca Fausta Gallo es profesora de Historia Moderna en la Facultad de Ciencias Pol\u00edticas de la Universidad de Teramo. Se ha ocupado de la historia econ\u00f3mica y social de Sicilia en los siglos XVI y XVIII; de la estructura y la evoluci\u00f3n&hellip;<\/p>\n","protected":false},"author":1,"featured_media":0,"parent":5902,"menu_order":0,"comment_status":"closed","ping_status":"closed","template":"","meta":{"footnotes":""},"class_list":["post-6624","page","type-page","status-publish","hentry"],"_links":{"self":[{"href":"https:\/\/digitalhistory.unite.it\/es\/wp-json\/wp\/v2\/pages\/6624","targetHints":{"allow":["GET"]}}],"collection":[{"href":"https:\/\/digitalhistory.unite.it\/es\/wp-json\/wp\/v2\/pages"}],"about":[{"href":"https:\/\/digitalhistory.unite.it\/es\/wp-json\/wp\/v2\/types\/page"}],"author":[{"embeddable":true,"href":"https:\/\/digitalhistory.unite.it\/es\/wp-json\/wp\/v2\/users\/1"}],"replies":[{"embeddable":true,"href":"https:\/\/digitalhistory.unite.it\/es\/wp-json\/wp\/v2\/comments?post=6624"}],"version-history":[{"count":2,"href":"https:\/\/digitalhistory.unite.it\/es\/wp-json\/wp\/v2\/pages\/6624\/revisions"}],"predecessor-version":[{"id":11852,"href":"https:\/\/digitalhistory.unite.it\/es\/wp-json\/wp\/v2\/pages\/6624\/revisions\/11852"}],"up":[{"embeddable":true,"href":"https:\/\/digitalhistory.unite.it\/es\/wp-json\/wp\/v2\/pages\/5902"}],"wp:attachment":[{"href":"https:\/\/digitalhistory.unite.it\/es\/wp-json\/wp\/v2\/media?parent=6624"}],"curies":[{"name":"wp","href":"https:\/\/api.w.org\/{rel}","templated":true}]}}