{"id":6625,"date":"2021-08-20T00:03:44","date_gmt":"2021-08-19T22:03:44","guid":{"rendered":"https:\/\/digitalhistory.unite.it\/giannini\/"},"modified":"2021-11-23T17:45:10","modified_gmt":"2021-11-23T16:45:10","slug":"giannini","status":"publish","type":"page","link":"https:\/\/digitalhistory.unite.it\/es\/quienes-somos\/giannini\/","title":{"rendered":"Massimo Carlo Giannini"},"content":{"rendered":"<h1>Massimo Carlo Giannini <\/h1>\n<div class=\"testo\">\n<p style=\"text-align: justify\"><img loading=\"lazy\" decoding=\"async\" src=\"https:\/\/digitalhistory.unite.it\/wp-content\/uploads\/2021\/08\/giusta_218x164.jpg\" width=\"218\" height=\"164\" alt=\"Giannini\" align=\"left\">Ha obtenido el Doctorado de investigaci\u00f3n en Ciencias Hist\u00f3ricas (1997) y es investigador de Historia Moderna en la Facultad de Ciencias de la Comunicaci\u00f3n (2005). Sus estudios est\u00e1n en relaci\u00f3n con la Historia de las finanzas y la Historia de las Instituciones eclesi\u00e1sticas en \u00e9poca moderna, con especial atenci\u00f3n a las \u00f3rdenes religiosas y a los territorios italianos bajo el gobierno de la Monarqu\u00eda espa\u00f1ola. Para m\u00e1s informaci\u00f3n:<\/p>\n<p>&nbsp;<\/p>\n<p><a href=\"http:\/\/uniteramo.academia.edu\/MassimoCarloGiannini\" target=\"_blank\" rel=\"noopener\">http:\/\/uniteramo.academia.edu\/MassimoCarloGiannini<\/a><\/p>\n<\/p><\/div>\n<p><\/p>\n","protected":false},"excerpt":{"rendered":"<p>Massimo Carlo Giannini Ha obtenido el Doctorado de investigaci\u00f3n en Ciencias Hist\u00f3ricas (1997) y es investigador de Historia Moderna en la Facultad de Ciencias de la Comunicaci\u00f3n (2005). Sus estudios est\u00e1n en relaci\u00f3n con la Historia de las finanzas y la Historia de las Instituciones&hellip;<\/p>\n","protected":false},"author":1,"featured_media":0,"parent":5902,"menu_order":0,"comment_status":"closed","ping_status":"closed","template":"","meta":{"footnotes":""},"class_list":["post-6625","page","type-page","status-publish","hentry"],"_links":{"self":[{"href":"https:\/\/digitalhistory.unite.it\/es\/wp-json\/wp\/v2\/pages\/6625","targetHints":{"allow":["GET"]}}],"collection":[{"href":"https:\/\/digitalhistory.unite.it\/es\/wp-json\/wp\/v2\/pages"}],"about":[{"href":"https:\/\/digitalhistory.unite.it\/es\/wp-json\/wp\/v2\/types\/page"}],"author":[{"embeddable":true,"href":"https:\/\/digitalhistory.unite.it\/es\/wp-json\/wp\/v2\/users\/1"}],"replies":[{"embeddable":true,"href":"https:\/\/digitalhistory.unite.it\/es\/wp-json\/wp\/v2\/comments?post=6625"}],"version-history":[{"count":2,"href":"https:\/\/digitalhistory.unite.it\/es\/wp-json\/wp\/v2\/pages\/6625\/revisions"}],"predecessor-version":[{"id":11854,"href":"https:\/\/digitalhistory.unite.it\/es\/wp-json\/wp\/v2\/pages\/6625\/revisions\/11854"}],"up":[{"embeddable":true,"href":"https:\/\/digitalhistory.unite.it\/es\/wp-json\/wp\/v2\/pages\/5902"}],"wp:attachment":[{"href":"https:\/\/digitalhistory.unite.it\/es\/wp-json\/wp\/v2\/media?parent=6625"}],"curies":[{"name":"wp","href":"https:\/\/api.w.org\/{rel}","templated":true}]}}