{"id":6626,"date":"2021-08-20T00:03:44","date_gmt":"2021-08-19T22:03:44","guid":{"rendered":"https:\/\/digitalhistory.unite.it\/guarnieri\/"},"modified":"2021-11-23T17:45:10","modified_gmt":"2021-11-23T16:45:10","slug":"guarnieri","status":"publish","type":"page","link":"https:\/\/digitalhistory.unite.it\/es\/quienes-somos\/guarnieri\/","title":{"rendered":"Luigi Guarnieri Cal\u00f2 Carducci"},"content":{"rendered":"<h1>Luigi Guarnieri Cal\u00f2 Carducci <\/h1>\n<div class=\"testo\">\n<p style=\"text-align: justify\"><img loading=\"lazy\" decoding=\"async\" src=\"https:\/\/digitalhistory.unite.it\/wp-content\/uploads\/2021\/08\/foto_guarnieri_188x212.jpg\" width=\"188\" height=\"212\" alt=\"Guarnieri\" align=\"left\">Luigi Guarnieri Cal\u00f2 Carducci es doctor en Doctrinas pol\u00edticas, instituciones pol\u00edticas y filosof\u00eda pol\u00edtica (Universidad &#8220;La Sapienza&#8221;, Roma, Italia), es un investigador de la Facultad de Ciencias Pol\u00edticas de la Universidad de Teramo, donde es profesor de Historia e instituciones de las Am\u00e9ricas; en la Universidad LUISS &#8220;Guido Carli&#8221; ense\u00f1a Historia de las Am\u00e9ricas. Es autor de numerosos art\u00edculos sobre la Am\u00e9rica colonial y el arte contempor\u00e1neo, en particular, sobre el \u00e1rea andina, entre ellos: <em>La questione indigena in Per\u00f9<\/em>, Roma, Bulzoni, 2010; <em>Idolatria e identit\u00e0 creola in Per\u00f9. Le cronache andine tra Cinquecento e Seicento<\/em>, Roma, Viella, 2007; D<em>izionario storico-biografico degli italiani in Ecuador e Bolivia<\/em>, Bologna, Il Mulino, 2001; <em>Nuovo Mondo e ordine politico. La Compagnia di Ges\u00f9 in Per\u00f9 e l&#8217;attivit\u00e0 di Jos\u00e9 de Acosta<\/em>, Rimini, Il Cerchio, 1997.<\/p>\n<\/p><\/div>\n<p><\/p>\n","protected":false},"excerpt":{"rendered":"<p>Luigi Guarnieri Cal\u00f2 Carducci Luigi Guarnieri Cal\u00f2 Carducci es doctor en Doctrinas pol\u00edticas, instituciones pol\u00edticas y filosof\u00eda pol\u00edtica (Universidad &#8220;La Sapienza&#8221;, Roma, Italia), es un investigador de la Facultad de Ciencias Pol\u00edticas de la Universidad de Teramo, donde es profesor de Historia e instituciones de&hellip;<\/p>\n","protected":false},"author":1,"featured_media":0,"parent":5902,"menu_order":0,"comment_status":"closed","ping_status":"closed","template":"","meta":{"footnotes":""},"class_list":["post-6626","page","type-page","status-publish","hentry"],"_links":{"self":[{"href":"https:\/\/digitalhistory.unite.it\/es\/wp-json\/wp\/v2\/pages\/6626","targetHints":{"allow":["GET"]}}],"collection":[{"href":"https:\/\/digitalhistory.unite.it\/es\/wp-json\/wp\/v2\/pages"}],"about":[{"href":"https:\/\/digitalhistory.unite.it\/es\/wp-json\/wp\/v2\/types\/page"}],"author":[{"embeddable":true,"href":"https:\/\/digitalhistory.unite.it\/es\/wp-json\/wp\/v2\/users\/1"}],"replies":[{"embeddable":true,"href":"https:\/\/digitalhistory.unite.it\/es\/wp-json\/wp\/v2\/comments?post=6626"}],"version-history":[{"count":2,"href":"https:\/\/digitalhistory.unite.it\/es\/wp-json\/wp\/v2\/pages\/6626\/revisions"}],"predecessor-version":[{"id":11853,"href":"https:\/\/digitalhistory.unite.it\/es\/wp-json\/wp\/v2\/pages\/6626\/revisions\/11853"}],"up":[{"embeddable":true,"href":"https:\/\/digitalhistory.unite.it\/es\/wp-json\/wp\/v2\/pages\/5902"}],"wp:attachment":[{"href":"https:\/\/digitalhistory.unite.it\/es\/wp-json\/wp\/v2\/media?parent=6626"}],"curies":[{"name":"wp","href":"https:\/\/api.w.org\/{rel}","templated":true}]}}