{"id":6627,"date":"2021-08-20T00:03:44","date_gmt":"2021-08-19T22:03:44","guid":{"rendered":"https:\/\/digitalhistory.unite.it\/morselli\/"},"modified":"2021-11-23T15:28:45","modified_gmt":"2021-11-23T14:28:45","slug":"morselli","status":"publish","type":"page","link":"https:\/\/digitalhistory.unite.it\/es\/quienes-somos\/morselli\/","title":{"rendered":"Raffaella Morselli"},"content":{"rendered":"<h1>Raffaella Morselli <\/h1>\n<div class=\"testo\">\n<p style=\"text-align: justify\"><img loading=\"lazy\" decoding=\"async\" src=\"https:\/\/digitalhistory.unite.it\/wp-content\/uploads\/2021\/08\/clip_image002_220x210.jpg\" width=\"220\" height=\"210\" alt=\"Morselli\" align=\"left\">Raffaella Morselli es profesora de Historia del Arte Moderna en la Facultad de Ciencias de la Comunicaci\u00f3n de la Universidad de Teramo. Se ocupa del coleccionismo, comisionado y mercado del arte de los siglos XVI y XVII, sobre todo de Guido Reni y el \u00e1rea de Bolonia, de los Gonzaga de Mantua y las relaciones entre los artistas y la corte en el siglo XVII. Tiene cientos de monograf\u00edas, cat\u00e1logos de museos, art\u00edculos, ediciones de vol\u00famenes de exposiciones y art\u00edculos en revistas internacionales. Es <em>visiting professor<\/em> de numerosas universidades italianas y extranjeras. Forma parte de los comit\u00e9s cient\u00edficos de varias exposiciones y revistas internacionales, tanto en su campo como el interdisciplinario. Ha sido <em>Reserch fellow<\/em> del Getty Center (Los Angeles) desde 1990 hasta 1994. Entre sus monograf\u00edas destacan para el \u00e1rea de Bolonia: <em>Collezionisti e quadrerie nella Bologna del Seicento<\/em> (Los Angeles, 1998), <em>Repertorio per lo studio del collezionismo bolognese del Seicento<\/em> (Bologna, 1997), <em>I disegni della Biblioteca Nacional di Rio de Janeiro<\/em> (Milano, 1995); para el \u00e1rea gonzaguesca, <em>Le collezioni Gonzaga. L&#8217;elenco dei beni del 1626-1627<\/em> (2000); <em>Le collezioni Gonzaga. La quadreria<\/em> (2006).<\/p>\n<\/p><\/div>\n<p><\/p>\n","protected":false},"excerpt":{"rendered":"<p>Raffaella Morselli Raffaella Morselli es profesora de Historia del Arte Moderna en la Facultad de Ciencias de la Comunicaci\u00f3n de la Universidad de Teramo. Se ocupa del coleccionismo, comisionado y mercado del arte de los siglos XVI y XVII, sobre todo de Guido Reni y&hellip;<\/p>\n","protected":false},"author":1,"featured_media":0,"parent":5902,"menu_order":0,"comment_status":"closed","ping_status":"closed","template":"","meta":{"footnotes":""},"class_list":["post-6627","page","type-page","status-publish","hentry"],"_links":{"self":[{"href":"https:\/\/digitalhistory.unite.it\/es\/wp-json\/wp\/v2\/pages\/6627","targetHints":{"allow":["GET"]}}],"collection":[{"href":"https:\/\/digitalhistory.unite.it\/es\/wp-json\/wp\/v2\/pages"}],"about":[{"href":"https:\/\/digitalhistory.unite.it\/es\/wp-json\/wp\/v2\/types\/page"}],"author":[{"embeddable":true,"href":"https:\/\/digitalhistory.unite.it\/es\/wp-json\/wp\/v2\/users\/1"}],"replies":[{"embeddable":true,"href":"https:\/\/digitalhistory.unite.it\/es\/wp-json\/wp\/v2\/comments?post=6627"}],"version-history":[{"count":2,"href":"https:\/\/digitalhistory.unite.it\/es\/wp-json\/wp\/v2\/pages\/6627\/revisions"}],"predecessor-version":[{"id":11857,"href":"https:\/\/digitalhistory.unite.it\/es\/wp-json\/wp\/v2\/pages\/6627\/revisions\/11857"}],"up":[{"embeddable":true,"href":"https:\/\/digitalhistory.unite.it\/es\/wp-json\/wp\/v2\/pages\/5902"}],"wp:attachment":[{"href":"https:\/\/digitalhistory.unite.it\/es\/wp-json\/wp\/v2\/media?parent=6627"}],"curies":[{"name":"wp","href":"https:\/\/api.w.org\/{rel}","templated":true}]}}