{"id":6629,"date":"2021-08-20T00:03:44","date_gmt":"2021-08-19T22:03:44","guid":{"rendered":"https:\/\/digitalhistory.unite.it\/duomo\/"},"modified":"2021-11-23T17:45:15","modified_gmt":"2021-11-23T16:45:15","slug":"duomo","status":"publish","type":"page","link":"https:\/\/digitalhistory.unite.it\/es\/territorios\/itinerarios-urbanos\/lecce\/duomo\/","title":{"rendered":"El Duomo y la transformaci\u00f3n urban\u00edstica proyectada por Pappacoda"},"content":{"rendered":"<h1>El Duomo y la transformaci\u00f3n urban\u00edstica proyectada por Pappacoda <\/h1>\n<div class=\"testo\">\n<p style=\"text-align: justify\"><img loading=\"lazy\" decoding=\"async\" src=\"https:\/\/digitalhistory.unite.it\/wp-content\/uploads\/2021\/08\/duomo_di_lecce_assunta_250x178.jpg\" width=\"250\" height=\"178\" alt=\"Duomo Lecce\" align=\"left\"><\/p>\n<p style=\"text-align: justify\">Fiel a los dictados del <a href=\"\/es\/territorios\/itinerarios-urbanos\/lecce\/plaza-de-san-oronzo\/el-concilio-de-trento\/\" title=\"El Concilio de Trento\">Concilio de Trento<\/a>, Pappacoda dedic\u00f3 gran atenci\u00f3n al control de la producci\u00f3n cultural e intelectual de la ciudad de <a href=\"\/es\/territorios\/itinerarios-urbanos\/lecce\/plaza-de-san-oronzo\/lecce\/\" title=\"Lecce\">Lecce<\/a>. De esta manera se esforz\u00f3 para que se respetase el <a href=\"\/es\/territorios\/itinerarios-urbanos\/lecce\/duomo\/indice-de-libros-prohibidos\/\" title=\"\u00cdndice de Libros Prohibidos\"><em>\u00cdndice de Libros Prohibidos<\/em><\/a>, y tuviese una actuaci\u00f3n m\u00e1s eficaz el sistema de censura en manos de la autoridad eclesi\u00e1stica, en menoscabo del poder civil. Esta pol\u00edtica se expresaba claramente en el edicto sinodal <em>De non legendis, nec retinendis libris prohibitis<\/em> promulgado por Pappacoda en 1663, que tuvo el efecto negativo de oprimir la escena cultural y literaria de Lecce, muy animada hasta la llegada del potente obispo. Escritores y poetas fueron obligados a cumplir con las directrices del obispo y celebrar el \u00e9xito de su acci\u00f3n pol\u00edtica y pastoral. Un ejemplo fue la <em>Accademia dei Trasformati<\/em> (la Academia de los Transformados), fundada por <a href=\"#\" class=\"tooltip yellow-tooltip\">Scipione Ammirato<span>Scipione Ammirato (1531-1601) fue un historiador y escritor. Exponente de relieve del tacitismo (c\u00e9lebres son sus <em>Discorsi sopra Cornelio Tacito<\/em>), fue de los autores que m\u00e1s reflexionaron sobre la raz\u00f3n de estado, por \u00e9l definida en clave como antimaquiav\u00e9lica. Tras haber emprendido la carrera eclesi\u00e1stica y haber fundado en su Lecce natal la Academia de los Transformados, vivi\u00f3 de 1569 hasta su muerte en Florencia. Can\u00f3nico de la Catedral, escribi\u00f3 por encargo de Cosimo I de Medici las <em>Historie Fiorentine<\/em>.<\/span><\/a> entre 1558 y 1560, que se extingui\u00f3 a principios del episcopado de Pappacoda y luego fue restaurada por Giovanni Camillo Palma en 1651 para que fuese un instrumento eficaz de consenso y de celebraci\u00f3n para el obispo.<\/p>\n<p style=\"text-align: justify\"><img loading=\"lazy\" decoding=\"async\" src=\"https:\/\/digitalhistory.unite.it\/wp-content\/uploads\/2021\/08\/lecce_campanile_duomo_202x269.jpg\" width=\"202\" height=\"269\" alt=\"Campanile duomo\" align=\"left\">El aislamiento de Lecce en comparaci\u00f3n con la cultura general de su tiempo, pero tambi\u00e9n con respecto a la capital que era <a href=\"\/es\/territorios\/itinerarios-urbanos\/lecce\/plaza-de-san-oronzo\/napoles\/\" title=\"N\u00e1poles\">N\u00e1poles<\/a>, tuvieron efectos funestos sobre el desarrollo literario, filos\u00f3fico y cient\u00edfico en el debate intelectual de la ciudad. Al mismo tiempo, el deseo de Pappacoda de celebrar sus logros y de dar un destacado protagonismo a la sede episcopal lo empuj\u00f3 a financiar, a lo largo de los a\u00f1os, una espectacular obra de renovaci\u00f3n urban\u00edstica, gracias a la cual Lecce se impone hoy como una aut\u00e9ntica joya del barroco italiano. Todav\u00eda, a Giuseppe Zimbalo, su artista predilecto, Pappacoda confi\u00f3 la reconstrucci\u00f3n del <em>Duomo<\/em> (la catedral), construida en 1144. El trabajo se inici\u00f3 en 1655, y dur\u00f3 hasta 1670, mientras que la torre del campanario, dise\u00f1ado y planificado por Zimbalo, s\u00f3lo se pudo completar en 1682, despu\u00e9s de su muerte. De una altura de unos 70 metros, se compone de cinco plantas que se estrechan, y la parte superior cuenta con una veleta-bandera de hierro con la imagen de San Oronzo, el patr\u00f3n tan admirado por Pappacoda para su ciudad.<\/p>\n<p style=\"text-align: justify\"><a href=\"\/es\/territorios\/itinerarios-urbanos\/lecce\/plaza-de-san-oronzo\/\" title=\"Plaza de San Oronzo\">&lt;&lt;&lt;&#8212;p\u00e1gina precedente<\/a>&nbsp;&nbsp; <a href=\"\/es\/territorios\/itinerarios-urbanos\/lecce\/zimbalo\/\" title=\"Zimbalo\">p\u00e1gina siguiente&#8212;&gt;&gt;&gt;<\/a><\/p>\n<\/p><\/div>\n<p><\/p>\n","protected":false},"excerpt":{"rendered":"<p>El Duomo y la transformaci\u00f3n urban\u00edstica proyectada por Pappacoda Fiel a los dictados del Concilio de Trento, Pappacoda dedic\u00f3 gran atenci\u00f3n al control de la producci\u00f3n cultural e intelectual de la ciudad de Lecce. De esta manera se esforz\u00f3 para que se respetase el \u00cdndice&hellip;<\/p>\n","protected":false},"author":1,"featured_media":0,"parent":7422,"menu_order":0,"comment_status":"closed","ping_status":"closed","template":"","meta":{"footnotes":""},"class_list":["post-6629","page","type-page","status-publish","hentry"],"_links":{"self":[{"href":"https:\/\/digitalhistory.unite.it\/es\/wp-json\/wp\/v2\/pages\/6629","targetHints":{"allow":["GET"]}}],"collection":[{"href":"https:\/\/digitalhistory.unite.it\/es\/wp-json\/wp\/v2\/pages"}],"about":[{"href":"https:\/\/digitalhistory.unite.it\/es\/wp-json\/wp\/v2\/types\/page"}],"author":[{"embeddable":true,"href":"https:\/\/digitalhistory.unite.it\/es\/wp-json\/wp\/v2\/users\/1"}],"replies":[{"embeddable":true,"href":"https:\/\/digitalhistory.unite.it\/es\/wp-json\/wp\/v2\/comments?post=6629"}],"version-history":[{"count":2,"href":"https:\/\/digitalhistory.unite.it\/es\/wp-json\/wp\/v2\/pages\/6629\/revisions"}],"predecessor-version":[{"id":12135,"href":"https:\/\/digitalhistory.unite.it\/es\/wp-json\/wp\/v2\/pages\/6629\/revisions\/12135"}],"up":[{"embeddable":true,"href":"https:\/\/digitalhistory.unite.it\/es\/wp-json\/wp\/v2\/pages\/7422"}],"wp:attachment":[{"href":"https:\/\/digitalhistory.unite.it\/es\/wp-json\/wp\/v2\/media?parent=6629"}],"curies":[{"name":"wp","href":"https:\/\/api.w.org\/{rel}","templated":true}]}}