{"id":6630,"date":"2021-08-20T00:03:44","date_gmt":"2021-08-19T22:03:44","guid":{"rendered":"https:\/\/digitalhistory.unite.it\/zimbalo\/"},"modified":"2021-11-23T17:45:15","modified_gmt":"2021-11-23T16:45:15","slug":"zimbalo","status":"publish","type":"page","link":"https:\/\/digitalhistory.unite.it\/es\/territorios\/itinerarios-urbanos\/lecce\/zimbalo\/","title":{"rendered":"Giuseppe Zimbalo: Bas\u00edlica di Santa Croce, Palacio de los Celestinos, Iglesia del Rosario"},"content":{"rendered":"<h1>Giuseppe Zimbalo: Bas\u00edlica di Santa Croce, Palacio de los Celestinos, Iglesia del Rosario <\/h1>\n<div class=\"testo\">\n<p style=\"text-align: justify\">El arquitecto y escultor Giuseppe Zimbalo (1620-1710) es considerado, por unanimidad, como el m\u00e1ximo exponente del Barroco de <a href=\"\/es\/territorios\/itinerarios-urbanos\/lecce\/plaza-de-san-oronzo\/lecce\/\" title=\"Lecce\">Lecce<\/a>. Nieto de Francesco Antonio Zimbalo, otro famoso arquitecto de la historia de Lecce, Giuseppe Zimbalo fue conocido como el &#8220;Zingarello&#8221;, traducci\u00f3n al italiano de la palabra en dialecto &#8220;Zimbarieddu&#8221;, o literalmente &#8220;el peque\u00f1o Zimbalo&#8221; para distinguirlo de su padre y de su abuelo, ambos dedicados a su mismo trabajo.<\/p>\n<p style=\"text-align: justify\"><img loading=\"lazy\" decoding=\"async\" src=\"https:\/\/digitalhistory.unite.it\/wp-content\/uploads\/2021\/08\/basilica_di_santa_croce_1_251x251.jpg\" width=\"251\" height=\"251\" alt=\"Basilica di Santa Croce\" align=\"left\">Al tercero y m\u00e1s famoso miembro de la familia Zimbalo se le atribuyen algunos de los edificios m\u00e1s importantes de Lecce. Adem\u00e1s de la reconstrucci\u00f3n de la Catedral, el dise\u00f1o de la torre del campanario y la elevaci\u00f3n de la columna de San Oronzo, Zimbalo tambi\u00e9n contribuy\u00f3 a la construcci\u00f3n, que dur\u00f3 varios siglos, de la Bas\u00edlica di Santa Croce, la cual, junto con el ex convento de los <a href=\"#\" class=\"tooltip yellow-tooltip\">Celestinos<span>Los Celestinos, llamados en origen Hermanos del Esp\u00edritu Santo o Majellesi (del monasterio del Santo Esp\u00edritu en Majella) y despu\u00e9s Morronesi (del monasterio del Morrone), eran los monjes que pertenec\u00edan a la Congregaci\u00f3n fundada por Pedro del Morrone en el siglo XIII. Tomaron el nombre de Celestinos tras el pontificado y la canonizaci\u00f3n de Pedro del Morrone (papa Celestino V), tambi\u00e9n se difundieron en los siglos sucesivos fuera de Italia. Los monasterios de la Orden fueron todos suprimidos entre los siglos XVIII y XIX.<\/span><\/a>, actual sede dela Provincia de Lecce, es uno de los principales conjuntos arquitect\u00f3nicos de la ciudad. El proyecto se inici\u00f3 en 1549, sobre un terreno obtenido de las confiscaciones a expensas de la comunidad jud\u00eda, expulsada de la ciudad en 1510. La primera fase del trabajo, que dur\u00f3 hasta 1582, llev\u00f3 a la construcci\u00f3n de la parte inferior de la fachada, hasta la balconada, y fue dirigida por el arquitecto Gabriele Riccardi. La segunda fase, a partir de 1606, conoci\u00f3 la contribuci\u00f3n del abuelo de Zimbalo, Francesco Antonio, quien agreg\u00f3 los tres portales decorados. La tercera y \u00faltima fase de la obra fue concebida por el &#8220;Zingarello&#8221; junto a <a href=\"#\" class=\"tooltip yellow-tooltip\">Cesare Penna<span>Cesare Penna (1607-1680) fue uno de los escultores de Lecce protagonista de la gran \u00e9poca barroca vivida en la ciudad en el siglo XVII. Sus obras m\u00e1s importantes se pueden admirar en la Bas\u00edlica di Santa Croce&nbsp;y en la Iglesia de Santa Teresa, ambas construidas por el arquitecto Giuseppe Zimbalo. Fuera de Lecce, Penna trabaj\u00f3 mucho en otros centros de la Apulia, como Maglie o Martina Franca.<\/span><\/a>, otro ilustre exponente del Barroco de Lecce: a su maestr\u00eda se le atribuye la parte superior de la fachada, el roset\u00f3n y el fastigio en la parte superior de la estructura. Cerca del roset\u00f3n est\u00e1 tallada la fecha 1646.<\/p>\n<p style=\"text-align: justify\"><img loading=\"lazy\" decoding=\"async\" src=\"https:\/\/digitalhistory.unite.it\/wp-content\/uploads\/2021\/08\/palazzo_dei_celestini_251x188.jpg\" width=\"251\" height=\"188\" alt=\"Palazzo Celestini2\" align=\"left\">En cuanto al Palacio de los Celestinos, tambi\u00e9n \u00e9ste comenz\u00f3 su construcci\u00f3n en 1549 a partir de un proyecto de Riccardi, no obstante, la mayor parte de los trabajos se llevaron a cabo durante el siguiente siglo, bajo la direcci\u00f3n de Giuseppe Zimbalo, quien trabaj\u00f3 en el primer nivel de la fachada principal. El segundo nivel fue completado por Giuseppe Cino, otro artista destacado del Lecce barroco que fue disc\u00edpulo de Zimbalo.<\/p>\n<p style=\"text-align: justify\">&nbsp;<\/p>\n<p style=\"text-align: justify\">&nbsp;<\/p>\n<p style=\"text-align: justify\"><img loading=\"lazy\" decoding=\"async\" src=\"https:\/\/digitalhistory.unite.it\/wp-content\/uploads\/2021\/08\/chiesa_del_rosario_250x333.jpg\" width=\"250\" height=\"333\" alt=\"Chiesa del Rosario\" align=\"left\">La construcci\u00f3n de la iglesia de San Juan Bautista, o del Rosario, fue confiada por parte de los <a href=\"\/es\/territorios\/itinerarios-urbanos\/lecce\/zimbalo\/dominicos\/\" title=\"Dominicos\">Dominicos<\/a> a Zimbalo cuando \u00e9ste ya pasaba los setenta a\u00f1os. El anciano arquitecto, que se dedic\u00f3 a la obra desde 1691 hasta su muerte en 1710, contribuy\u00f3 personalmente a la financiaci\u00f3n de las obras. Todav\u00eda incompleta a la muerte de su creador, la estructura se termin\u00f3 en 1728 por parte de algunos artistas locales, y en ella Zimbalo pidi\u00f3 ser enterrado.<\/p>\n<p style=\"text-align: justify\">&nbsp;<\/p>\n<p style=\"text-align: justify\">&nbsp;<\/p>\n<p style=\"text-align: justify\">&nbsp;<\/p>\n<p style=\"text-align: justify\">&nbsp;<\/p>\n<p style=\"text-align: justify\">&nbsp;<\/p>\n<p style=\"text-align: justify\">&nbsp;<\/p>\n<p style=\"text-align: justify\">&nbsp;<\/p>\n<p style=\"text-align: justify\"><a href=\"\/es\/territorios\/itinerarios-urbanos\/lecce\/duomo\/\" title=\"Duomo\">&lt;&lt;&lt;&#8212;p\u00e1gina precedente<\/a>&nbsp;&nbsp; <a href=\"\/es\/territorios\/itinerarios-urbanos\/lecce\/seminario\/\" title=\"Seminario\">p\u00e1gina siguiente&#8212;&gt;&gt;&gt;<\/a><\/p>\n<\/div>\n","protected":false},"excerpt":{"rendered":"<p>Giuseppe Zimbalo: Bas\u00edlica di Santa Croce, Palacio de los Celestinos, Iglesia del Rosario El arquitecto y escultor Giuseppe Zimbalo (1620-1710) es considerado, por unanimidad, como el m\u00e1ximo exponente del Barroco de Lecce. Nieto de Francesco Antonio Zimbalo, otro famoso arquitecto de la historia de Lecce,&hellip;<\/p>\n","protected":false},"author":1,"featured_media":0,"parent":7422,"menu_order":0,"comment_status":"closed","ping_status":"closed","template":"","meta":{"footnotes":""},"class_list":["post-6630","page","type-page","status-publish","hentry"],"_links":{"self":[{"href":"https:\/\/digitalhistory.unite.it\/es\/wp-json\/wp\/v2\/pages\/6630","targetHints":{"allow":["GET"]}}],"collection":[{"href":"https:\/\/digitalhistory.unite.it\/es\/wp-json\/wp\/v2\/pages"}],"about":[{"href":"https:\/\/digitalhistory.unite.it\/es\/wp-json\/wp\/v2\/types\/page"}],"author":[{"embeddable":true,"href":"https:\/\/digitalhistory.unite.it\/es\/wp-json\/wp\/v2\/users\/1"}],"replies":[{"embeddable":true,"href":"https:\/\/digitalhistory.unite.it\/es\/wp-json\/wp\/v2\/comments?post=6630"}],"version-history":[{"count":2,"href":"https:\/\/digitalhistory.unite.it\/es\/wp-json\/wp\/v2\/pages\/6630\/revisions"}],"predecessor-version":[{"id":12142,"href":"https:\/\/digitalhistory.unite.it\/es\/wp-json\/wp\/v2\/pages\/6630\/revisions\/12142"}],"up":[{"embeddable":true,"href":"https:\/\/digitalhistory.unite.it\/es\/wp-json\/wp\/v2\/pages\/7422"}],"wp:attachment":[{"href":"https:\/\/digitalhistory.unite.it\/es\/wp-json\/wp\/v2\/media?parent=6630"}],"curies":[{"name":"wp","href":"https:\/\/api.w.org\/{rel}","templated":true}]}}