{"id":6631,"date":"2021-08-20T00:03:45","date_gmt":"2021-08-19T22:03:45","guid":{"rendered":"https:\/\/digitalhistory.unite.it\/seminario\/"},"modified":"2021-11-23T17:45:15","modified_gmt":"2021-11-23T16:45:15","slug":"seminario","status":"publish","type":"page","link":"https:\/\/digitalhistory.unite.it\/es\/territorios\/itinerarios-urbanos\/lecce\/seminario\/","title":{"rendered":"El seminario y la ciudad despu\u00e9s de Pappacoda"},"content":{"rendered":"<h1>El seminario y la ciudad despu\u00e9s de Pappacoda <\/h1>\n<div class=\"testo\">\n<p style=\"text-align: justify\">El obispo Luigi Pappacoda falleci\u00f3 el 17 de diciembre de 1670, tras 31 a\u00f1os al frente de la di\u00f3cesis del Salento. Como se desprende de las <em>Memorie<\/em> de Giuseppe Cino, el largo per\u00edodo pappacodiano tambi\u00e9n dej\u00f3 en herencia pol\u00e9mica y recriminaciones. Despu\u00e9s de su muerte, se produjo una reactivaci\u00f3n de las \u00f3rdenes mon\u00e1sticas, con el establecimiento de los <a href=\"#\" class=\"tooltip yellow-tooltip\">AlcantarinosLos Hermanos Menores Descalzos o Alcantarinos nacieron en el siglo XVI por iniciativa de Pedro de Alc\u00e1ntara (1499-1562). Constitu\u00edan una de las familias franciscanas bajo la autoridad del Ministro General de los Observantes. En 1897 fueron fusionados con los Reformados, Observantes y Recoletos en la Orden de los Hermanos Menores.<\/a>, y una renovada apertura al exterior, y en particular hacia la capital de <a href=\"\/es\/territorios\/itinerarios-urbanos\/lecce\/plaza-de-san-oronzo\/napoles\/\" title=\"N\u00e1poles\">N\u00e1poles<\/a>, en t\u00e9rminos de cultura y letras. La aparici\u00f3n de nuevos poetas y escritores como Giovanni Cicinelli, y la fundaci\u00f3n de la <em>Accademia degli Spioni<\/em> en 1683 fueron signos de un despertar de la ciudad despu\u00e9s de a\u00f1os de estricto control por parte de Pappacoda.<\/p>\n<p style=\"text-align: justify\">En el plano art\u00edstico, la muerte del obispo no signific\u00f3, de ninguna manera, el final de la gran \u00e9poca de renovaci\u00f3n urbana y la construcci\u00f3n de la apariencia inconfundible de la ciudad barroca. Bajo los sucesores de Pappacoda, a partir del breve episcopado de Antonio Pignatelli, futuro Papa <a href=\"\/es\/territorios\/itinerarios-urbanos\/lecce\/seminario\/inocencio-xii\/\" title=\"Inocencio XII\">Inocencio XII<\/a>, continu\u00f3 de hecho la construcci\u00f3n de edificios y obras que se convirtieron en s\u00edmbolos del arte barroco.<\/p>\n<p style=\"text-align: justify\"><img loading=\"lazy\" decoding=\"async\" src=\"https:\/\/digitalhistory.unite.it\/wp-content\/uploads\/2021\/08\/seminario_1_342x192.jpg\" width=\"342\" height=\"192\" alt=\"Seminario\" align=\"left\">Entre los mayores fracasos del gobierno de Pappacoda fue la falta de crear, a pesar de la promesa en repetidas ocasiones, un seminario, instrumento fundamental para lograr uno de los objetivos principales de la di\u00f3cesis,&nbsp;o sea&nbsp;la reforma del clero secular. Dejando, de esta forma, el monopolio de la educaci\u00f3n primaria y secundaria a las <a href=\"\/es\/territorios\/itinerarios-urbanos\/lecce\/plaza-de-san-oronzo\/ordenes-religiosas\/\" title=\"\u00d3rdenes religiosas\">\u00d3rdenes religiosas<\/a>, especialmente a los <a href=\"\/es\/territorios\/itinerarios-urbanos\/lecce\/seminario\/la-compania-de-jesus\/\" title=\"La Compa\u00f1\u00eda de Jes\u00fas\">Jesuitas<\/a>. La falta de la creaci\u00f3n de un seminario excluy\u00f3 la posibilidad de formar un clero doctrinalmente y culturalmente m\u00e1s preparado y m\u00e1s cercano, en su comportamiento, al ideal fijado por el <a href=\"\/es\/territorios\/itinerarios-urbanos\/lecce\/plaza-de-san-oronzo\/el-concilio-de-trento\/\" title=\"El Concilio de Trento\">Concilio de Trento<\/a>. El proyecto del seminario, sin embargo, fue retomado y finalmente logrado por Pignatelli, quien confi\u00f3 la construcci\u00f3n a Giuseppe Cino. La fachada del edificio, construida entre 1694 y 1709, recuerda, sin duda, a la del monasterio de los <a href=\"#\" class=\"tooltip yellow-tooltip\">Celestinos<span>Los Celestinos, llamados en origen Hermanos del Esp\u00edritu Santo o Majellesi (del monasterio del Santo Esp\u00edritu en Majella) y despu\u00e9s Morronesi (del monasterio del Morrone), eran los monjes que pertenec\u00edan a la Congregaci\u00f3n fundada por Pedro del Morrone en el siglo XIII. Tomaron el nombre de Celestinos tras el pontificado y la canonizaci\u00f3n de Pedro del Morrone (papa Celestino V), tambi\u00e9n se difundieron en los siglos sucesivos fuera de Italia. Los monasterios de la Orden fueron todos suprimidos entre los siglos XVIII y XIX.<\/span><\/a> y consiste en una estructura inferior de dos plantas, t\u00edpicamente barroca, y en un tercer piso, dise\u00f1ado por Emanuele Manieri, m\u00e1s simple y menos decorado. La estructura inferior de dos pisos, dise\u00f1ada por Cino, est\u00e1 almohadillada, dividida por una serie de pilastras realzadas por pedestales entre las cuales se colocan las diecis\u00e9is ventanas, ocho por cada planta, con ricas enmarcaciones. La puerta de entrada est\u00e1 laureada por un balc\u00f3n con una ventana de tres arcos, mientras una balaustrada que resalta, corona a las dos primeras plantas del edificio. En el interior, en el amplio atrio, un testimonio m\u00e1s de la habilidad de Cino se hace visible en el magn\u00edfico pozo. La cisterna, elevada sobre cuatro escalones circulares, est\u00e1 ricamente decorada y culmina en la parte superior con elegantes amorcillos que sostienen los arcos y la estatua de una figura femenina.<\/p>\n<p style=\"text-align: justify\"><a href=\"\/es\/territorios\/itinerarios-urbanos\/lecce\/zimbalo\/\" title=\"Zimbalo\">&lt;&lt;&lt;&#8212;p\u00e1gina precedente<\/a>&nbsp;&nbsp; <a href=\"\/es\/territorios\/itinerarios-urbanos\/lecce\/cino\/\" title=\"Cino\">p\u00e1gina siguiente&#8212;&gt;&gt;&gt;<\/a><\/p>\n<\/p><\/div>\n<p><\/p>\n","protected":false},"excerpt":{"rendered":"<p>El seminario y la ciudad despu\u00e9s de Pappacoda El obispo Luigi Pappacoda falleci\u00f3 el 17 de diciembre de 1670, tras 31 a\u00f1os al frente de la di\u00f3cesis del Salento. Como se desprende de las Memorie de Giuseppe Cino, el largo per\u00edodo pappacodiano tambi\u00e9n dej\u00f3 en&hellip;<\/p>\n","protected":false},"author":1,"featured_media":0,"parent":7422,"menu_order":0,"comment_status":"closed","ping_status":"closed","template":"","meta":{"footnotes":""},"class_list":["post-6631","page","type-page","status-publish","hentry"],"_links":{"self":[{"href":"https:\/\/digitalhistory.unite.it\/es\/wp-json\/wp\/v2\/pages\/6631","targetHints":{"allow":["GET"]}}],"collection":[{"href":"https:\/\/digitalhistory.unite.it\/es\/wp-json\/wp\/v2\/pages"}],"about":[{"href":"https:\/\/digitalhistory.unite.it\/es\/wp-json\/wp\/v2\/types\/page"}],"author":[{"embeddable":true,"href":"https:\/\/digitalhistory.unite.it\/es\/wp-json\/wp\/v2\/users\/1"}],"replies":[{"embeddable":true,"href":"https:\/\/digitalhistory.unite.it\/es\/wp-json\/wp\/v2\/comments?post=6631"}],"version-history":[{"count":2,"href":"https:\/\/digitalhistory.unite.it\/es\/wp-json\/wp\/v2\/pages\/6631\/revisions"}],"predecessor-version":[{"id":12137,"href":"https:\/\/digitalhistory.unite.it\/es\/wp-json\/wp\/v2\/pages\/6631\/revisions\/12137"}],"up":[{"embeddable":true,"href":"https:\/\/digitalhistory.unite.it\/es\/wp-json\/wp\/v2\/pages\/7422"}],"wp:attachment":[{"href":"https:\/\/digitalhistory.unite.it\/es\/wp-json\/wp\/v2\/media?parent=6631"}],"curies":[{"name":"wp","href":"https:\/\/api.w.org\/{rel}","templated":true}]}}