{"id":6632,"date":"2021-08-20T00:03:45","date_gmt":"2021-08-19T22:03:45","guid":{"rendered":"https:\/\/digitalhistory.unite.it\/cino\/"},"modified":"2021-11-23T17:45:15","modified_gmt":"2021-11-23T16:45:15","slug":"cino","status":"publish","type":"page","link":"https:\/\/digitalhistory.unite.it\/es\/territorios\/itinerarios-urbanos\/lecce\/cino\/","title":{"rendered":"Giuseppe Cino: Palacio de los Celestinos, Iglesia del Carmen, Iglesia de Santa Chiara"},"content":{"rendered":"<h1>Giuseppe Cino: Palacio de los Celestinos, Iglesia del Carmen, Iglesia de Santa Chiara <\/h1>\n<div class=\"testo\">\n<p style=\"text-align: justify\">Adem\u00e1s de ser autor de las <em>Memorie<\/em>, cr\u00f3nica de los acontecimientos que tuvieron lugar en <a href=\"\/es\/territorios\/itinerarios-urbanos\/lecce\/plaza-de-san-oronzo\/lecce\/\" title=\"Lecce\">Lecce<\/a> entre 1656 y 1719, Giuseppe Cino (1645-1722) fue uno de los m\u00e1ximos exponentes del Barroco de Lecce. Arquitecto y escultor, su formaci\u00f3n profesional se desarroll\u00f3 bajo la direcci\u00f3n y la influencia de los grandes maestros que trabajaron durante esos a\u00f1os en la ciudad salentina, sobre todo bajo Giuseppe Zimbalo.<\/p>\n<p style=\"text-align: justify\"><img loading=\"lazy\" decoding=\"async\" src=\"https:\/\/digitalhistory.unite.it\/wp-content\/uploads\/2021\/08\/lecce_palazzo_dei_celestini_249x187.jpg\" width=\"249\" height=\"187\" alt=\"Palazzo Celestini1\" align=\"left\">A Cino se le han atribuido numerosos monumentos de los m\u00e1s representativos del arte barroco de Lecce. Ciertamente fue obra suya el seminario, pero tambi\u00e9n hab\u00eda trabajado en la construcci\u00f3n del monasterio de los <a href=\"#\" class=\"tooltip yellow-tooltip\">Celestinos<span>Los Celestinos, llamados en origen Hermanos del Esp\u00edritu Santo o Majellesi (del monasterio del Santo Esp\u00edritu en Majella) y despu\u00e9s Morronesi (del monasterio del Morrone), eran los monjes que pertenec\u00edan a la Congregaci\u00f3n fundada por Pedro del Morrone en el siglo XIII. Tomaron el nombre de Celestinos tras el pontificado y la canonizaci\u00f3n de Pedro del Morrone (papa Celestino V), tambi\u00e9n se difundieron en los siglos sucesivos fuera de Italia. Los monasterios de la Orden fueron todos suprimidos entre los siglos XVIII y XIX.<\/span><\/a> en los a\u00f1os inmediatamente anteriores, a partir de 1686. El arquitecto se hab\u00eda ocupado del segundo piso, que de hecho se distingu\u00eda por una mayor imaginaci\u00f3n y fantas\u00eda que el estilo r\u00edgido del geometrismo de Giuseppe Zimbalo, quien hab\u00eda construido la primera planta. En cuanto a la iglesia de S. Mar\u00eda de la Providencia o de las Alcantarinas, Cino fue inicialmente encargado de su construcci\u00f3n, a partir de 1703. Sin embargo, la iglesia que encontramos hoy, una de los m\u00e1s simples y lineales del Lecce barroco, fue construida sobre el proyecto de <a href=\"#\" class=\"tooltip yellow-tooltip\">Mauro Manieri<span>Mauro Manieri (1687-1743\/44) fue un arquitecto de Lecce, exponente de la gran \u00e9poca barroca vivida por la ciudad salentina. Entre sus obras, destacan el Seminario Arzobispal de Brindisi, la Iglesia de Santa Irene en Lecce y la fachada de la catedral de San Cataldo en Taranto.<\/span><\/a>, el arquitecto que termin\u00f3 el edificio en 1724, despu\u00e9s de la muerte de Cino.<\/p>\n<p style=\"text-align: justify\"><img loading=\"lazy\" decoding=\"async\" src=\"https:\/\/digitalhistory.unite.it\/wp-content\/uploads\/2021\/08\/chiesa-del-carmine-lecce_203x271.jpg\" width=\"203\" height=\"271\" alt=\"Chiesa del Carmine\" align=\"left\">En cambio, la iglesia del Carmen, junto al convento de los <a href=\"\/es\/territorios\/itinerarios-urbanos\/lecce\/cino\/carmelitas\/\" title=\"Carmelitas\">Carmelitas<\/a>, se basa en el dise\u00f1o de Cino, que trabaj\u00f3 all\u00ed desde 1711 hasta su muerte en 1722. La obra, que tambi\u00e9n en este caso fue acabada por Mauro Manieri, o seg\u00fan otras fuentes por el hermano de Cino, Donato, presenta una fachada dividida en tres \u00f3rdenes. En el primer orden, cuatro nichos colocados sim\u00e9tricamente a los lados del portal preservan las grandes estatuas de los profetas El\u00edas y Eliseo y de los carmelitas San \u00c1ngel de Jerusal\u00e9n y San Alberto de los Abades. La figura de la Virgen del Carmen, a quien est\u00e1 dedicada la iglesia, aparece sobre el t\u00edmpano curvil\u00edneo del portal. En el segundo orden, hay una gran ventana en el centro que divide a los dos nichos ocupados por estatuas de Santa Teresa de \u00c1vila y Santa Mar\u00eda Magdalena de&#8217; Pazzi. El tercer orden reunifica visualmente toda la estructura compositiva de la fachada y termina con un front\u00f3n de inspiraci\u00f3n cl\u00e1sica. El interior de la iglesia reproduce la forma del pie humano, con seis capillas, tres a cada lado, con espl\u00e9ndidos altares barrocos.<\/p>\n<p style=\"text-align: justify\"><img loading=\"lazy\" decoding=\"async\" src=\"https:\/\/digitalhistory.unite.it\/wp-content\/uploads\/2021\/08\/santa_chiara_lecce_1163_205x273.jpg\" width=\"205\" height=\"273\" alt=\"Chiesa di Santa Chiara\" align=\"left\">Entre las obras de Cino, se debe incluir tambi\u00e9n la reconstrucci\u00f3n de la iglesia de Santa Chiara, entre 1687 y 1691. La fachada se divide en dos \u00f3rdenes, tambi\u00e9n presenta varios nichos dispuestos sim\u00e9tricamente a cada lado del portal en el orden inferior, y la ventana central en el nivel superior. La iglesia tiene una planta de forma octogonal alargada, con presbiterio profundo cubierto por una b\u00f3veda estrellada.<\/p>\n<p style=\"text-align: justify\">Adem\u00e1s de en calidad de arquitecto, Giuseppe Cino ha representado el arte barroco tambi\u00e9n con algunas valiosas esculturas, especialmente altares. Se le atribuye, por ejemplo, los altares de San Carlos Borromeo y San Andr\u00e9s Ap\u00f3stol en la Catedral de Lecce.<\/p>\n<p style=\"text-align: justify\">&nbsp;<\/p>\n<p style=\"text-align: justify\">&nbsp;<\/p>\n<p style=\"text-align: justify\">&nbsp;<\/p>\n<p style=\"text-align: justify\"><a href=\"\/es\/territorios\/itinerarios-urbanos\/lecce\/seminario\/\" title=\"Seminario\">&lt;&lt;&lt;&#8212;p\u00e1gina precedente<\/a>&nbsp;&nbsp; <a href=\"\/es\/territorios\/itinerarios-urbanos\/lecce\/otros-restos\/\" title=\"Otros restos\">p\u00e1gina siguiente&#8212;&gt;&gt;&gt;<\/a><\/p>\n<\/p><\/div>\n<p><\/p>\n","protected":false},"excerpt":{"rendered":"<p>Giuseppe Cino: Palacio de los Celestinos, Iglesia del Carmen, Iglesia de Santa Chiara Adem\u00e1s de ser autor de las Memorie, cr\u00f3nica de los acontecimientos que tuvieron lugar en Lecce entre 1656 y 1719, Giuseppe Cino (1645-1722) fue uno de los m\u00e1ximos exponentes del Barroco de&hellip;<\/p>\n","protected":false},"author":1,"featured_media":0,"parent":7422,"menu_order":0,"comment_status":"closed","ping_status":"closed","template":"","meta":{"footnotes":""},"class_list":["post-6632","page","type-page","status-publish","hentry"],"_links":{"self":[{"href":"https:\/\/digitalhistory.unite.it\/es\/wp-json\/wp\/v2\/pages\/6632","targetHints":{"allow":["GET"]}}],"collection":[{"href":"https:\/\/digitalhistory.unite.it\/es\/wp-json\/wp\/v2\/pages"}],"about":[{"href":"https:\/\/digitalhistory.unite.it\/es\/wp-json\/wp\/v2\/types\/page"}],"author":[{"embeddable":true,"href":"https:\/\/digitalhistory.unite.it\/es\/wp-json\/wp\/v2\/users\/1"}],"replies":[{"embeddable":true,"href":"https:\/\/digitalhistory.unite.it\/es\/wp-json\/wp\/v2\/comments?post=6632"}],"version-history":[{"count":2,"href":"https:\/\/digitalhistory.unite.it\/es\/wp-json\/wp\/v2\/pages\/6632\/revisions"}],"predecessor-version":[{"id":12140,"href":"https:\/\/digitalhistory.unite.it\/es\/wp-json\/wp\/v2\/pages\/6632\/revisions\/12140"}],"up":[{"embeddable":true,"href":"https:\/\/digitalhistory.unite.it\/es\/wp-json\/wp\/v2\/pages\/7422"}],"wp:attachment":[{"href":"https:\/\/digitalhistory.unite.it\/es\/wp-json\/wp\/v2\/media?parent=6632"}],"curies":[{"name":"wp","href":"https:\/\/api.w.org\/{rel}","templated":true}]}}