{"id":6633,"date":"2021-08-20T00:03:45","date_gmt":"2021-08-19T22:03:45","guid":{"rendered":"https:\/\/digitalhistory.unite.it\/otros-restos\/"},"modified":"2021-11-23T15:29:12","modified_gmt":"2021-11-23T14:29:12","slug":"otros-restos","status":"publish","type":"page","link":"https:\/\/digitalhistory.unite.it\/es\/territorios\/itinerarios-urbanos\/lecce\/otros-restos\/","title":{"rendered":"Otros restos de la Lecce barroca"},"content":{"rendered":"<h1>Otros restos de la Lecce barroca <\/h1>\n<div class=\"testo\">\n<p style=\"text-align: justify\">El rostro barroco de <a href=\"\/es\/territorios\/itinerarios-urbanos\/lecce\/plaza-de-san-oronzo\/lecce\/\" title=\"Lecce\">Lecce<\/a>, dominado por las obras anheladas por sus obispos y realizadas por sus arquitectos m\u00e1s famosos, se complementa con otros elementos y caracter\u00edsticas que contribuyen a reconstruir el aspecto de la ciudad durante los siglos XVI y XVII.<\/p>\n<p style=\"text-align: justify\">La presencia del poder espa\u00f1ol, que control\u00f3 el <a href=\"\/es\/territorios\/itinerarios-urbanos\/lecce\/otros-restos\/reino-de-napoles\/\" title=\"Reino de N\u00e1poles\">virreinato de N\u00e1poles<\/a>, del que formaba parte Lecce, durante m\u00e1s de doscientos a\u00f1os, ha sido testigo del Arco de Triunfo de Porta Napoli, construido en 1548 en honor a <a href=\"\/es\/territorios\/itinerarios-urbanos\/lecce\/otros-restos\/carlos-v-de-habsburgo\/\" title=\"Carlos V de Habsburgo\">Carlos V<\/a>, y del castillo, erigido entre 1539 y 1549 por orden del propio emperador. Esta \u00faltima estructura, casi de forma cuadrada con baluartes en los \u00e1ngulos, presenta en su interior una capilla de la primera mitad del siglo XVIII, con un altar barroco.<\/p>\n<p style=\"text-align: justify\"><img loading=\"lazy\" decoding=\"async\" src=\"https:\/\/digitalhistory.unite.it\/wp-content\/uploads\/2021\/08\/chiesa_del_ges__lecce_250x188.jpg\" width=\"250\" height=\"188\" alt=\"Chiesa del Ges\u00f9\" align=\"left\">La presencia de las <a href=\"\/es\/territorios\/itinerarios-urbanos\/lecce\/plaza-de-san-oronzo\/ordenes-religiosas\/\" title=\"\u00d3rdenes religiosas\">\u00d3rdenes religiosas<\/a>, con las que a menudo tuvo que enfrentarse el obispo Pappacoda, se demuestra a trav\u00e9s de la persistencia de sus iglesias y sus sedes o casas. La Iglesia del Ges\u00f9, tambi\u00e9n conocida como della Madonna del Buon Consiglio, fue la sede de la <a href=\"\/es\/territorios\/itinerarios-urbanos\/lecce\/seminario\/la-compania-de-jesus\/\" title=\"La Compa\u00f1\u00eda de Jes\u00fas\">Compa\u00f1\u00eda de Jes\u00fas<\/a> durante siglos. Fue construida a partir de 1575 en el emplazamiento de una antigua iglesia de culto greco-ortodoxo, y est\u00e1 inspirada en el modelo de la Iglesia del Ges\u00f9 de Roma, presentando una fachada sobria y lineal, que consta de dos \u00f3rdenes. En la parte inferior, en el interior del t\u00edmpano partido encima del portal, est\u00e1 el emblema de la Compa\u00f1\u00eda adorada por dos \u00e1ngeles. En la parte superior, dos ventanas laterales flanquean la gran ventana central coronada por una hornacina con la estatua del Ni\u00f1o Jes\u00fas, mientras que en la parte superior de la fachada domina la escultura del <a href=\"#\" class=\"tooltip yellow-tooltip\">Pel\u00edcano<span>En Her\u00e1ldica el pel\u00edcano era representado mientras se desgarraba el pecho para nutrir a sus cr\u00edas (<em>pelicano con su piedad<\/em>), y como tal es s\u00edmbolo de piedad, amor y caridad hacia el pr\u00f3jimo.<\/span><\/a>. El interior cuenta con un fresco del <em>Martirio di Sant&#8217;Irene<\/em>, el lienzo de la <em>Circoncisione di Ges\u00f9<\/em>, el altar mayor atribuido a Giuseppe Cino y el altar dedicado a <a href=\"#\" class=\"tooltip yellow-tooltip\">San Bernardino Realino<span>Bernardino Realino (1530-1616) naci\u00f3 en Carpi, y despu\u00e9s de licenciarse en leyes y de una breve carrera pol\u00edtica, entr\u00f3 al servicio del virrey de Sicilia Francisco Fernando de \u00c1valos. Se transfiri\u00f3 a N\u00e1poles, ingresando en la Compa\u00f1\u00eda de Jes\u00fas, prestando servicio en Lecce, la ciudad donde vivi\u00f3 hasta su muerte. Fue canonizado por P\u00edo XII en 1947. Sus restos se conservan en la Iglesia del Ges\u00f9 de la capital salentina.<\/span><\/a>, cuyos restos mortales est\u00e1n albergados en el mismo altar.<\/p>\n<p style=\"text-align: justify\"><img loading=\"lazy\" decoding=\"async\" src=\"https:\/\/digitalhistory.unite.it\/wp-content\/uploads\/2021\/08\/lecce_chiesa_di_sant_irene_dei_teatini_252x189.jpg\" width=\"252\" height=\"189\" alt=\"Chiesa di Sant'Irene\" align=\"left\">La iglesia dedicada a Santa Irene, patrona de Lecce hasta 1656, da testimonio de la presencia e influencia en la ciudad de la Orden de los <a href=\"\/es\/territorios\/itinerarios-urbanos\/lecce\/plaza-de-san-oronzo\/teatinos\/\" title=\"Teatinos\">Teatinos<\/a>. Los trabajos de construcci\u00f3n comenzaron en 1591 sobre un proyecto del <a href=\"#\" class=\"tooltip yellow-tooltip\">P. Francesco Grimaldi<span>Francesco Grimaldi (1543-1613) fue un religioso italiano, miembro de la Orden de los Cl\u00e9rigos Regulares Teatinos. Es conocido por su actividad como arquitecto, en particular en N\u00e1poles, donde contribuy\u00f3 al desarrollo del arte barroco. Entre sus obras destaca el complejo de la Santissima Trinit\u00e0 delle Monache, la Iglesia de Santa Marea della Sapienza y la Bas\u00edlica de Santa Maria degli Angeli en Pizzofalcone.<\/span><\/a> y se terminaron en 1639. La fachada es de doble orden, el centro del portal inferior est\u00e1 coronado por una estatua de Santa Irene, obra del siglo XVIII de <a href=\"#\" class=\"tooltip yellow-tooltip\">Mauro Manieri<span>Mauro Manieri (1687-1743\/44) fue un arquitecto de Lecce, exponente de la gran \u00e9poca barroca vivida por la ciudad salentina. Entre sus obras, destacan el Seminario Arzobispal de Brindisi, la Iglesia de Santa Irene en Lecce y la fachada de la catedral de San Cataldo en Taranto.<\/span><\/a>. En el centro del front\u00f3n triangular que corona la fachada hay se\u00f1ales de la Orden de los Teatinos, mientras que sobre el entablamento se puede leer el grabado <em>Irene virgini et martiri<\/em>. En el interior, es famosa la pintura que representa <em>Il Trasporto dell&#8217;Arca<\/em> (El transporte del Arca), obra maestra de <a href=\"#\" class=\"tooltip yellow-tooltip\">Oronzo Tiso<span>Oronzo Tiso (1726-1800) fue un pintor de Lecce, de los \u00faltimos del Barroco. Disc\u00edpulo de Solimena, fue muy activo en su ciudad natal y en el Salento. Entre sus pinturas m\u00e1s c\u00e9lebres de Lecce, destacan las que decoran la Catedra (<em>l&#8217;Assunta, Il Sacrificio di No\u00e8 dopo il diluvio<\/em>&nbsp;e <em>Il Sacrificio del profeta Elia<\/em>), la Bas\u00edlica di Santa Croce (<em>Sant&#8217;Antonio da Padova<\/em>) y la Iglesia de Santa Irene (<em>Il Trasporto dell&#8217;Arca Santa<\/em>).<\/span><\/a>.<\/p>\n<p style=\"text-align: justify\">Tambi\u00e9n son de admirar, en una ruta por la ciudad barroca de Lecce, la Iglesia delle Grazie&nbsp;(segunda mitad del siglo XVI), la Iglesia de San Mateo (segunda mitad del siglo XVII) y la Porta Rudiae, reconstruida en su forma actual en 1703 y coronada en su parte central con una estatua de San Oronzo, el patr\u00f3n admirado por el obispo Pappacoda.<\/p>\n<p style=\"text-align: justify\"><a href=\"\/es\/territorios\/itinerarios-urbanos\/lecce\/cino\/\" title=\"Cino\">&lt;&lt;&lt;&#8212;p\u00e1gina precedente<\/a>&nbsp;&nbsp; <a href=\"\/es\/territorios\/itinerarios-urbanos\/\" title=\"Itinerarios urbanos\">\u00cdndice&#8212;&gt;&gt;&gt;<\/a><\/p>\n<\/p><\/div>\n<p><\/p>\n","protected":false},"excerpt":{"rendered":"<p>Otros restos de la Lecce barroca El rostro barroco de Lecce, dominado por las obras anheladas por sus obispos y realizadas por sus arquitectos m\u00e1s famosos, se complementa con otros elementos y caracter\u00edsticas que contribuyen a reconstruir el aspecto de la ciudad durante los siglos&hellip;<\/p>\n","protected":false},"author":1,"featured_media":0,"parent":7422,"menu_order":0,"comment_status":"closed","ping_status":"closed","template":"","meta":{"footnotes":""},"class_list":["post-6633","page","type-page","status-publish","hentry"],"_links":{"self":[{"href":"https:\/\/digitalhistory.unite.it\/es\/wp-json\/wp\/v2\/pages\/6633","targetHints":{"allow":["GET"]}}],"collection":[{"href":"https:\/\/digitalhistory.unite.it\/es\/wp-json\/wp\/v2\/pages"}],"about":[{"href":"https:\/\/digitalhistory.unite.it\/es\/wp-json\/wp\/v2\/types\/page"}],"author":[{"embeddable":true,"href":"https:\/\/digitalhistory.unite.it\/es\/wp-json\/wp\/v2\/users\/1"}],"replies":[{"embeddable":true,"href":"https:\/\/digitalhistory.unite.it\/es\/wp-json\/wp\/v2\/comments?post=6633"}],"version-history":[{"count":2,"href":"https:\/\/digitalhistory.unite.it\/es\/wp-json\/wp\/v2\/pages\/6633\/revisions"}],"predecessor-version":[{"id":12144,"href":"https:\/\/digitalhistory.unite.it\/es\/wp-json\/wp\/v2\/pages\/6633\/revisions\/12144"}],"up":[{"embeddable":true,"href":"https:\/\/digitalhistory.unite.it\/es\/wp-json\/wp\/v2\/pages\/7422"}],"wp:attachment":[{"href":"https:\/\/digitalhistory.unite.it\/es\/wp-json\/wp\/v2\/media?parent=6633"}],"curies":[{"name":"wp","href":"https:\/\/api.w.org\/{rel}","templated":true}]}}