{"id":6634,"date":"2021-08-20T00:03:45","date_gmt":"2021-08-19T22:03:45","guid":{"rendered":"https:\/\/digitalhistory.unite.it\/alcala-de-henares\/"},"modified":"2021-11-23T17:45:14","modified_gmt":"2021-11-23T16:45:14","slug":"alcala-de-henares","status":"publish","type":"page","link":"https:\/\/digitalhistory.unite.it\/es\/territorios\/itinerarios-urbanos\/alcala\/alcala-de-henares\/","title":{"rendered":"Alcal\u00e1 de Henares, ciudad cisneriana, cervantina y jesu\u00edtica"},"content":{"rendered":"<h1>Alcal\u00e1 de Henares, ciudad cisneriana, cervantina y jesu\u00edtica <\/h1>\n<div class=\"testo\">\n<p style=\"text-align: justify\"><img loading=\"lazy\" decoding=\"async\" src=\"https:\/\/digitalhistory.unite.it\/wp-content\/uploads\/2021\/08\/citt_2_250x205.jpg\" width=\"250\" height=\"205\" alt=\"Citt\u00e02\" align=\"left\">Pasear por la ciudad <a href=\"\/es\/territorios\/itinerarios-urbanos\/valladolid\/iglesia-de-san-pablo\/madrid\/\" title=\"Madrid\">madrile\u00f1a<\/a> de <a href=\"\/es\/territorios\/itinerarios-urbanos\/valladolid\/universidad\/alcala-de-henares\/\" title=\"Alcal\u00e1 de Henares\">Alcal\u00e1 de Henares<\/a> es recorrer la historia de los antiguos pueblos que la dominaron: celtas, romanos, visigodos y musulmanes. De todos ellos, sin duda, destacan los restos, que a\u00fan se conservan, del esplendor de la antigua ciudad romana denominada <em>Complutum<\/em> (siglo I d.C.) sobre la que se asienta la actual Alcal\u00e1 de Henares.<\/p>\n<p style=\"text-align: justify\">Pero si algo caracteriza a esta ciudad hist\u00f3rica &#8211; patrimonio de la Humanidad- es que todav\u00eda hoy conserva su tradici\u00f3n universitaria. En 1508 el <a href=\"\/es\/territorios\/itinerarios-urbanos\/alcala\/alcala-de-henares\/cisneros\/\" title=\"Cisneros\">cardenal Cisneros<\/a>, arzobispo de Toledo y confesor de la reina <a href=\"\/es\/territorios\/itinerarios-urbanos\/valladolid\/el-museo-nacional-de-escultura\/reyes-catolicos\/\" title=\"Reyes Cat\u00f3licos\">Isabel la Cat\u00f3lica<\/a>, concibi\u00f3 la creaci\u00f3n de una Universidad nueva en Alcal\u00e1, con una teolog\u00eda renovada de esp\u00edritu humanista, distinta al resto de Universidades espa\u00f1olas que continuaban las r\u00edgidas directrices de la <a href=\"\/es\/territorios\/itinerarios-urbanos\/alcala\/alcala-de-henares\/escolastica-medieval\/\" title=\"Escol\u00e1stica medieval\">escol\u00e1stica medieval<\/a>. A partir de entonces, durante los siglos XVI y XVII, la ciudad del r\u00edo Henares se transform\u00f3 hasta convertirse en la ciudad espa\u00f1ola de referencia para literatos, fil\u00f3sofos y artistas abiertos a nuevas corrientes filos\u00f3ficas y espirituales &#8211; ortodoxas y heterodoxas &#8211; que circulaban por toda Europa, y que la <a href=\"\/es\/territorios\/itinerarios-urbanos\/alcala\/alcala-de-henares\/inquisicion-espanola\/\" title=\"Inquisici\u00f3n espa\u00f1ola\">Inquisici\u00f3n espa\u00f1ola<\/a> trat\u00f3 de eliminar sin \u00e9xito alguno.<\/p>\n<p style=\"text-align: justify\"><img loading=\"lazy\" decoding=\"async\" src=\"https:\/\/digitalhistory.unite.it\/wp-content\/uploads\/2021\/08\/citt_1_249x160.jpg\" width=\"249\" height=\"160\" alt=\"Citt\u00e01\" align=\"left\">Adem\u00e1s de ciudad universitaria por excelencia, Alcal\u00e1 de Henares fue el lugar donde se gestaron ideas y proyectos universales que marcaron la evoluci\u00f3n de la Historia de Espa\u00f1a: fue donde Crist\u00f3bal Col\u00f3n se entrevist\u00f3 por primera vez con los Reyes Cat\u00f3licos en 1486 para presentarles su proyecto de Indias. Pero tambi\u00e9n es la ciudad que vio nacer a <a href=\"\/es\/territorios\/itinerarios-urbanos\/alcala\/alcala-de-henares\/cervantes\/\" title=\"Cervantes\">Miguel de Cervantes<\/a>, y su huella quijotesca, conocida hoy en todo el mundo, se percibe en muchas de sus plazas y calles, siendo especialmente celebrada en sus fiestas. Menos conocido, pero igualmente importante, es presentar a la ciudad alcala\u00edna como uno de los lugares predilectos por <a href=\"\/es\/territorios\/itinerarios-urbanos\/alcala\/alcala-de-henares\/ignacio-de-loyola\/\" title=\"Ignacio de Loyola\">Ignacio de Loyola<\/a>, fundador de la <a href=\"\/es\/territorios\/itinerarios-urbanos\/lecce\/seminario\/la-compania-de-jesus\/\" title=\"La Compa\u00f1\u00eda de Jes\u00fas\">Compa\u00f1\u00eda de Jes\u00fas<\/a>, cuyo ambiente cultural, adelantado a su tiempo, contribuy\u00f3 a la creaci\u00f3n de esta nueva <a href=\"\/es\/territorios\/itinerarios-urbanos\/lecce\/plaza-de-san-oronzo\/ordenes-religiosas\/\" title=\"\u00d3rdenes religiosas\">Orden religiosa<\/a> en 1540. Colegios, iglesias, estatuas y pinturas vinculadas a la historia barroca de la Compa\u00f1\u00eda forman parte de este itinerario que recorre las calles de Alcal\u00e1 de Henares.<\/p>\n<p style=\"text-align: justify\"><a href=\"\/es\/territorios\/itinerarios-urbanos\/\" title=\"Itinerarios urbanos\">&lt;&lt;&lt;&#8212;\u00cdndice<\/a>&nbsp;&nbsp; <a href=\"\/es\/territorios\/itinerarios-urbanos\/alcala\/ignacio-de-loyola\/\" title=\"Ignacio de Loyola\">p\u00e1gina siguiente&#8212;&gt;&gt;&gt;<\/a><\/p>\n<\/p><\/div>\n<p><\/p>\n","protected":false},"excerpt":{"rendered":"<p>Alcal\u00e1 de Henares, ciudad cisneriana, cervantina y jesu\u00edtica Pasear por la ciudad madrile\u00f1a de Alcal\u00e1 de Henares es recorrer la historia de los antiguos pueblos que la dominaron: celtas, romanos, visigodos y musulmanes. De todos ellos, sin duda, destacan los restos, que a\u00fan se conservan,&hellip;<\/p>\n","protected":false},"author":1,"featured_media":0,"parent":7436,"menu_order":0,"comment_status":"closed","ping_status":"closed","template":"","meta":{"footnotes":""},"class_list":["post-6634","page","type-page","status-publish","hentry"],"_links":{"self":[{"href":"https:\/\/digitalhistory.unite.it\/es\/wp-json\/wp\/v2\/pages\/6634","targetHints":{"allow":["GET"]}}],"collection":[{"href":"https:\/\/digitalhistory.unite.it\/es\/wp-json\/wp\/v2\/pages"}],"about":[{"href":"https:\/\/digitalhistory.unite.it\/es\/wp-json\/wp\/v2\/types\/page"}],"author":[{"embeddable":true,"href":"https:\/\/digitalhistory.unite.it\/es\/wp-json\/wp\/v2\/users\/1"}],"replies":[{"embeddable":true,"href":"https:\/\/digitalhistory.unite.it\/es\/wp-json\/wp\/v2\/comments?post=6634"}],"version-history":[{"count":2,"href":"https:\/\/digitalhistory.unite.it\/es\/wp-json\/wp\/v2\/pages\/6634\/revisions"}],"predecessor-version":[{"id":12089,"href":"https:\/\/digitalhistory.unite.it\/es\/wp-json\/wp\/v2\/pages\/6634\/revisions\/12089"}],"up":[{"embeddable":true,"href":"https:\/\/digitalhistory.unite.it\/es\/wp-json\/wp\/v2\/pages\/7436"}],"wp:attachment":[{"href":"https:\/\/digitalhistory.unite.it\/es\/wp-json\/wp\/v2\/media?parent=6634"}],"curies":[{"name":"wp","href":"https:\/\/api.w.org\/{rel}","templated":true}]}}