{"id":6635,"date":"2021-08-20T00:03:45","date_gmt":"2021-08-19T22:03:45","guid":{"rendered":"https:\/\/digitalhistory.unite.it\/ignacio-de-loyola\/"},"modified":"2021-11-23T15:29:08","modified_gmt":"2021-11-23T14:29:08","slug":"ignacio-de-loyola","status":"publish","type":"page","link":"https:\/\/digitalhistory.unite.it\/es\/territorios\/itinerarios-urbanos\/alcala\/ignacio-de-loyola\/","title":{"rendered":"Ignacio de Loyola y su legado en el Hospital de Antezana"},"content":{"rendered":"<h1>Ignacio de Loyola y su legado en el Hospital de Antezana <\/h1>\n<div class=\"testo\">\n<p style=\"text-align: justify\"><img loading=\"lazy\" decoding=\"async\" src=\"https:\/\/digitalhistory.unite.it\/wp-content\/uploads\/2021\/08\/antezana2_278x152.jpg\" width=\"278\" height=\"152\" alt=\"Antezana2\" align=\"left\">Atra\u00eddo por la idea de una educaci\u00f3n renovada que ofrec\u00eda la Universidad <a href=\"\/es\/territorios\/itinerarios-urbanos\/alcala\/alcala-de-henares\/cisneros\/\" title=\"Cisneros\">cisneriana<\/a>, <a href=\"\/es\/territorios\/itinerarios-urbanos\/alcala\/alcala-de-henares\/ignacio-de-loyola\/\" title=\"Ignacio de Loyola\">Ignacio de Loyola<\/a> (foto) se traslad\u00f3 a <a href=\"\/es\/territorios\/itinerarios-urbanos\/valladolid\/universidad\/alcala-de-henares\/\" title=\"Alcal\u00e1 de Henares\">Alcal\u00e1 de Henares<\/a> donde estudi\u00f3 para ser sacerdote durante el curso de 1526-1527. Fueron pocos a\u00f1os de estancia en esta ciudad castellana pero dejaron huella en su espiritualidad que, a\u00f1os m\u00e1s tarde, quiso transmitir a la <a href=\"\/es\/territorios\/itinerarios-urbanos\/lecce\/seminario\/la-compania-de-jesus\/\" title=\"La Compa\u00f1\u00eda de Jes\u00fas\">Compa\u00f1\u00eda de Jes\u00fas<\/a>. En Alcal\u00e1 Ignacio conoci\u00f3 a algunos de los cofundadores de la Compa\u00f1\u00eda, estos eran los padres Alfonso Salmer\u00f3n, Nicol\u00e1s de Bobadilla y Jer\u00f3nimo Nadal. Todos ellos comenzaron a distinguirse por pedir limosnas por las calles, caminar descalzos y vestir un sayal, por lo que eran conocidos en Alcal\u00e1 como los &#8220;ensayalados&#8221;. La vida de pobreza que distingui\u00f3 a estos primeros jesuitas les llev\u00f3 a vivir en hospitales donde socorr\u00edan a los m\u00e1s necesitados. Concretamente Ignacio se aloj\u00f3 en el Hospital de Antezana, donde adem\u00e1s le daban comida, bebida y candela a cambio de dar servicio a los enfermos necesitados acogidos en el Hospital. Todav\u00eda hoy se puede visitar este Hospital que se fund\u00f3 en 1483 por testamento de don Luis de Antezana, regidor de la villa de <a href=\"\/es\/territorios\/itinerarios-urbanos\/alcala\/ignacio-de-loyola\/guadalajara\/\" title=\"Guadalajara\">Guadalajara<\/a> y de su esposa do\u00f1a Isabel de Guzm\u00e1n, perteneciente a la <a href=\"\/es\/territorios\/itinerarios-urbanos\/alcala\/ignacio-de-loyola\/casa-de-medina-sidonia\/\" title=\"Casa de Medina Sidonia\">casa de Medina Sidonia<\/a>. Este matrimonio se propuso trasladar el antiguo Hospital de San Juli\u00e1n, que se encontraba arruinado, a unas casas de su propiedad en la calle Mayor de Alcal\u00e1 de Henares, donde, en la actualidad, sigue funcionando como hospital ben\u00e9fico, siendo uno de los m\u00e1s antiguos de Europa que ofrece este servicio gratuito.<\/p>\n<p style=\"text-align: justify\"><img loading=\"lazy\" decoding=\"async\" src=\"https:\/\/digitalhistory.unite.it\/wp-content\/uploads\/2021\/08\/antezana1_220x435.jpg\" width=\"220\" height=\"435\" alt=\"Antezana1\" align=\"left\">La fachada del Hospital es sobria, manteniendo la estructura similar a cuando fue habitada por Ignacio. El patio interior (foto) es prerrenacentista formado por dos \u00f3rdenes de galer\u00eda con zapatas y apoyos de madera conservados, y es aqu\u00ed donde Ignacio predic\u00f3 y comenz\u00f3 a dar a los pobres sus <a href=\"\/es\/territorios\/itinerarios-urbanos\/alcala\/ignacio-de-loyola\/ejercicios-espirituales\/\" title=\"Ejercicios Espirituales\"><em>Ejercicios Espirituales<\/em><\/a>, que luego marcaron la historia de la espiritualidad espa\u00f1ola. Precisamente por predicar en el patio de este Hospital, Ignacio fue apresado por la <a href=\"\/es\/territorios\/itinerarios-urbanos\/alcala\/alcala-de-henares\/inquisicion-espanola\/\" title=\"Inquisici\u00f3n espa\u00f1ola\">Inquisici\u00f3n<\/a> acusado de recibir demasiadas visitas de mujeres de la nobleza, lo que motiv\u00f3 que Ignacio viera conveniente alejarse de la ciudad del Henares. Continuando en la galer\u00eda superior del Hospital de Antezana, todav\u00eda se conserva la cocina que us\u00f3 Ignacio, mientras que la habitaci\u00f3n donde dorm\u00eda se convirti\u00f3 en capilla barroca a petici\u00f3n de la Compa\u00f1\u00eda de Jes\u00fas en 1658. Hoy dicha capilla se sit\u00faa a los pies de la Iglesia del Hospital, frente a la puerta de entrada, y tras una reja del siglo XVII se puede ver un retablo con un cuadro de San Ignacio con el emblema de la Compa\u00f1\u00eda en la mano derecha (IHS), y en la izquierda un libro grande sostenido por dos \u00e1ngeles que dice <em>Ad majorem gloriam Regulae Societatis Jesu<\/em>. El Esp\u00edritu Santo, en la parte superior de la imagen, rodea a San Ignacio. Es un lienzo pintado por <a href=\"#\" class=\"tooltip yellow-tooltip\">Diego Gonz\u00e1lez de la Vega<span>El licenciado Diego Gonz\u00e1lez (1622\/1628 &#8211; 1697) naci\u00f3 en Madrid. Fue uno de los pintores del barroco espa\u00f1ol m\u00e1s distinguidos, disc\u00edpulo del pintor Francisco de Rizi, quien que tambi\u00e9n realiz\u00f3 algunos de sus mejores cuadros para la Compa\u00f1\u00eda. Destaca de su t\u00e9cnica la maestr\u00eda del color en sus temas religiosos. En 1655 pint\u00f3 tambi\u00e9n para el Colegio Imperial de los Jesuitas de Madrid un cuadro con los <em>M\u00e1rtires del Jap\u00f3n<\/em>, situado en la capilla de San Francisco Javier.<\/span><\/a> en 1669. De la Iglesia del Hospital tambi\u00e9n es preciso destacar la colecci\u00f3n de pinturas barrocas, vinculadas a la Compa\u00f1\u00eda, que alberga en su interior. La m\u00e1s imponente es un lienzo enorme pintado por <a href=\"#\" class=\"tooltip yellow-tooltip\">Pedro de Valpuesta<span>Era un pintor natural de Burgo de Osma (1614-1668), que acab\u00f3 orden\u00e1ndose sacerdote. Fue un pintor muy reconocido en la corte de Felipe IV. Al igual que Eugenio Caj\u00e9s, Valpuesta alarga las extremidades de sus figuras, desarrollando posturas dif\u00edciles y artificiales. Se han conservado un n\u00famero limitado de sus obras, entre las cuales, el lienzo de San Ignacio de Loyola, uno de los m\u00e1s representativos de su trabajo.<\/span><\/a> en 1658 y que representa la vida de San Ignacio a trav\u00e9s de varias escenas. En este cuadro, que ocupa todo el muro trasero de la Iglesia aparece San Ignacio a tama\u00f1o real que lleva de nuevo en su mano derecha una custodia con el emblema dela Compa\u00f1\u00eda (IHS) y en la mano izquierda un libro con la inscripci\u00f3n <em>\u00bfCu\u00e1ntas partes tiene la doctrina cristiana?<\/em>. En la parte superior izquierda del cuadro se muestra a Ignacio cuidando de los enfermos en una peque\u00f1a escena, mientras que debajo de \u00e9sta, aparece el Santo rezando ante la Virgen. En la parte superior derecha del cuadro se muestra a Ignacio espantando a los demonios y monstruos, mientras que debajo de \u00e9sta aparece el fundador y sus compa\u00f1eros adoctrinas a los ni\u00f1os.<\/p>\n<p style=\"text-align: justify\">El v\u00ednculo del Hospital de Antezana con los jesuitas iba m\u00e1s all\u00e1 de ser testigo de la vida de Ignacio y de guardar un importante legado art\u00edstico de la Compa\u00f1\u00eda de \u00e9poca barroca, ya que, durante todo el siglo XVII, un buen n\u00famero de jesuitas que estudiaban en el Colegio M\u00e1ximo de la Compa\u00f1\u00eda en Alcal\u00e1 de Henares, fundado a\u00f1os m\u00e1s tarde, decid\u00eda abandonar la residencia del Colegio para ir a vivir en este Hospital siguiendo el ejemplo de pobreza de su fundador. Este fue el caso del <a href=\"#\" class=\"tooltip yellow-tooltip\">P. Diego Luis de San V\u00edtores<span>Naci\u00f3 en Burgos en 1627. En la Compa\u00f1\u00eda de Jes\u00fas desarroll\u00f3 su vocaci\u00f3n misionera, encarg\u00e1ndose de preparar la evangelizaci\u00f3n jesuita en las Islas Marianas. Para ello convenci\u00f3 a Felipe IV que patrocinara estas misiones, y sobre todo a la reina Mariana de Austria, a quien dedic\u00f3 el nombre de estas Islas. Se le reconoce tambi\u00e9n haber fundado la primera Iglesia cat\u00f3lica en la Isla de Guam, donde, junto a sus compa\u00f1eros, muri\u00f3 martirizado por los nativos de la Isla en el a\u00f1o 1672.<\/span><\/a>, c\u00e9lebre misionero de la Compa\u00f1\u00eda.<\/p>\n<p style=\"text-align: justify\"><a href=\"\/es\/territorios\/itinerarios-urbanos\/alcala\/alcala-de-henares\/\" title=\"Alcal\u00e1 de Henares\">&lt;&lt;&lt;&#8212;p\u00e1gina precedente<\/a>&nbsp;&nbsp; <a href=\"\/es\/territorios\/itinerarios-urbanos\/alcala\/ermita\/\" title=\"Ermita\">p\u00e1gina siguiente&#8212;&gt;&gt;&gt;<\/a><\/p>\n<\/p><\/div>\n<p><\/p>\n","protected":false},"excerpt":{"rendered":"<p>Ignacio de Loyola y su legado en el Hospital de Antezana Atra\u00eddo por la idea de una educaci\u00f3n renovada que ofrec\u00eda la Universidad cisneriana, Ignacio de Loyola (foto) se traslad\u00f3 a Alcal\u00e1 de Henares donde estudi\u00f3 para ser sacerdote durante el curso de 1526-1527. Fueron&hellip;<\/p>\n","protected":false},"author":1,"featured_media":0,"parent":7436,"menu_order":0,"comment_status":"closed","ping_status":"closed","template":"","meta":{"footnotes":""},"class_list":["post-6635","page","type-page","status-publish","hentry"],"_links":{"self":[{"href":"https:\/\/digitalhistory.unite.it\/es\/wp-json\/wp\/v2\/pages\/6635","targetHints":{"allow":["GET"]}}],"collection":[{"href":"https:\/\/digitalhistory.unite.it\/es\/wp-json\/wp\/v2\/pages"}],"about":[{"href":"https:\/\/digitalhistory.unite.it\/es\/wp-json\/wp\/v2\/types\/page"}],"author":[{"embeddable":true,"href":"https:\/\/digitalhistory.unite.it\/es\/wp-json\/wp\/v2\/users\/1"}],"replies":[{"embeddable":true,"href":"https:\/\/digitalhistory.unite.it\/es\/wp-json\/wp\/v2\/comments?post=6635"}],"version-history":[{"count":2,"href":"https:\/\/digitalhistory.unite.it\/es\/wp-json\/wp\/v2\/pages\/6635\/revisions"}],"predecessor-version":[{"id":12098,"href":"https:\/\/digitalhistory.unite.it\/es\/wp-json\/wp\/v2\/pages\/6635\/revisions\/12098"}],"up":[{"embeddable":true,"href":"https:\/\/digitalhistory.unite.it\/es\/wp-json\/wp\/v2\/pages\/7436"}],"wp:attachment":[{"href":"https:\/\/digitalhistory.unite.it\/es\/wp-json\/wp\/v2\/media?parent=6635"}],"curies":[{"name":"wp","href":"https:\/\/api.w.org\/{rel}","templated":true}]}}