{"id":6636,"date":"2021-08-20T00:03:48","date_gmt":"2021-08-19T22:03:48","guid":{"rendered":"https:\/\/digitalhistory.unite.it\/ermita\/"},"modified":"2021-11-23T15:29:08","modified_gmt":"2021-11-23T14:29:08","slug":"ermita","status":"publish","type":"page","link":"https:\/\/digitalhistory.unite.it\/es\/territorios\/itinerarios-urbanos\/alcala\/ermita\/","title":{"rendered":"La Ermita del Cristo de los Doctrinos sobre los cimientos del antiguo colegio jesuita"},"content":{"rendered":"<h1>La Ermita del Cristo de los Doctrinos sobre los cimientos del antiguo colegio jesuita <\/h1>\n<div class=\"testo\">\n<p style=\"text-align: justify\">En 1543 vino a estudiar a la Universidad de <a href=\"\/es\/territorios\/itinerarios-urbanos\/valladolid\/universidad\/alcala-de-henares\/\" title=\"Alcal\u00e1 de Henares\">Alcal\u00e1<\/a> un disc\u00edpulo de <a href=\"\/es\/territorios\/itinerarios-urbanos\/alcala\/alcala-de-henares\/ignacio-de-loyola\/\" title=\"Ignacio de Loyola\">Ignacio de Loyola<\/a>, el <a href=\"\/es\/territorios\/itinerarios-urbanos\/alcala\/ermita\/francisco-villanueva\/\" title=\"Francisco Villanueva\">P. Francisco Villanueva<\/a>. Durante su estancia, el P. Villanueva quiso establecer el que ser\u00eda el primer colegio de la <a href=\"\/es\/territorios\/itinerarios-urbanos\/lecce\/seminario\/la-compania-de-jesus\/\" title=\"La Compa\u00f1\u00eda de Jes\u00fas\">Compa\u00f1\u00eda de Jes\u00fas<\/a> fundado en Espa\u00f1a y para ello cont\u00f3 con la colaboraci\u00f3n de importantes benefactores, que hab\u00edan conocido a Ignacio de Loyola cuando resid\u00eda en Alcal\u00e1, tales como do\u00f1a Beatriz Ram\u00edrez, do\u00f1a Menc\u00eda de Benavente y, especialmente, <a href=\"#\" class=\"tooltip yellow-tooltip\">do\u00f1a Leonor de Mascare\u00f1as<span>Do\u00f1a Leonor de Mascare\u00f1as (1503-1584) fue&nbsp;dama de la corte madrile\u00f1a que lleg\u00f3 a ser aya del pr\u00edncipe Felipe, futuro Felipe II, y del pr\u00edncipe don Carlos, adem\u00e1s de ser camarera mayor de Mar\u00eda de Austria. Conoci\u00f3 a Santa Teresa de Jes\u00fas, compartiendo la espiritualidad m\u00edstica de su reforma carmelitana, lo que le llev\u00f3 a fundar numerosos conventos descalzos, cercanos a la corte, adem\u00e1s de ser benefactora de diversos colegios jesuitas.<\/span><\/a>, aya del monarca <a href=\"\/es\/territorios\/itinerarios-urbanos\/valladolid\/iglesia-de-san-pablo\/felipe-ii\/\" title=\"Felipe II\">Felipe II<\/a>. Alquilaron en 1546 un corral que coincide con el actual patio de la Ermita del Cristo de los Doctrinos, conocido entonces y ahora como &#8220;Corral de Mataperros&#8221;. Aquel corral hab\u00eda servido para dar alojamiento a los estudiantes pobres de la Universidad, no obstante, ya hab\u00eda sido abandonado cuando llegaron el P. Villanueva y sus compa\u00f1eros para habitarlo. De esta manera dio comienzo el colegio jesuita, a pesar de que tan s\u00f3lo permanecieron dos a\u00f1os en este corral a causa de la insalubridad de la zona. En este lugar, sede temporal de la Compa\u00f1\u00eda, es donde hoy se alza la Ermita del Cristo de los Doctrinos, que conserva restos muy simb\u00f3licos de un barroco jesuita. Desde 1575 este lugar se convirti\u00f3 en el &#8220;Seminario de Ni\u00f1os de la Doctrina&#8221; que educaba a ni\u00f1os hu\u00e9rfanos, cre\u00e1ndose la cofrad\u00eda del Cristo de los Doctrinos en 1661, que se convirti\u00f3 en una de las cofrad\u00edas m\u00e1s antiguas y veneradas de Alcal\u00e1.<\/p>\n<p style=\"text-align: justify\"><img loading=\"lazy\" decoding=\"async\" src=\"https:\/\/digitalhistory.unite.it\/wp-content\/uploads\/2021\/08\/ermita2_251x187.jpg\" width=\"251\" height=\"187\" alt=\"Ermita2\" align=\"left\">En la plaza de los Doctrinos, adem\u00e1s de la Ermita de los Doctrinos y de la fachada del templo conventual de <a href=\"\/es\/territorios\/itinerarios-urbanos\/lecce\/cino\/carmelitas\/\" title=\"Carmelitas\">Carmelitas<\/a> del Corpus Christi del s. XVII, se encuentra una estatua moderna de Ignacio de Loyola, que recuerda el emplazamiento del antiguo colegio jesuita. El exterior de la Ermita es de estilo del aparejo toledano con cajones de mamposter\u00eda entre hiladas de ladrillo que tanto caracteriz\u00f3 al barroco <a href=\"\/es\/territorios\/itinerarios-urbanos\/valladolid\/iglesia-de-san-pablo\/madrid\/\" title=\"Madrid\">madrile\u00f1o<\/a> (foto). Al traspasar un breve zagu\u00e1n, se llega a tres lugares: el corral de Mataperros, origen del antiguo colegio jesuita de Alcal\u00e1; el santuario que se detallar\u00e1 a continuaci\u00f3n y la sacrist\u00eda que se ha transformado en museo sacro con piezas barrocas de las Iglesias alcala\u00ednas.<\/p>\n<p style=\"text-align: justify\"><img loading=\"lazy\" decoding=\"async\" src=\"https:\/\/digitalhistory.unite.it\/wp-content\/uploads\/2021\/08\/ermita1_220x332.jpg\" width=\"220\" height=\"332\" alt=\"Ermita1\" align=\"left\">El interior de la Ermita de los Doctrinos, que era de estilo barroco, fue restaurado en 1702. Se compone de una sola nave y su altar alberga el famoso <em>Cristo de los Doctrinos<\/em> (foto), talla del escultor jesuita <a href=\"\/es\/territorios\/itinerarios-urbanos\/alcala\/ermita\/domingo-beltran-de-otazu\/\" title=\"Domingo Beltr\u00e1n de Otazu\">Domingo Beltr\u00e1n<\/a>, quien lo realiz\u00f3 entre 1587 y 1590, a\u00f1o de su fallecimiento en Alcal\u00e1. Este Cristo crucificado fue realizado por Beltr\u00e1n para el altar mayor de la Iglesia del Colegio M\u00e1ximo de la Compa\u00f1\u00eda de Jes\u00fas (actual parroquia de Santa Mar\u00eda en la calle de Libreros), pero tras la desamortizaci\u00f3n espa\u00f1ola de Iglesias y conventos de finales del s. XVIII, se traslad\u00f3 a la Ermita de los Doctrinos. Es, sin duda, la mejor talla de madera que se conserva en Alcal\u00e1. El material que utiliz\u00f3 Beltr\u00e1n para esta escultura fue madera americana de &#8220;sat\u00edn&#8221;, y la ausencia de policrom\u00eda resalta la elegancia y el color de la madera esculpida, que se ha oscurecido con el tiempo. Para la corona de espinas y el cabello del Cristo us\u00f3 \u00e9bano. En esta talla se mezclan el clasicismo que aprendi\u00f3 el escultor de la imaginer\u00eda italiana con un resquicio del manierismo de finales del s. XVI, que alarga la figura del Crucificado.<\/p>\n<p style=\"text-align: justify\"><a href=\"\/es\/territorios\/itinerarios-urbanos\/alcala\/ignacio-de-loyola\/\" title=\"Ignacio de Loyola\">&lt;&lt;&lt;&#8212;p\u00e1gina precedente<\/a>&nbsp;&nbsp; <a href=\"\/es\/territorios\/itinerarios-urbanos\/alcala\/colegio-maximo\/\" title=\"Colegio M\u00e1ximo\">p\u00e1gina siguiente&#8212;&gt;&gt;&gt;<\/a><\/p>\n<\/div>\n","protected":false},"excerpt":{"rendered":"<p>La Ermita del Cristo de los Doctrinos sobre los cimientos del antiguo colegio jesuita En 1543 vino a estudiar a la Universidad de Alcal\u00e1 un disc\u00edpulo de Ignacio de Loyola, el P. Francisco Villanueva. Durante su estancia, el P. Villanueva quiso establecer el que ser\u00eda&hellip;<\/p>\n","protected":false},"author":1,"featured_media":0,"parent":7436,"menu_order":0,"comment_status":"closed","ping_status":"closed","template":"","meta":{"footnotes":""},"class_list":["post-6636","page","type-page","status-publish","hentry"],"_links":{"self":[{"href":"https:\/\/digitalhistory.unite.it\/es\/wp-json\/wp\/v2\/pages\/6636","targetHints":{"allow":["GET"]}}],"collection":[{"href":"https:\/\/digitalhistory.unite.it\/es\/wp-json\/wp\/v2\/pages"}],"about":[{"href":"https:\/\/digitalhistory.unite.it\/es\/wp-json\/wp\/v2\/types\/page"}],"author":[{"embeddable":true,"href":"https:\/\/digitalhistory.unite.it\/es\/wp-json\/wp\/v2\/users\/1"}],"replies":[{"embeddable":true,"href":"https:\/\/digitalhistory.unite.it\/es\/wp-json\/wp\/v2\/comments?post=6636"}],"version-history":[{"count":2,"href":"https:\/\/digitalhistory.unite.it\/es\/wp-json\/wp\/v2\/pages\/6636\/revisions"}],"predecessor-version":[{"id":12104,"href":"https:\/\/digitalhistory.unite.it\/es\/wp-json\/wp\/v2\/pages\/6636\/revisions\/12104"}],"up":[{"embeddable":true,"href":"https:\/\/digitalhistory.unite.it\/es\/wp-json\/wp\/v2\/pages\/7436"}],"wp:attachment":[{"href":"https:\/\/digitalhistory.unite.it\/es\/wp-json\/wp\/v2\/media?parent=6636"}],"curies":[{"name":"wp","href":"https:\/\/api.w.org\/{rel}","templated":true}]}}