{"id":6637,"date":"2021-08-20T00:03:48","date_gmt":"2021-08-19T22:03:48","guid":{"rendered":"https:\/\/digitalhistory.unite.it\/colegio-maximo\/"},"modified":"2021-11-23T15:29:08","modified_gmt":"2021-11-23T14:29:08","slug":"colegio-maximo","status":"publish","type":"page","link":"https:\/\/digitalhistory.unite.it\/es\/territorios\/itinerarios-urbanos\/alcala\/colegio-maximo\/","title":{"rendered":"El Colegio M\u00e1ximo de la Compa\u00f1\u00eda en Alcal\u00e1: un centro de estudios de referencia en el s. XVII"},"content":{"rendered":"<h1>El Colegio M\u00e1ximo de la Compa\u00f1\u00eda en Alcal\u00e1: un centro de estudios de referencia en el s. XVII <\/h1>\n<div class=\"testo\">\n<p style=\"text-align: justify\" class=\"NormalWeb\"><img loading=\"lazy\" decoding=\"async\" src=\"https:\/\/digitalhistory.unite.it\/wp-content\/uploads\/2021\/08\/colegio2_249x164.jpg\" width=\"249\" height=\"164\" alt=\"Colegio2\" align=\"left\">En el a\u00f1o 1549, el <a href=\"\/es\/territorios\/itinerarios-urbanos\/alcala\/ermita\/francisco-villanueva\/\" title=\"Francisco Villanueva\">P. Francisco Villanueva<\/a> trasladaba definitivamente el colegio jesuita a una casa en la calle de Libreros. En 1551 se ampli\u00f3 el solar con la ayuda econ\u00f3mica de do\u00f1a Mar\u00eda de Mendoza, hija de los IV <a href=\"#\" class=\"tooltip yellow-tooltip\">marqueses de Mond\u00e9jar<span>T\u00edtulo nobiliario espa\u00f1ol que perteneci\u00f3 a la corona de Castilla. Lo cre\u00f3 Fernando el Cat\u00f3lico en 1512 para honrar a la familia de los Mendoza en la persona de don \u00cd\u00f1igo L\u00f3pez de Mendoza y Qui\u00f1ones. El marquesado de Mond\u00e9jar se situaba en la zona de Guadalajara, en el centro del territorio hispano de la Monarqu\u00eda, siendo uno de los n\u00facleos de poder m\u00e1s importantes por su cercan\u00eda a la corte de Madrid.<\/span><\/a>. El encargado de dise\u00f1ar los planos de un gran colegio fue el jesuita <a href=\"#\" class=\"tooltip yellow-tooltip\">Bartolom\u00e9 de Bustamante<span>Naci\u00f3 en Alcal\u00e1 de Henares en 1501. Tras ingresar en el Compa\u00f1\u00eda se gan\u00f3 la confianza del superior Francisco de Borja, luego General de la Orden, del que fue su secretario. Elabor\u00f3 numerosas trazas de iglesias y colegios jesuitas: Medina del Campo (1553), Plasencia (1554), Marchena y Granada (1556), Madrid y Villarejo de Fuentes (1561), Trigueros, C\u00f3rdoba y Sevilla (c. 1562), Alcal\u00e1 y Oca\u00f1a (1567), y Caravaca (1569). Falleci\u00f3 en 1570.<\/span><\/a>, quien en 1565 hab\u00eda obtenido la aprobaci\u00f3n de Roma para comenzar su edificaci\u00f3n. No obstante, el proyecto de Bustamante se demor\u00f3 por errores m\u00e9tricos y problemas econ\u00f3micos. El caos anterior de peque\u00f1as casas insalubres, corrales y demoras en la edificaci\u00f3n acab\u00f3 finalmente en 1620 cuando el edificio se dot\u00f3 de una traza regular que retomaba los planos de&nbsp;Bustamente. No obstante, la construcci\u00f3n se sigui\u00f3 alargando por mucho tiempo hasta que entre los a\u00f1os 1660 y 1680 intervino <a href=\"#\" class=\"tooltip yellow-tooltip\">Melchor de Bueras<span>Fue un Arquitecto c\u00e1ntabro del barroco espa\u00f1ol de finales del s. XVII. Muy reconocido en la corte de Carlos II, tuvo una gran demanda de edificios para la nobleza que levant\u00f3 durante esta \u00e9poca, como las casas del Duque de Alba y del Duque de Osuna, las fuentes para los jardines de la Marquesa de Oropesa, para don Pedro de Toledo y Vergara y las obras en la villa de Prado. Asimismo, trabaj\u00f3 para diversos edificios de la Compa\u00f1\u00eda como el Colegio Imperial de Madrid y el Colegio M\u00e1ximo de Alcal\u00e1.<\/span><\/a>, quien realiz\u00f3 la portada principal, y construy\u00f3 el edificio al estilo de un barroco ya avanzado. Este maestro hab\u00eda terminado el patio del Colegio Imperial de <a href=\"\/es\/territorios\/itinerarios-urbanos\/valladolid\/iglesia-de-san-pablo\/madrid\/\" title=\"Madrid\">Madrid<\/a> y la iglesia del colegio de Talavera. A finales del s. XVII pas\u00f3 a denominarse el &#8220;Colegio M\u00e1ximo de la Compa\u00f1\u00eda en Alcal\u00e1&#8221;. El apelativo &#8220;M\u00e1ximo&#8221; le fue otorgado por ser el colegio m\u00e1s grande e importante de la <a href=\"#\" class=\"tooltip yellow-tooltip\">Provincia jesu\u00edtica de Toledo<span>Para conseguir una mayor eficacia de sus actividades y de su gobierno la Compa\u00f1\u00eda de Jes\u00fas se divid\u00eda territorialmente en provincias. De las cuatro que compon\u00edan el territorio espa\u00f1ol, la de Toledo se compon\u00eda de las actuales provincias de Madrid, Castilla-La Mancha, Extremadura y Murcia.<\/span><\/a> a la que pertenec\u00eda. Impresiona la magnitud de este centro educativo que es hoy la facultad de derecho de la Universidad de <a href=\"\/es\/territorios\/itinerarios-urbanos\/valladolid\/universidad\/alcala-de-henares\/\" title=\"Alcal\u00e1 de Henares\">Alcal\u00e1<\/a>.<\/p>\n<p style=\"text-align: justify\" class=\"NormalWeb\"><img loading=\"lazy\" decoding=\"async\" src=\"https:\/\/digitalhistory.unite.it\/wp-content\/uploads\/2021\/08\/colegio1_249x187.jpg\" width=\"249\" height=\"187\" alt=\"Colegio1\" align=\"left\">El colegio forma un bloque casi rectangular adosado a un costado de la Iglesia de la <a href=\"\/es\/territorios\/itinerarios-urbanos\/lecce\/seminario\/la-compania-de-jesus\/\" title=\"La Compa\u00f1\u00eda de Jes\u00fas\">Compa\u00f1\u00eda<\/a>. Era un centro de estudios superiores, filos\u00f3ficos y teol\u00f3gicos, donde conviv\u00edan estudiantes (acog\u00eda un total de sesenta alumnos) y profesores al estilo de los colegios que formaban la Universidad. Estaba distribuido en tres sectores: el p\u00fablico que comprend\u00eda los patios, aulas y sala de la congregaci\u00f3n; el privado donde se repart\u00edan los aposentos, el refectorio, la cocina, la despensa, la le\u00f1era, las caballerizas, el gallinero, etc. Este \u00faltimo sector ten\u00eda su propio patio, llamado &#8220;de los carros&#8221; y se situaba en la zona trasera. Detr\u00e1s de \u00e9l se extend\u00eda una amplia huerta, que adem\u00e1s de servir para plantar \u00e1rboles frutales, serv\u00eda como jard\u00edn de recreo para los moradores del colegio. La arquitectura del colegio jesuita, como el resto de casas de la Compa\u00f1\u00eda, eran&nbsp; de estructura muy simple y utilitaria, pobre de materiales y formas, reserv\u00e1ndose la magnificencia para la Iglesia. En el Colegio M\u00e1ximo el material empleado fue el ladrillo visto. En la fachada se utiliz\u00f3 el granito s\u00f3lo para las impostas que divid\u00edan los pisos y para enmarcar las ventanas, todas provistas de rejas de hierro. El escaso ornato se encuentra en la portada principal, con columnas exentas de orden compuesto y el front\u00f3n de la entrada que es de vuelta redonda partido.&nbsp;&nbsp;<\/p>\n<p style=\"text-align: justify\" class=\"NormalWeb\">Por sus aulas pasaron importantes jesuitas como los Padres <a href=\"\/es\/territorios\/itinerarios-urbanos\/alcala\/colegio-maximo\/juan-de-mariana\/\" title=\"Juan de Mariana\">Juan de Mariana<\/a> o <a href=\"#\" class=\"tooltip yellow-tooltip\">Juan Eusebio Nieremberg<span>Fil\u00f3sofo y exegeta de la Compa\u00f1\u00eda de Jes\u00fas. Naci\u00f3 en Madrid en 1595, estudi\u00f3 en el noviciado castellano de Villagarc\u00eda (Toledo). Destac\u00f3 como profesor del Colegio jesuita Imperial de Madrid, en el que estudi\u00f3 buena parte de la aristocracia castellana. Tambi\u00e9n compuso numerosos tratados pol\u00edticos, baste de ejemplo <em>Corona virtuosa y virtud coronada<\/em> (Madrid, 1643) en el que analizaba el papel de la Monarqu\u00eda hispana en el contexto europeo de mediados del s. XVII. Falleci\u00f3 en 1658.<\/span><\/a>. Pero tambi\u00e9n literatos espa\u00f1oles del Siglo de Oro como <a href=\"\/es\/territorios\/itinerarios-urbanos\/alcala\/colegio-maximo\/calderon-de-la-barca\/\" title=\"Calder\u00f3n de la Barca\">Calder\u00f3n de la Barca<\/a>, cuya placa conmemorativa en la fachada recuerda que fue colegial en el a\u00f1o 1614.<\/p>\n<p style=\"text-align: justify\"><a href=\"\/es\/territorios\/itinerarios-urbanos\/alcala\/ermita\/\" title=\"Ermita\">&lt;&lt;&lt;&#8212;p\u00e1gina precedente<\/a>&nbsp;&nbsp; <a href=\"\/es\/territorios\/itinerarios-urbanos\/alcala\/iglesia\/\" title=\"Iglesia\">p\u00e1gina siguiente&#8212;&gt;&gt;&gt;<\/a><\/p>\n<\/p><\/div>\n<p><\/p>\n","protected":false},"excerpt":{"rendered":"<p>El Colegio M\u00e1ximo de la Compa\u00f1\u00eda en Alcal\u00e1: un centro de estudios de referencia en el s. XVII En el a\u00f1o 1549, el P. Francisco Villanueva trasladaba definitivamente el colegio jesuita a una casa en la calle de Libreros. En 1551 se ampli\u00f3 el solar&hellip;<\/p>\n","protected":false},"author":1,"featured_media":0,"parent":7436,"menu_order":0,"comment_status":"closed","ping_status":"closed","template":"","meta":{"footnotes":""},"class_list":["post-6637","page","type-page","status-publish","hentry"],"_links":{"self":[{"href":"https:\/\/digitalhistory.unite.it\/es\/wp-json\/wp\/v2\/pages\/6637","targetHints":{"allow":["GET"]}}],"collection":[{"href":"https:\/\/digitalhistory.unite.it\/es\/wp-json\/wp\/v2\/pages"}],"about":[{"href":"https:\/\/digitalhistory.unite.it\/es\/wp-json\/wp\/v2\/types\/page"}],"author":[{"embeddable":true,"href":"https:\/\/digitalhistory.unite.it\/es\/wp-json\/wp\/v2\/users\/1"}],"replies":[{"embeddable":true,"href":"https:\/\/digitalhistory.unite.it\/es\/wp-json\/wp\/v2\/comments?post=6637"}],"version-history":[{"count":2,"href":"https:\/\/digitalhistory.unite.it\/es\/wp-json\/wp\/v2\/pages\/6637\/revisions"}],"predecessor-version":[{"id":12095,"href":"https:\/\/digitalhistory.unite.it\/es\/wp-json\/wp\/v2\/pages\/6637\/revisions\/12095"}],"up":[{"embeddable":true,"href":"https:\/\/digitalhistory.unite.it\/es\/wp-json\/wp\/v2\/pages\/7436"}],"wp:attachment":[{"href":"https:\/\/digitalhistory.unite.it\/es\/wp-json\/wp\/v2\/media?parent=6637"}],"curies":[{"name":"wp","href":"https:\/\/api.w.org\/{rel}","templated":true}]}}