{"id":6638,"date":"2021-08-20T00:03:48","date_gmt":"2021-08-19T22:03:48","guid":{"rendered":"https:\/\/digitalhistory.unite.it\/iglesia\/"},"modified":"2021-11-23T15:29:09","modified_gmt":"2021-11-23T14:29:09","slug":"iglesia","status":"publish","type":"page","link":"https:\/\/digitalhistory.unite.it\/es\/territorios\/itinerarios-urbanos\/alcala\/iglesia\/","title":{"rendered":"La Iglesia de los Jesuitas: a imagen y semejanza del Ges\u00f9 de Roma"},"content":{"rendered":"<h1>La Iglesia de los Jesuitas: a imagen y semejanza del Ges\u00f9 de Roma <\/h1>\n<div class=\"testo\">\n<p style=\"text-align: justify\" class=\"NormalWeb\"><img loading=\"lazy\" decoding=\"async\" src=\"https:\/\/digitalhistory.unite.it\/wp-content\/uploads\/2021\/08\/iglesia1_220x343.jpg\" width=\"220\" height=\"343\" alt=\"Iglesia1\" align=\"left\">En la calle de Libreros, se encuentra el antiguo Colegio M\u00e1ximo de la <a href=\"\/es\/territorios\/itinerarios-urbanos\/lecce\/seminario\/la-compania-de-jesus\/\" title=\"La Compa\u00f1\u00eda de Jes\u00fas\">Compa\u00f1\u00eda de Jes\u00fas<\/a>, con su iglesia adyacente. La majestuosa fachada de la Iglesia de granito gris (foto) fue realizada en un estilo que transitaba entre el <a href=\"\/es\/territorios\/itinerarios-urbanos\/alcala\/iglesia\/estilo-herreriano\/\" title=\"Estilo herreriano\">herreriano<\/a> y el barroco. Do\u00f1a Mar\u00eda de Mendoza, hija de los IV <a href=\"#\" class=\"tooltip yellow-tooltip\">marqueses de Mond\u00e9jar<span>T\u00edtulo nobiliario espa\u00f1ol que perteneci\u00f3 a la corona de Castilla. Lo cre\u00f3 Fernando el Cat\u00f3lico en 1512 para honrar a la familia de los Mendoza en la persona de don \u00cd\u00f1igo L\u00f3pez de Mendoza y Qui\u00f1ones. El marquesado de Mond\u00e9jar se situaba en la zona de Guadalajara, en el centro del territorio hispano de la Monarqu\u00eda, siendo uno de los n\u00facleos de poder m\u00e1s importantes por su cercan\u00eda a la corte de Madrid.<\/span><\/a> quiso fundar esta Iglesia jesuita donando una sustanciosa aportaci\u00f3n econ\u00f3mica para su construcci\u00f3n. Por ello, adquiri\u00f3 el derecho de ser enterrada en el templo y de colocar sus escudos de armas que hoy pueden verse en la fachada. Las obras comenzaron en 1567, sin embargo, el fallecimiento de esta benefactora en 1580 paraliz\u00f3 las obras, que s\u00f3lo pudieron reemprenderse en 1602 sobre los planos originales del arquitecto jesuita <a href=\"#\" class=\"tooltip yellow-tooltip\">Bartolom\u00e9 de Bustamante<span>Naci\u00f3 en Alcal\u00e1 de Henares en 1501. Tras ingresar en el Compa\u00f1\u00eda se gan\u00f3 la confianza del superior Francisco de Borja, luego General de la Orden, del que fue su secretario. Elabor\u00f3 numerosas trazas de iglesias y colegios jesuitas: Medina del Campo (1553), Plasencia (1554), Marchena y Granada (1556), Madrid y Villarejo de Fuentes (1561), Trigueros, C\u00f3rdoba y Sevilla (c. 1562), Alcal\u00e1 y Oca\u00f1a (1567), y Caravaca (1569). Falleci\u00f3 en 1570.<\/span><\/a>. Esta Iglesia, como el resto de templos jesuitas, deb\u00eda adecuarse a las necesidades de la Compa\u00f1\u00eda, estas eran, una sola nave cubierta con techumbres planas de madera para facilitar la ac\u00fastica en la predicaci\u00f3n, ausencia de coro, capilla mayor del pueblo para aumentar su participaci\u00f3n en la liturgia, y capillas laterales para facilitar la celebraci\u00f3n de misas a los sacerdotes de la <a href=\"\/es\/territorios\/itinerarios-urbanos\/lecce\/plaza-de-san-oronzo\/ordenes-religiosas\/\" title=\"\u00d3rdenes religiosas\">Orden<\/a> sin que molesten en la nave central. A este modelo general que presentaba la Iglesia de <a href=\"\/es\/territorios\/itinerarios-urbanos\/valladolid\/universidad\/alcala-de-henares\/\" title=\"Alcal\u00e1 de Henares\">Alcal\u00e1<\/a> se le ajustaron las trazas de la Iglesia del <a href=\"#\" class=\"tooltip yellow-tooltip\">Ges\u00f9 de Roma<span>El Ges\u00f9 es la iglesia m\u00e1s importante de la Compa\u00f1\u00eda de Jes\u00fas. Su construcci\u00f3n comenz\u00f3 en 1568 siendo dise\u00f1ada por Vignola. Se sit\u00faa en Roma, en la plaza que lleva su mismo nombre. Su fachada y su planta (nave \u00fanica rodeada de peque\u00f1as capillas laterales), sirven como modelo para el resto de iglesias jesu\u00edticas construidas a posteriori.<\/span><\/a>. La construcci\u00f3n se demor\u00f3 hasta el 25 de abril de 1620, d\u00eda en que qued\u00f3 inaugurado el nuevo templo dela Compa\u00f1\u00eda.<\/p>\n<p style=\"text-align: justify\" class=\"NormalWeb\"><img loading=\"lazy\" decoding=\"async\" src=\"https:\/\/digitalhistory.unite.it\/wp-content\/uploads\/2021\/08\/iglesia2_220x274.jpg\" width=\"220\" height=\"274\" alt=\"Iglesia2\" align=\"left\">La fachada de la Iglesia jesuita se fabric\u00f3 en piedra de siller\u00eda perfectamente pulida. Se compone de dos cuerpos con columnas corintias entre las que se encuentran cuatro esculturas: en la primera altura las im\u00e1genes de los Santos Pedro y Pablo; y en la segunda, los jesuitas <a href=\"\/es\/territorios\/itinerarios-urbanos\/alcala\/alcala-de-henares\/ignacio-de-loyola\/\" title=\"Ignacio de Loyola\">San Ignacio<\/a> y San Francisco Javier, debidas al cincel del portugu\u00e9s <a href=\"#\" class=\"tooltip yellow-tooltip\">Manuel Pereira<span>Escultor portugu\u00e9s que trabaj\u00f3 para la corte espa\u00f1ola (1588-1683). Estudi\u00f3 en Portugal pero su trabajo lo desarroll\u00f3 en Madrid donde se convirti\u00f3 en uno de los mejores representantes de la escultura madrile\u00f1a del Barroco. En sus esculturas y retablos predomina el realismo. Si bien al principio se caracteriz\u00f3 por esculpir de manera m\u00e1s cl\u00e1sica, al final de su vida realiz\u00f3 numerosas esculturas m\u00e1s curvadas con l\u00edneas m\u00e1s suaves.<\/span><\/a>, que las tall\u00f3 en un estilo barroco pleno en 1624. Remata los dos cuerpos un front\u00f3n en forma de tri\u00e1ngulo y una cruz. Hoy ya no es la Iglesia de la Compa\u00f1\u00eda, sino que es la Iglesia de Santa Mar\u00eda la Mayor, dado que la antigua Santa Mar\u00eda fue destruida por un incendio en 1936, trasladando su sede a la que fuera iglesia de los jesuitas. En el interior, una amplia nave con crucero de brazos bajo c\u00fapula y cuatro capillas laterales por banda que comunican entre s\u00ed (al igual que en el Ges\u00f9), que permit\u00eda a los estudiantes rezar sin interrumpir la misa diaria. Tambi\u00e9n como en el Ges\u00f9 las capillas del presbiterio se comunican con \u00e9ste a trav\u00e9s de puertas adinteladas. En este templo alcala\u00edno, la unidad de la Iglesia se consigue por medio de la suma de peque\u00f1os espacios adyacentes. El retablo del presbiterio (foto) es barroco, as\u00ed como la presencia de las m\u00e9nsulas son obra del jesuita <a href=\"#\" class=\"tooltip yellow-tooltip\">Francisco Bautista<span>Escultor y arquitecto jesuita. Naci\u00f3 en Murcia en 1594, desde 1619 se march\u00f3 al colegio de Alcal\u00e1 donde trabaj\u00f3 como ensamblador y arquitecto, adem\u00e1s de realizar su retablo. Terminadas las obras, pas\u00f3 al Colegio Imperial de la Compa\u00f1\u00eda en Madrid, despu\u00e9s al noviciado de Madrid y a la casa profesa de Toledo. Su estilo fue uno de los primeros que promovi\u00f3 el barroco espa\u00f1ol. Falleci\u00f3 en Madrid en 1679.<\/span><\/a>. El retablo se realiz\u00f3 entre los a\u00f1os 1618 y 1629, sin embargo, las pinturas barrocas obra de <a href=\"#\" class=\"tooltip yellow-tooltip\">Angelo Nardi<span>Pintor de origen florentino que trabaj\u00f3, la mayor parte del tiempo (1584-1664), en la Espa\u00f1a de \u00e9poca barroca que lleg\u00f3 a ser Pintor de C\u00e1mara de Felipe IV, junto a Vel\u00e1zquez, en 1631. Al principio en sus pinturas se reflejaba el esp\u00edritu contrarreformista, para luego, ya en la madurez, pasar a un estilo puramente barroco. Lleg\u00f3 pintar importantes series de lienzos para diversas \u00f3rdenes religiosas como la Compa\u00f1\u00eda.<\/span><\/a> que lo compon\u00edan se perdieron durante la Guerra Civil espa\u00f1ola (1936-1939) siendo sustituidas por las actuales.<\/p>\n<p style=\"text-align: justify\" class=\"NormalWeb\">En la parte izquierda del presbiterio, se encuentra la Capilla de las Sagradas Formas inaugurada en 1687, donde se guardan veinticuatro <a href=\"\/es\/territorios\/itinerarios-urbanos\/alcala\/iglesia\/santas-formas\/\" title=\"Santas formas\">Santas Formas incorruptas<\/a> desde 1597, custodiadas por la Compa\u00f1\u00eda, seg\u00fan sostiene la tradici\u00f3n alcala\u00edna. Decoran la c\u00fapula de esta luminosa capilla las pinturas al fresco que realiz\u00f3 <a href=\"#\" class=\"tooltip yellow-tooltip\">Juan Vicente Ribera<span>Pintor espa\u00f1ol que naci\u00f3 en Madrid (c. 1668-1736). Trabaj\u00f3 con Francisco Rizi para decorar las fiestas del palacio del Buen Retiro y realiz\u00f3 numerosas series para conventos e iglesias madrile\u00f1as. En 1699 se traslad\u00f3 a Alcal\u00e1 para realizar las pinturas de la c\u00fapula de la capilla de las Santas Formas de la Iglesia del Colegio M\u00e1ximo de los jesuitas. Continu\u00f3 vinculado a la Compa\u00f1\u00eda realizando las decoraciones del teatro del Colegio Imperial de Madrid con motivo de la subida al trono de Felipe V.<\/span><\/a> en el a\u00f1o 1699.<\/p>\n<p style=\"text-align: justify\"><a href=\"\/es\/territorios\/itinerarios-urbanos\/alcala\/colegio-maximo\/\" title=\"Colegio M\u00e1ximo\">&lt;&lt;&lt;&#8212;p\u00e1gina precedente<\/a>&nbsp;&nbsp; <a href=\"\/es\/territorios\/itinerarios-urbanos\/alcala\/universidad-complutense\/\" title=\"Universidad Complutense\">p\u00e1gina siguiente&#8212;&gt;&gt;&gt;<\/a><\/p>\n<\/p><\/div>\n<p><\/p>\n","protected":false},"excerpt":{"rendered":"<p>La Iglesia de los Jesuitas: a imagen y semejanza del Ges\u00f9 de Roma En la calle de Libreros, se encuentra el antiguo Colegio M\u00e1ximo de la Compa\u00f1\u00eda de Jes\u00fas, con su iglesia adyacente. La majestuosa fachada de la Iglesia de granito gris (foto) fue realizada&hellip;<\/p>\n","protected":false},"author":1,"featured_media":0,"parent":7436,"menu_order":0,"comment_status":"closed","ping_status":"closed","template":"","meta":{"footnotes":""},"class_list":["post-6638","page","type-page","status-publish","hentry"],"_links":{"self":[{"href":"https:\/\/digitalhistory.unite.it\/es\/wp-json\/wp\/v2\/pages\/6638","targetHints":{"allow":["GET"]}}],"collection":[{"href":"https:\/\/digitalhistory.unite.it\/es\/wp-json\/wp\/v2\/pages"}],"about":[{"href":"https:\/\/digitalhistory.unite.it\/es\/wp-json\/wp\/v2\/types\/page"}],"author":[{"embeddable":true,"href":"https:\/\/digitalhistory.unite.it\/es\/wp-json\/wp\/v2\/users\/1"}],"replies":[{"embeddable":true,"href":"https:\/\/digitalhistory.unite.it\/es\/wp-json\/wp\/v2\/comments?post=6638"}],"version-history":[{"count":2,"href":"https:\/\/digitalhistory.unite.it\/es\/wp-json\/wp\/v2\/pages\/6638\/revisions"}],"predecessor-version":[{"id":12107,"href":"https:\/\/digitalhistory.unite.it\/es\/wp-json\/wp\/v2\/pages\/6638\/revisions\/12107"}],"up":[{"embeddable":true,"href":"https:\/\/digitalhistory.unite.it\/es\/wp-json\/wp\/v2\/pages\/7436"}],"wp:attachment":[{"href":"https:\/\/digitalhistory.unite.it\/es\/wp-json\/wp\/v2\/media?parent=6638"}],"curies":[{"name":"wp","href":"https:\/\/api.w.org\/{rel}","templated":true}]}}