{"id":6639,"date":"2021-08-20T00:03:48","date_gmt":"2021-08-19T22:03:48","guid":{"rendered":"https:\/\/digitalhistory.unite.it\/universidad-complutense\/"},"modified":"2021-11-23T15:29:08","modified_gmt":"2021-11-23T14:29:08","slug":"universidad-complutense","status":"publish","type":"page","link":"https:\/\/digitalhistory.unite.it\/es\/territorios\/itinerarios-urbanos\/alcala\/universidad-complutense\/","title":{"rendered":"Jesuitas en la Universidad Complutense de Alcal\u00e1 de Henares"},"content":{"rendered":"<h1>Jesuitas en la Universidad Complutense de Alcal\u00e1 de Henares <\/h1>\n<div class=\"testo\">\n<p style=\"text-align: justify\"><img loading=\"lazy\" decoding=\"async\" src=\"https:\/\/digitalhistory.unite.it\/wp-content\/uploads\/2021\/08\/universidad1_250x177.jpg\" width=\"250\" height=\"177\" alt=\"Universidad1\" align=\"left\">El empe\u00f1o del <a href=\"\/es\/territorios\/itinerarios-urbanos\/alcala\/alcala-de-henares\/cisneros\/\" title=\"Cisneros\">cardenal Cisneros<\/a> en fundar una nueva Universidad, llamada Complutense, en <a href=\"\/es\/territorios\/itinerarios-urbanos\/valladolid\/universidad\/alcala-de-henares\/\" title=\"Alcal\u00e1 de Henares\">Alcal\u00e1 de Henares<\/a>, que comenz\u00f3 en 1508, cambi\u00f3 la faz de esta peque\u00f1a villa poco conocida hasta ese momento. El planteamiento de estudios que elabor\u00f3 el cardenal Cisneros para la nueva Universidad la convirti\u00f3 en un lugar avanzado del saber de su tiempo, con una mentalidad renovada, antes incluso que apareciera la reforma luterana o el influjo humanista de Erasmo. En esta l\u00ednea hay que enmarcar la aparici\u00f3n dela Biblia Pol\u00edglota (traducida simult\u00e1neamente al hebreo, griego y lat\u00edn) en 1517 en la Universidad de Alcal\u00e1, que fue se\u00f1al de la ampliaci\u00f3n del inter\u00e9s intelectual y de su ruptura con la tradici\u00f3n medieval. Esta nueva concepci\u00f3n de Universidad atrajo a muchos jesuitas que como su propio fundador <a href=\"\/es\/territorios\/itinerarios-urbanos\/alcala\/alcala-de-henares\/ignacio-de-loyola\/\" title=\"Ignacio de Loyola\">Ignacio<\/a>, vinieron a Alcal\u00e1 para desarrollar un esp\u00edritu humanista. No obstante, los jesuitas pod\u00edan estudiar en la Universidad cisneriana pero, de ninguna manera, pudieron ser profesores de la Universidad hasta finales del s. XVI. Tras largas discusiones en la Universidad de Alcal\u00e1, que ve\u00eda faltar a buena parte del alumnado por coincidir con clases impartidas por miembros de la <a href=\"\/es\/territorios\/itinerarios-urbanos\/lecce\/seminario\/la-compania-de-jesus\/\" title=\"La Compa\u00f1\u00eda de Jes\u00fas\">Compa\u00f1\u00eda<\/a> en los Colegios menores, se concedi\u00f3 a la Compa\u00f1\u00eda lo que se conoc\u00eda como &#8220;general y hora&#8221; para ense\u00f1ar teolog\u00eda, que consist\u00eda en dejar un aula en la Universidad y fijar unas horas determinadas para que determinados maestros jesuitas, es decir, s\u00f3lo unos pocos jesuitas, pudieran dar sus lecciones en la Universidad. Esto reflejaba la importancia que iba adquiriendo la Compa\u00f1\u00eda en la ciudad y en el ambiente universitario. Pero no fue hasta el siglo XVII que este privilegio se extendi\u00f3 a toda la Compa\u00f1\u00eda de Jes\u00fas, y no s\u00f3lo a los te\u00f3logos jesuitas m\u00e1s c\u00e9lebres.&nbsp;<\/p>\n<p style=\"text-align: justify\"><img loading=\"lazy\" decoding=\"async\" src=\"https:\/\/digitalhistory.unite.it\/wp-content\/uploads\/2021\/08\/universidad2_250x167.jpg\" width=\"250\" height=\"167\" alt=\"Universidad2\" align=\"left\">La principal sede de la Universidad fue el Colegio Mayor de San Ildefonso, que se convirti\u00f3 en la cabeza de un sistema de otros Colegios menores, complementarios, repartidos por toda Alcal\u00e1. En este edificio se a\u00fanan elementos de los siglos XVI y XVII; del renacimiento y del barroco. La impresionante fachada (foto 1) es de estilo plateresco, concluyendo sus obras en 1553. Toda la fachada, dividida en tres cuerpos, narra la historia del camino hacia el conocimiento; en la parte inferior aparecen los cuatro padres de la Iglesia en los medallones que simbolizan la base de la sabidur\u00eda; en el segundo piso, donde se situaba el balc\u00f3n de la Biblioteca, el cual se halla flanqueado por titanes y guerreros que representan el esfuerzo que requiere el aprendizaje; y en la parte superior se encuentra el escudo del emperador <a href=\"\/es\/territorios\/itinerarios-urbanos\/lecce\/otros-restos\/carlos-v-de-habsburgo\/\" title=\"Carlos V de Habsburgo\">Carlos V<\/a>, simbolizando el poder terrenal rodeado de las figuras de Perseo y Atenea, quienes en la mitolog\u00eda cl\u00e1sica vencen la ignorancia y acercan la luz del saber. Sobre el escudo imperial aparece la figura de Dios que bendice y es quien corona todo el conocimiento. En su interior, se aprecia el Patio Mayor de Escuelas (foto 2), que se inici\u00f3 en 1617 y se termin\u00f3 en 1662, sobre planos del arquitecto <a href=\"\/es\/territorios\/itinerarios-urbanos\/alcala\/universidad-complutense\/juan-gomez-de-mora\/\" title=\"Juan G\u00f3mez de Mora\">Juan G\u00f3mez de Mora<\/a>. Es de granito gris, su estilo es <a href=\"\/es\/territorios\/itinerarios-urbanos\/alcala\/iglesia\/estilo-herreriano\/\" title=\"Estilo herreriano\">herreriano<\/a>, con tres pisos de arquer\u00edas rematadas por un balaustre ornamentado con pir\u00e1mides y bolas. En el centro del claustro se conserva un antiguo pozo con el escudo de los cisnes que aluden al apellido de Cisneros.<\/p>\n<p style=\"text-align: justify\"><a href=\"\/es\/territorios\/itinerarios-urbanos\/alcala\/iglesia\/\" title=\"Iglesia\">&lt;&lt;&lt;&#8212;p\u00e1gina precedente<\/a>&nbsp;&nbsp; <a href=\"\/es\/territorios\/itinerarios-urbanos\/\" title=\"Itinerarios urbanos\">\u00cdndice&#8212;&gt;&gt;&gt;<\/a><\/p>\n<\/p><\/div>\n<p><\/p>\n","protected":false},"excerpt":{"rendered":"<p>Jesuitas en la Universidad Complutense de Alcal\u00e1 de Henares El empe\u00f1o del cardenal Cisneros en fundar una nueva Universidad, llamada Complutense, en Alcal\u00e1 de Henares, que comenz\u00f3 en 1508, cambi\u00f3 la faz de esta peque\u00f1a villa poco conocida hasta ese momento. El planteamiento de estudios&hellip;<\/p>\n","protected":false},"author":1,"featured_media":0,"parent":7436,"menu_order":0,"comment_status":"closed","ping_status":"closed","template":"","meta":{"footnotes":""},"class_list":["post-6639","page","type-page","status-publish","hentry"],"_links":{"self":[{"href":"https:\/\/digitalhistory.unite.it\/es\/wp-json\/wp\/v2\/pages\/6639","targetHints":{"allow":["GET"]}}],"collection":[{"href":"https:\/\/digitalhistory.unite.it\/es\/wp-json\/wp\/v2\/pages"}],"about":[{"href":"https:\/\/digitalhistory.unite.it\/es\/wp-json\/wp\/v2\/types\/page"}],"author":[{"embeddable":true,"href":"https:\/\/digitalhistory.unite.it\/es\/wp-json\/wp\/v2\/users\/1"}],"replies":[{"embeddable":true,"href":"https:\/\/digitalhistory.unite.it\/es\/wp-json\/wp\/v2\/comments?post=6639"}],"version-history":[{"count":2,"href":"https:\/\/digitalhistory.unite.it\/es\/wp-json\/wp\/v2\/pages\/6639\/revisions"}],"predecessor-version":[{"id":12102,"href":"https:\/\/digitalhistory.unite.it\/es\/wp-json\/wp\/v2\/pages\/6639\/revisions\/12102"}],"up":[{"embeddable":true,"href":"https:\/\/digitalhistory.unite.it\/es\/wp-json\/wp\/v2\/pages\/7436"}],"wp:attachment":[{"href":"https:\/\/digitalhistory.unite.it\/es\/wp-json\/wp\/v2\/media?parent=6639"}],"curies":[{"name":"wp","href":"https:\/\/api.w.org\/{rel}","templated":true}]}}