{"id":6641,"date":"2021-08-20T00:03:48","date_gmt":"2021-08-19T22:03:48","guid":{"rendered":"https:\/\/digitalhistory.unite.it\/el-cardenal-en-napoles-palacio-filomarino\/"},"modified":"2021-11-23T15:29:13","modified_gmt":"2021-11-23T14:29:13","slug":"el-cardenal-en-napoles-palacio-filomarino","status":"publish","type":"page","link":"https:\/\/digitalhistory.unite.it\/es\/territorios\/itinerarios-urbanos\/napoles-y-el-cardinal-ascanio-filomarino\/el-cardenal-en-napoles-palacio-filomarino\/","title":{"rendered":"El cardenal en N\u00e1poles: Palacio Filomarino"},"content":{"rendered":"<h1>El cardenal en N\u00e1poles: Palacio Filomarino <\/h1>\n<div class=\"testo\">\n<p style=\"text-align: justify\">El 16 de diciembre de 1641 <a href=\"\/es\/territorios\/itinerarios-urbanos\/napoles-y-el-cardinal-ascanio-filomarino\/un-ambicioso-prelado\/urbano-viii\/\" title=\"Urbano VIII\">Urbano VIII<\/a> nombr\u00f3 a Ascanio Filomarino arzobispo de <a href=\"\/es\/territorios\/itinerarios-urbanos\/lecce\/plaza-de-san-oronzo\/napoles\/\" title=\"N\u00e1poles\">N\u00e1poles<\/a>, en lugar del cardenal Francesco Boncompagni, y lo eligi\u00f3, al mismo tiempo, como cardenal de Santa Mar\u00eda en Aracoeli. Filomarino se quedar\u00eda en la capital del <a href=\"\/es\/territorios\/itinerarios-urbanos\/lecce\/otros-restos\/reino-de-napoles\/\" title=\"Reino de N\u00e1poles\">virreinato espa\u00f1ol<\/a> hasta su muerte, por m\u00e1s de veinte a\u00f1os (1641-1666), dejando marcada su huella en una fase muy delicada de la historia napolitana. Figura destacada en la escena pol\u00edtica, as\u00ed como en la vida religiosa y social de la ciudad, Filomarino dio vida a una serie de fuertes enfrentamientos con las autoridades p\u00fablicas y laicas de N\u00e1poles, no s\u00f3lo para defender privilegios, prerrogativas y derechos de la Iglesia y del clero, sino tambi\u00e9n por motivos de naturaleza eminentemente pol\u00edtica. Incluso con el virrey enviado desde <a href=\"\/es\/territorios\/itinerarios-urbanos\/valladolid\/iglesia-de-san-pablo\/madrid\/\" title=\"Madrid\">Madrid<\/a> fueron a menudo tormentosas las relaciones, en particular con el <a href=\"\/es\/territorios\/itinerarios-urbanos\/napoles-y-el-cardinal-ascanio-filomarino\/el-cardenal-en-napoles-palacio-filomarino\/ramiro-nunez-de-guzman-duque-de-medina-de-las-torres\/\" title=\"Ramiro N\u00fa\u00f1ez de Guzm\u00e1n, duque de Medina de las Torres\">duque de Medina de las Torres<\/a> (Virrey de 1637 a 1644) y con el <a href=\"\/es\/territorios\/itinerarios-urbanos\/napoles-y-el-cardinal-ascanio-filomarino\/el-cardenal-en-napoles-palacio-filomarino\/inigo-velez-de-guevara-conde-de-onate\/\" title=\"I\u00f1igo V\u00e9lez de Guevara, conde de O\u00f1ate\">conde de O\u00f1ate<\/a> (1648-1653). Especialmente este \u00faltimo acus\u00f3 con fuerza a Filomarino de conspirar contra el poder espa\u00f1ol y en beneficio de la intervenci\u00f3n francesa, solicitando por esto en varias ocasiones, y sin \u00e9xito alguno, el alejamiento de Filomarino de la silla del Arzobispo de N\u00e1poles. La protecci\u00f3n del Papa <a href=\"\/es\/territorios\/itinerarios-urbanos\/napoles-y-el-cardinal-ascanio-filomarino\/el-cardenal-en-napoles-palacio-filomarino\/inocencio-x\/\" title=\"Inocencio X\">Inocencio X<\/a>, sin embargo, permiti\u00f3 a Ascanio poder continuar su mandato a los pies del Vesubio.<\/p>\n<p style=\"text-align: justify\"><img loading=\"lazy\" decoding=\"async\" src=\"https:\/\/digitalhistory.unite.it\/wp-content\/uploads\/2021\/08\/1024px-palazzo_filomarino2_251x188.jpg\" width=\"251\" height=\"188\" alt=\"Palazzo Filomarino\" align=\"left\">Durante los a\u00f1os napolitanos, Filomarino continu\u00f3 su actividad como mecenas y coleccionista de artes, haciendo del Palacio Filomarino (foto: patio interior) la sede de su importante colecci\u00f3n art\u00edstica. El Palacio, situado en la actual Via Benedetto Croce, en el centro de la ciudad, se encuentra en el sitio donde fue construido, en el siglo XV, la casa de un tal Giovannello Brancaccio. La estructura fue redise\u00f1ada y ampliada por el arquitecto Giovanni Francesco di Palma, cuando la poderosa familia de los Sanseverino de Bisignano adquiri\u00f3 el edificio, probablemente en la segunda mitad del siglo XV. La propiedad del palacio pas\u00f3 a los Filomarino a principios del siglo XVII. Al periodo barroco pertenece el portal, obra del arquitecto <a href=\"#\" class=\"tooltip yellow-tooltip\">Ferdinando Sanfelice<span>Ferdinando Sanfelice (1675-1748) naci\u00f3 y muri\u00f3 en N\u00e1poles, donde desarroll\u00f3 una intensa actividad como arquitecto y como creador de escenograf\u00edas ef\u00edmeras para las fiestas laicas y religiosas, seg\u00fan el gusto t\u00edpico del barroco. De linaje noble, trabaj\u00f3 en otros centros como Salerno y Nard\u00f2.<\/span><\/a>, mientras que los balcones del segundo piso responden a un estilo neo-cl\u00e1sico inconfundible. Restaurado tras los da\u00f1os causados por el bombardeo de la ciudad durante la llamada revuelta de <a href=\"\/es\/territorios\/itinerarios-urbanos\/napoles-y-el-cardinal-ascanio-filomarino\/el-cardenal-en-napoles-palacio-filomarino\/masaniello\/\" title=\"Masaniello\">Masaniello<\/a>, el Palacio ha sido objeto de diversas modificaciones a trav\u00e9s de los siglos, como lo demuestra la actual superposici\u00f3n de diferentes estilos art\u00edsticos. En el siglo XX el fil\u00f3sofo Benedetto Croce compr\u00f3 el segundo piso del Palacio, donde fund\u00f3 el Instituto Italiano de Estudios Hist\u00f3ricos y donde muri\u00f3 el 20 de noviembre de 1952.<\/p>\n<p style=\"text-align: justify\"><a href=\"\/es\/territorios\/itinerarios-urbanos\/napoles-y-el-cardinal-ascanio-filomarino\/un-ambicioso-prelado\/\" title=\"Un ambicioso prelado\">&lt;&lt;&lt;&#8212;p\u00e1gina precedente<\/a>&nbsp;&nbsp; <a href=\"\/es\/territorios\/itinerarios-urbanos\/napoles-y-el-cardinal-ascanio-filomarino\/el-palacio-arzobispal-y-la-catedral\/\" title=\"El Palacio arzobispal y la Catedral\">p\u00e1gina siguiente&#8212;&gt;&gt;&gt;<\/a><\/p>\n<\/p><\/div>\n<p><\/p>\n","protected":false},"excerpt":{"rendered":"<p>El cardenal en N\u00e1poles: Palacio Filomarino El 16 de diciembre de 1641 Urbano VIII nombr\u00f3 a Ascanio Filomarino arzobispo de N\u00e1poles, en lugar del cardenal Francesco Boncompagni, y lo eligi\u00f3, al mismo tiempo, como cardenal de Santa Mar\u00eda en Aracoeli. Filomarino se quedar\u00eda en la&hellip;<\/p>\n","protected":false},"author":1,"featured_media":0,"parent":7456,"menu_order":0,"comment_status":"closed","ping_status":"closed","template":"","meta":{"footnotes":""},"class_list":["post-6641","page","type-page","status-publish","hentry"],"_links":{"self":[{"href":"https:\/\/digitalhistory.unite.it\/es\/wp-json\/wp\/v2\/pages\/6641","targetHints":{"allow":["GET"]}}],"collection":[{"href":"https:\/\/digitalhistory.unite.it\/es\/wp-json\/wp\/v2\/pages"}],"about":[{"href":"https:\/\/digitalhistory.unite.it\/es\/wp-json\/wp\/v2\/types\/page"}],"author":[{"embeddable":true,"href":"https:\/\/digitalhistory.unite.it\/es\/wp-json\/wp\/v2\/users\/1"}],"replies":[{"embeddable":true,"href":"https:\/\/digitalhistory.unite.it\/es\/wp-json\/wp\/v2\/comments?post=6641"}],"version-history":[{"count":2,"href":"https:\/\/digitalhistory.unite.it\/es\/wp-json\/wp\/v2\/pages\/6641\/revisions"}],"predecessor-version":[{"id":12152,"href":"https:\/\/digitalhistory.unite.it\/es\/wp-json\/wp\/v2\/pages\/6641\/revisions\/12152"}],"up":[{"embeddable":true,"href":"https:\/\/digitalhistory.unite.it\/es\/wp-json\/wp\/v2\/pages\/7456"}],"wp:attachment":[{"href":"https:\/\/digitalhistory.unite.it\/es\/wp-json\/wp\/v2\/media?parent=6641"}],"curies":[{"name":"wp","href":"https:\/\/api.w.org\/{rel}","templated":true}]}}