{"id":6642,"date":"2021-08-20T00:03:48","date_gmt":"2021-08-19T22:03:48","guid":{"rendered":"https:\/\/digitalhistory.unite.it\/el-palacio-arzobispal-y-la-catedral\/"},"modified":"2021-11-23T15:29:13","modified_gmt":"2021-11-23T14:29:13","slug":"el-palacio-arzobispal-y-la-catedral","status":"publish","type":"page","link":"https:\/\/digitalhistory.unite.it\/es\/territorios\/itinerarios-urbanos\/napoles-y-el-cardinal-ascanio-filomarino\/el-palacio-arzobispal-y-la-catedral\/","title":{"rendered":"El Palacio arzobispal y la Catedral"},"content":{"rendered":"<h1>El Palacio arzobispal y la Catedral <\/h1>\n<div class=\"testo\">\n<p style=\"text-align: justify\">Adem\u00e1s del palacio de la familia, el sello de Ascanio Filomarino es a\u00fan visible en algunos lugares s\u00edmbolo de la ciudad de <a href=\"\/es\/territorios\/itinerarios-urbanos\/lecce\/plaza-de-san-oronzo\/napoles\/\" title=\"N\u00e1poles\">N\u00e1poles<\/a>.<\/p>\n<p style=\"text-align: justify\"><img loading=\"lazy\" decoding=\"async\" src=\"https:\/\/digitalhistory.unite.it\/wp-content\/uploads\/2021\/08\/portale_palazzo_arcivescovile_250x264.jpg\" width=\"250\" height=\"264\" alt=\"Palazzo arcivescovile\" align=\"left\">El Palacio Arzobispal, situado entre la Catedral y la plaza largo Donnaregina, fue erigido sobre las ruinas de una bas\u00edlica paleocristiana, a caballo entre los siglos XIV y XV, por deseo del entonces arzobispo y cardenal <a href=\"#\" class=\"tooltip yellow-tooltip\">Enrico Capece Minutolo<span>Enrico Capece Minutolo (?-1412) fue arzobispo de N\u00e1poles del 1389 al 1400. Elegido cardenal en 1389, muri\u00f3 en Bolonia 23 a\u00f1os despu\u00e9s y fue sepultado en la capilla de la familia en la Catedral napolitana.<\/span><\/a>, cuyo escudo de la familia a\u00fan domina la puerta principal. La estructura y el aspecto del palacio fueron, sin embargo, cambiados de manera significativa durante el siglo XVII, primero por las reformas ordenadas por el cardenal <a href=\"#\" class=\"tooltip yellow-tooltip\">Decio Carafa<span>Exponente de una de las m\u00e1s antiguas familias nobiliarias meridionales, Decio Carafa (1556-1626) desarroll\u00f3 una larga carrera eclesi\u00e1stica antes de ser hecho cardenal por Paulo V en 1611. Dos a\u00f1os despu\u00e9s fue elegido arzobispo de N\u00e1poles. Est\u00e1 sepultado en la catedral de esta ciudad.<\/span><\/a>, y a continuaci\u00f3n, por las transformaciones m\u00e1s radicales proyectadas por Filomarino, entre 1643 y 1650. En el exterior, el arzobispo decidi\u00f3 derrumbar algunos de los edificios de los alrededores y encarg\u00f3 al arquitecto bolo\u00f1\u00e9s <a href=\"#\" class=\"tooltip yellow-tooltip\">Bonaventura Presti<span>Bonaventura Presti (?-1685) era un monje natural de Bolonia. Fue conocido por su actividad como carpintero, arquitecto e ingeniero en la ciudad barroca de N\u00e1poles.<\/span><\/a> las obras de ampliaci\u00f3n y restauraci\u00f3n. El Palacio qued\u00f3 as\u00ed engrandecido y tres nuevas puertas realizadas en piperno fueron abiertas en la fachada: en la central (foto) tambi\u00e9n se coloc\u00f3 una estatua de m\u00e1rmol de San Gennaro, luego restaurada un siglo despu\u00e9s. El interior del Palacio fue adornado con una serie de frescos, especialmente los realizados por uno de los artistas preferidos de Filomarino: <a href=\"#\" class=\"tooltip yellow-tooltip\">Giovanni Lanfranco<span>Nacido cerca de Parma, Giovanni Lanfranco (1582-1647) trabaj\u00f3 en estrecho contacto con los Carracci y con Guido Reni entre Roma y Parma, desarrollando una mirada bastante personal entre los temas cl\u00e1sicos y las ideas barrocas. Fue fundamental su estancia en N\u00e1poles (1634-1646), donde trabaj\u00f3 en importantes lugares como la Cartuja de San Martino, la Iglesia del Ges\u00f9 y la Capilla de San Gennaro en la Catedral, representando un modelo en el paso del caravaggismo a la plena estaci\u00f3n barroca napolitana.<\/span><\/a>.<\/p>\n<p style=\"text-align: justify\"><img loading=\"lazy\" decoding=\"async\" src=\"https:\/\/digitalhistory.unite.it\/wp-content\/uploads\/2021\/08\/duomo_napoli_251x212.jpg\" width=\"251\" height=\"212\" alt=\"Duomo\" align=\"left\">La Catedral de Santa Mar\u00eda de la Asunci\u00f3n (foto), que se encuentra junto al Palacio Arzobispal, es otro edificio de fuerte valor simb\u00f3lico en el que Ascanio Filomarino ha dejado su huella. De origen medieval (siglos XIII-XIV), la catedral fue consagrada por el propio arzobispo en 1644. No obstante, la Real Capilla del Tesoro de San Gennaro se levant\u00f3 como una promesa al Santo para la protecci\u00f3n a petici\u00f3n de los napolitanos durante la peste de 1526. Est\u00e1 entre los m\u00e1s maravillosos ejemplos de la arquitectura barroca en N\u00e1poles. Se complet\u00f3 en 1646 sobre un dise\u00f1o de fray <a href=\"#\" class=\"tooltip yellow-tooltip\">Francesco Grimaldi<span>Francesco Grimaldi (1543-1630) fue un arquitecto nacido en Lucania. Padre teatino, realiz\u00f3 obras importantes en N\u00e1poles, entre las que destacan la Iglesia de los Santos Ap\u00f3stoles, y trabaj\u00f3 tambi\u00e9n en la Capilla del Tesoro de la Catedral.<\/span><\/a> y tom\u00f3 el lugar de las tres capillas anteriores de las familias Capece, Cavaselice y Filomarino. En el interior se pueden admirar las esculturas de <a href=\"#\" class=\"tooltip yellow-tooltip\">Giuliano Finelli<span>Nacido en Carrara, Giuliano Finelli (?-1653) fue un escultor muy activo sobre todo en Roma y N\u00e1poles. Colabor\u00f3 con Gian Lorenzo Bernini. Entre 1636 y 1646 realiz\u00f3 las estatuas de bronce de los Santos protectores en la Capilla del Tesoro de San Gennaro.<\/span><\/a> y pinturas de Giovanni Lanfranco, <a href=\"#\" class=\"tooltip yellow-tooltip\">Domenichino<span>Otro exponente de la gran escuela de pintura bolo\u00f1esa de la segunda mitad del siglo XVI, el Domenichino (1581-1641) tuvo el mismo recorrido de formaci\u00f3n que Guido Reni y Francesco Albani: disc\u00edpulo del manierista Calvaert, estuvo en contacto con los Carracci y, en particular, durante la estancia de formaci\u00f3n romana con Annibale. Aunque siempre estuvo influenciado por los Carracci y del ideal clasicista, pas\u00f3 progresivamente a un segundo plano ante el triunfo barroco de artistas como Giovanni Lanfranco. Muri\u00f3 en N\u00e1poles, donde vivi\u00f3 sus \u00faltimos a\u00f1os.<\/span><\/a> y <a href=\"\/es\/territorios\/itinerarios-urbanos\/napoles-y-el-cardinal-ascanio-filomarino\/el-palacio-arzobispal-y-la-catedral\/jusepe-de-ribera-lo-spagnoletto\/\" title=\"Jusepe de Ribera, &quot;lo Spagnoletto&quot;\">Jusepe de Ribera<\/a>, mientras fue Cosimo Fanzago quien dise\u00f1\u00f3 y realiz\u00f3 la entrada de lat\u00f3n, el suelo de m\u00e1rmol y el busto de San Gennaro. Al lado de la Capilla del Tesoro se encuentra tambi\u00e9n el Museo del Tesoro de San Gennaro, que alberga pinturas, estatuas, bustos, joyas y tejidos donados a trav\u00e9s de los siglos por los papas, reyes, importantes personalidades y tambi\u00e9n desconocidos.<\/p>\n<p style=\"text-align: justify\">Filomarino quiso dejar testimonio del papel que desempe\u00f1aba su familia en la historia de la ciudad a trav\u00e9s de algunos bustos de sus antepasados: <a href=\"#\" class=\"tooltip yellow-tooltip\">Giovanni Battista<span>Giovanni Battista Filomarino della Rocca (?-1578) era un conde napolitano, padre de Tommaso y Marcantonio Filomarino. Su busto, esculpido por Giuliano Finelli, se encuentra en la Catedral de N\u00e1poles.<\/span><\/a> y <a href=\"#\" class=\"tooltip yellow-tooltip\">Tommaso Filomarino della Rocca<span>Tommaso Filomarino della Rocca (?-1630) era el primog\u00e9nito de Giovanni Battista. Fue honrado con el t\u00edtulo de pr\u00edncipe della Rocca por el rey de Espa\u00f1a en 1610. Su busto, esculpido por Giuliano Finelli se halla en la Catedral de N\u00e1poles.<\/span><\/a>, esculpidos por Giuliano Finelli, y <a href=\"#\" class=\"tooltip yellow-tooltip\">Marcantonio Filomarino della Rocca<span>Segundog\u00e9nito de Giovanni Battista, Marcantonio Filomarino della Rocca (?-1634) sucedi\u00f3 a su hermano mayor Tommaso como pr\u00edncipe della Rocca. Fue uno de los grandes coleccionistas de N\u00e1poles de su tiempo. Giulio Mencaglia le esculpi\u00f3 su figura en un monumento en la Catedral napolitana.<\/span><\/a>, representado por <a href=\"#\" class=\"tooltip yellow-tooltip\">Giulio Mencaglia<span>Giulio Mencaglia (1615\/20-1649) fue un artista nacido en Carrara pero muy activo sobre todo en N\u00e1poles en el periodo barroco.<\/span><\/a>.<\/p>\n<p style=\"text-align: justify\">Entre los siglos XVII y XVIII se registraron en la Catedral diversas intervenciones barrocas, muy visibles en las capillas, en estuco y m\u00e1rmol, y numerosos cuadros colocados en diferentes esquinas de la estructura. Los a\u00f1adidos y los cambios continuaron en los siglos siguientes, hasta la fachada neo-g\u00f3tica construida en el siglo XIX. Da\u00f1ado por los bombardeos durante la II Guerra Mundial, la Catedral de N\u00e1poles fue restaurada despu\u00e9s en el siglo XX. En el interior tambi\u00e9n son visibles las excavaciones que han sacado a la luz ruinas griegas, romanas, y de principios de \u00e9poca medieval. Tres veces al a\u00f1o se pone en escena en su interior el rito de la disoluci\u00f3n de la sangre de San Gennaro.<\/p>\n<p style=\"text-align: justify\"><a href=\"\/es\/territorios\/itinerarios-urbanos\/napoles-y-el-cardinal-ascanio-filomarino\/el-cardenal-en-napoles-palacio-filomarino\/\" title=\"El cardenal en N\u00e1poles: Palacio Filomarino\">&lt;&lt;&lt;&#8212;p\u00e1gina precedente<\/a>&nbsp;&nbsp; <a href=\"\/es\/territorios\/itinerarios-urbanos\/napoles-y-el-cardinal-ascanio-filomarino\/filomarino-y-la-revuelta-de-masaniello\/\" title=\"Filomarino y la revuelta de Masaniello\">p\u00e1gina siguiente&#8212;&gt;&gt;&gt;<\/a><\/p>\n<\/p><\/div>\n<p><\/p>\n","protected":false},"excerpt":{"rendered":"<p>El Palacio arzobispal y la Catedral Adem\u00e1s del palacio de la familia, el sello de Ascanio Filomarino es a\u00fan visible en algunos lugares s\u00edmbolo de la ciudad de N\u00e1poles. El Palacio Arzobispal, situado entre la Catedral y la plaza largo Donnaregina, fue erigido sobre las&hellip;<\/p>\n","protected":false},"author":1,"featured_media":0,"parent":7456,"menu_order":0,"comment_status":"closed","ping_status":"closed","template":"","meta":{"footnotes":""},"class_list":["post-6642","page","type-page","status-publish","hentry"],"_links":{"self":[{"href":"https:\/\/digitalhistory.unite.it\/es\/wp-json\/wp\/v2\/pages\/6642","targetHints":{"allow":["GET"]}}],"collection":[{"href":"https:\/\/digitalhistory.unite.it\/es\/wp-json\/wp\/v2\/pages"}],"about":[{"href":"https:\/\/digitalhistory.unite.it\/es\/wp-json\/wp\/v2\/types\/page"}],"author":[{"embeddable":true,"href":"https:\/\/digitalhistory.unite.it\/es\/wp-json\/wp\/v2\/users\/1"}],"replies":[{"embeddable":true,"href":"https:\/\/digitalhistory.unite.it\/es\/wp-json\/wp\/v2\/comments?post=6642"}],"version-history":[{"count":2,"href":"https:\/\/digitalhistory.unite.it\/es\/wp-json\/wp\/v2\/pages\/6642\/revisions"}],"predecessor-version":[{"id":12153,"href":"https:\/\/digitalhistory.unite.it\/es\/wp-json\/wp\/v2\/pages\/6642\/revisions\/12153"}],"up":[{"embeddable":true,"href":"https:\/\/digitalhistory.unite.it\/es\/wp-json\/wp\/v2\/pages\/7456"}],"wp:attachment":[{"href":"https:\/\/digitalhistory.unite.it\/es\/wp-json\/wp\/v2\/media?parent=6642"}],"curies":[{"name":"wp","href":"https:\/\/api.w.org\/{rel}","templated":true}]}}