{"id":6643,"date":"2021-08-20T00:03:48","date_gmt":"2021-08-19T22:03:48","guid":{"rendered":"https:\/\/digitalhistory.unite.it\/filomarino-y-la-revuelta-de-masaniello\/"},"modified":"2021-11-23T15:29:13","modified_gmt":"2021-11-23T14:29:13","slug":"filomarino-y-la-revuelta-de-masaniello","status":"publish","type":"page","link":"https:\/\/digitalhistory.unite.it\/es\/territorios\/itinerarios-urbanos\/napoles-y-el-cardinal-ascanio-filomarino\/filomarino-y-la-revuelta-de-masaniello\/","title":{"rendered":"Filomarino y la revuelta de Masaniello"},"content":{"rendered":"<h1>Filomarino y la revuelta de Masaniello <\/h1>\n<div class=\"testo\">\n<p style=\"text-align: justify\"><img loading=\"lazy\" decoding=\"async\" src=\"https:\/\/digitalhistory.unite.it\/wp-content\/uploads\/2021\/08\/iscrizione_masaniello_250x191.jpg\" width=\"250\" height=\"191\" alt=\"Rivolta Masaniello\" align=\"left\">La conducta del cardenal Filomarino durante la revuelta de <a href=\"\/es\/territorios\/itinerarios-urbanos\/napoles-y-el-cardinal-ascanio-filomarino\/el-cardenal-en-napoles-palacio-filomarino\/masaniello\/\" title=\"Masaniello\">Masaniello<\/a> (1647-1648) ha sido objeto de numerosos debates tanto entre los testigos y protagonistas del evento como entre los historiadores de siglos posteriores. Muchos, especialmente el virrey <a href=\"\/es\/territorios\/itinerarios-urbanos\/napoles-y-el-cardinal-ascanio-filomarino\/el-cardenal-en-napoles-palacio-filomarino\/inigo-velez-de-guevara-conde-de-onate\/\" title=\"I\u00f1igo V\u00e9lez de Guevara, conde de O\u00f1ate\">conde de O\u00f1ate<\/a>, lo acusaron abiertamente de haberse puesto del lado de los rebeldes, de haberse movido en primera persona para favorecer la llegada de los franceses a <a href=\"\/es\/territorios\/itinerarios-urbanos\/lecce\/plaza-de-san-oronzo\/napoles\/\" title=\"N\u00e1poles\">N\u00e1poles<\/a> y, en consecuencia, de haber sido infiel a su leg\u00edtimo soberano, el rey de Espa\u00f1a <a href=\"\/es\/territorios\/itinerarios-urbanos\/valladolid\/iglesia-de-san-pablo\/felipe-iv\/\" title=\"Felipe IV\">Felipe IV<\/a>. De hecho, durante el levantamiento, Filomarino mantuvo un comportamiento deliberadamente ambiguo, mostrando simpat\u00eda por los rebeldes y poca consideraci\u00f3n por algunos personajes importantes del poder espa\u00f1ol (en primer lugar, por el virrey <a href=\"\/es\/territorios\/itinerarios-urbanos\/napoles-y-el-cardinal-ascanio-filomarino\/filomarino-y-la-revuelta-de-masaniello\/rodrigo-ponce-de-leon-iv-duque-de-arcos\/\" title=\"Rodrigo Ponce de Le\u00f3n, IV duque de Arcos\">duque de Arcos<\/a>), pero asegur\u00e1ndose de no exceder el l\u00edmite de la lealtad al rey. Ejerci\u00f3 una influencia indudable sobre Masaniello, y en general su carisma fue muy considerado por los l\u00edderes de la revuelta, se las arregl\u00f3 para nombrar al pariente Francesco Filomarino di Roccadaspide en la posici\u00f3n estrat\u00e9gica de &#8220;grassiere&#8221; de la ciudad (es decir, el prefecto de la anona), trat\u00f3 de actuar como mediador entre los rebeldes y el poder virreinal, asisti\u00f3 a la toma de posesi\u00f3n del <a href=\"\/es\/territorios\/itinerarios-urbanos\/napoles-y-el-cardinal-ascanio-filomarino\/filomarino-y-la-revuelta-de-masaniello\/enrique-ii-de-guisa\/\" title=\"Enrique II de Guisa\">duque de Guisa<\/a> (bendici\u00f3n de la espada), pero se ha demostrado hist\u00f3ricamente que \u00e9l nunca intent\u00f3, seg\u00fan la voluntad del <a href=\"\/es\/territorios\/itinerarios-urbanos\/napoles-y-el-cardinal-ascanio-filomarino\/filomarino-y-la-revuelta-de-masaniello\/giulio-mazzarino\/\" title=\"Giulio Mazzarino\">cardenal Mazarino<\/a> y del Papa <a href=\"\/es\/territorios\/itinerarios-urbanos\/napoles-y-el-cardinal-ascanio-filomarino\/el-cardenal-en-napoles-palacio-filomarino\/inocencio-x\/\" title=\"Inocencio X\">Inocencio X<\/a>, imponer el dominio franc\u00e9s en el sur de Italia. Se neg\u00f3 a excomulgar a la ciudad y poner en marcha un &#8220;interdetto&#8221; (entredicho), as\u00ed como desaprob\u00f3 con fuerza el bombardeo de la ciudad deseado por Arcos y efectuado por la flota situada en el puerto de N\u00e1poles bajo el mando de don <a href=\"\/es\/territorios\/itinerarios-urbanos\/napoles-y-el-cardinal-ascanio-filomarino\/filomarino-y-la-revuelta-de-masaniello\/don-juan-de-austria\/\" title=\"Don Juan de Austria\">Juan de Austria<\/a>. Junto a este \u00faltimo y el nuevo virrey O\u00f1ate, Filomarino atraves\u00f3 toda la ciudad a caballo, el 6 de abril de 1648, para difundir la noticia del fin de la revuelta y empujar a los l\u00edderes, entre todos a <a href=\"\/es\/territorios\/itinerarios-urbanos\/napoles-y-el-cardinal-ascanio-filomarino\/filomarino-y-la-revuelta-de-masaniello\/gennaro-annese\/\" title=\"Gennaro Annese\">Gennaro Annese<\/a>, a rendirse pac\u00edficamente. Una vez terminada la revuelta, O\u00f1ate pidi\u00f3 en vano la destituci\u00f3n de Filomarino, considerado como un enemigo interno al <a href=\"\/es\/territorios\/itinerarios-urbanos\/lecce\/otros-restos\/reino-de-napoles\/\" title=\"Reino de N\u00e1poles\">Virreinato espa\u00f1ol<\/a>. El cardenal se mantuvo en su lugar en N\u00e1poles hasta su muerte en 1666.<\/p>\n<p style=\"text-align: justify\"><a href=\"\/es\/territorios\/itinerarios-urbanos\/napoles-y-el-cardinal-ascanio-filomarino\/el-palacio-arzobispal-y-la-catedral\/\" title=\"El Palacio arzobispal y la Catedral\">&lt;&lt;&lt;&#8212;p\u00e1gina precedente<\/a>&nbsp;&nbsp; <a href=\"\/es\/territorios\/itinerarios-urbanos\/napoles-y-el-cardinal-ascanio-filomarino\/el-palacio-real\/\" title=\"El Palacio Real\">p\u00e1gina siguiente&#8212;&gt;&gt;&gt;<\/a><\/p>\n<\/p><\/div>\n<p><\/p>\n","protected":false},"excerpt":{"rendered":"<p>Filomarino y la revuelta de Masaniello La conducta del cardenal Filomarino durante la revuelta de Masaniello (1647-1648) ha sido objeto de numerosos debates tanto entre los testigos y protagonistas del evento como entre los historiadores de siglos posteriores. Muchos, especialmente el virrey conde de O\u00f1ate,&hellip;<\/p>\n","protected":false},"author":1,"featured_media":0,"parent":7456,"menu_order":0,"comment_status":"closed","ping_status":"closed","template":"","meta":{"footnotes":""},"class_list":["post-6643","page","type-page","status-publish","hentry"],"_links":{"self":[{"href":"https:\/\/digitalhistory.unite.it\/es\/wp-json\/wp\/v2\/pages\/6643","targetHints":{"allow":["GET"]}}],"collection":[{"href":"https:\/\/digitalhistory.unite.it\/es\/wp-json\/wp\/v2\/pages"}],"about":[{"href":"https:\/\/digitalhistory.unite.it\/es\/wp-json\/wp\/v2\/types\/page"}],"author":[{"embeddable":true,"href":"https:\/\/digitalhistory.unite.it\/es\/wp-json\/wp\/v2\/users\/1"}],"replies":[{"embeddable":true,"href":"https:\/\/digitalhistory.unite.it\/es\/wp-json\/wp\/v2\/comments?post=6643"}],"version-history":[{"count":2,"href":"https:\/\/digitalhistory.unite.it\/es\/wp-json\/wp\/v2\/pages\/6643\/revisions"}],"predecessor-version":[{"id":12156,"href":"https:\/\/digitalhistory.unite.it\/es\/wp-json\/wp\/v2\/pages\/6643\/revisions\/12156"}],"up":[{"embeddable":true,"href":"https:\/\/digitalhistory.unite.it\/es\/wp-json\/wp\/v2\/pages\/7456"}],"wp:attachment":[{"href":"https:\/\/digitalhistory.unite.it\/es\/wp-json\/wp\/v2\/media?parent=6643"}],"curies":[{"name":"wp","href":"https:\/\/api.w.org\/{rel}","templated":true}]}}