{"id":6644,"date":"2021-08-20T00:03:48","date_gmt":"2021-08-19T22:03:48","guid":{"rendered":"https:\/\/digitalhistory.unite.it\/el-palacio-real\/"},"modified":"2021-11-23T15:29:13","modified_gmt":"2021-11-23T14:29:13","slug":"el-palacio-real","status":"publish","type":"page","link":"https:\/\/digitalhistory.unite.it\/es\/territorios\/itinerarios-urbanos\/napoles-y-el-cardinal-ascanio-filomarino\/el-palacio-real\/","title":{"rendered":"El Palacio Real"},"content":{"rendered":"<h1>El Palacio Real <\/h1>\n<div class=\"testo\">\n<p style=\"text-align: justify\"><img loading=\"lazy\" decoding=\"async\" src=\"https:\/\/digitalhistory.unite.it\/wp-content\/uploads\/2021\/08\/napolipalazzoreale_555x279.jpg\" width=\"555\" height=\"279\" alt=\"Palazzo Reale Napoli\">Escenario de algunos de los acontecimientos m\u00e1s dram\u00e1ticos de toda la revuelta, el Palacio Real (foto), que ahora domina la Plaza del Plebiscito, fue la <a href=\"\/es\/territorios\/itinerarios-urbanos\/valladolid\/iglesia-de-san-pablo\/corte\/\" title=\"Corte\">corte<\/a> en \u00e9poca moderna de los virreyes espa\u00f1oles y austriacos. Las obras de construcci\u00f3n comenzaron a finales del siglo XVI, con ocasi\u00f3n de una visita que el rey de Espa\u00f1a <a href=\"\/es\/territorios\/itinerarios-urbanos\/valladolid\/iglesia-de-san-pablo\/felipe-iii\/\" title=\"Felipe III\">Felipe III<\/a> deber\u00eda haber realizado en el <a href=\"\/es\/territorios\/itinerarios-urbanos\/lecce\/otros-restos\/reino-de-napoles\/\" title=\"Reino de N\u00e1poles\">reino de N\u00e1poles<\/a>. En el mismo lugar se levant\u00f3 la antigua residencia de los virreyes espa\u00f1oles. El virrey <a href=\"#\" class=\"tooltip yellow-tooltip\">conde de Lemos<span>Fernando Ruiz de Castro, VI conde de Lemos (1548-1601), fue un noble espa\u00f1ol. Gracias a su parentesco con el valido de Felipe III, el duque de Lerma (se hab\u00eda casado con&nbsp;una de&nbsp;las hermanas del duque), obtuvo en 1599 el nombramiento de virrey de N\u00e1poles. A su muerte, en 1601, el segundog\u00e9nito Francisco desempe\u00f1\u00f3 las funciones de regente. El hijo mayor, el VII conde de Lemos, fue virrey de N\u00e1poles (1610-1616).<\/span><\/a> encarg\u00f3 el proyecto al arquitecto <a href=\"#\" class=\"tooltip yellow-tooltip\">Domenico Fontana<span>Arquitecto suizo de origen Tesino, Domenico Fontana (1543-1607) fue un importante protagonista de la vida art\u00edstica tardo-renacentista que vivi\u00f3 entre Roma y N\u00e1poles. Bajo el pontificado de Sixto V (1585-1590), proyect\u00f3 y realiz\u00f3 la renovaci\u00f3n urban\u00edstica de Roma.<\/span><\/a>, pero las obras se prolongaron durante m\u00e1s de cincuenta a\u00f1os. Despu\u00e9s de la reconquista <a href=\"\/es\/territorios\/itinerarios-urbanos\/napoles-y-el-cardinal-ascanio-filomarino\/el-cardenal-en-napoles-palacio-filomarino\/los-borbones\/\" title=\"Los Borbones\">borb\u00f3nica<\/a> (1734), el Palacio tuvo su \u00e9poca de mayor esplendor a partir del reinado de <a href=\"\/es\/territorios\/itinerarios-urbanos\/napoles-y-el-cardinal-ascanio-filomarino\/el-palacio-real\/carlos-iii-de-borbon\/\" title=\"Carlos III de Borb\u00f3n\">Carlos III<\/a>, cuando se enriqueci\u00f3 de decoraciones y frescos pintados por los mejores artistas de la \u00e9poca. Varias veces restaurado y ampliado a lo largo de los siglos (data de 1888 la colocaci\u00f3n de las estatuas de los reyes de <a href=\"\/es\/territorios\/itinerarios-urbanos\/lecce\/plaza-de-san-oronzo\/napoles\/\" title=\"N\u00e1poles\">N\u00e1poles<\/a>, de Ruggero el Normando a Vittorio Emanuele II), el Palacio fue gravemente da\u00f1ado por los bombardeos durante la II Guerra Mundial y la posterior ocupaci\u00f3n de las tropas americanas. Como evidencia de la \u00e9poca barroca son el primer patio, que se mantiene fiel al dise\u00f1o original de Fontana, y la gran escalera construida por <a href=\"#\" class=\"tooltip yellow-tooltip\">Francesco Antonio Picchiatti<span>Hijo y disc\u00edpulo del arquitecto de Ferrara Bartolomeo Picchiatti, Francesco Antonio Picchiatti (1617-1694) fue uno de los m\u00e1s importantes arquitectos de N\u00e1poles en el Seiscientos. Fue tambi\u00e9n anticuario y arque\u00f3logo, sobre todo al servicio del virrey marqu\u00e9s del Carpio (1683-1687). Entre sus obras, que se encuentran principalmente en N\u00e1poles, es preciso destacar el obelisco en Plaza San Domenico Maggiore, la escalera de honor del Palacio Real, el Pio Monte de la Misericordia y las Iglesias de San Juan Bautista de las Monjas y de Santa Mar\u00eda de los Milagros.<\/span><\/a> en 1653; la Capilla Palatina, dise\u00f1ada por Cosimo Fanzago y enriquecida posteriormente con el espl\u00e9ndido altar construido por <a href=\"#\" class=\"tooltip yellow-tooltip\">Dionisio Lazzari<span>Dionisio Lazzari (1617-1689) fue arquitecto y escultor barroco napolitano. Trabaj\u00f3 con gran habilidad el m\u00e1rmol.<\/span><\/a>; las obras de los grandes pintores que decoran las numerosas salas del palacio, entre ellos <a href=\"#\" class=\"tooltip yellow-tooltip\">el Guercino<span>Giovanni Francesco Barbieri, llamado el Guercino (1591-1666) naci\u00f3 en Cento, en el ducado de Ferrara, donde dio sus primeros pasos como pintor. Aunque estuvo en contacto con el arte veneciano y bolo\u00f1\u00e9s, desarroll\u00f3 su propio estilo art\u00edstico, puesto a disposici\u00f3n del papa Gregorio XV del 1621 a 1623. Muri\u00f3 en Bolonia.<\/span><\/a>, <a href=\"#\" class=\"tooltip yellow-tooltip\">Andrea Vaccaro<span>Andrea Vaccaro (1604-1670) fue un pintor barroco napolitano. Trabaj\u00f3 principalmente bajo comisi\u00f3n eclesi\u00e1stica, sabiendo interpretar los c\u00e1nones art\u00edsticos de la Contrarreforma.<\/span><\/a>, <a href=\"\/es\/territorios\/itinerarios-urbanos\/napoles-y-el-cardinal-ascanio-filomarino\/el-palacio-arzobispal-y-la-catedral\/jusepe-de-ribera-lo-spagnoletto\/\" title=\"Jusepe de Ribera, &quot;lo Spagnoletto&quot;\">Jusepe de Ribera<\/a>, <a href=\"\/es\/territorios\/itinerarios-urbanos\/valladolid\/catedral\/giordano\/\" title=\"Giordano\">Luca Giordano<\/a>, <a href=\"#\" class=\"tooltip yellow-tooltip\">Battistello Caracciolo<span>Giovanni Battista Caracciolo llamado Battistello (1578-1635) fue un pintor napolitano. Disc\u00edpulo de Belisario Corenzio, fue el principal difusor del arte y del estilo de Caravaggio en N\u00e1poles. En la segunda mitad de su carrera, en la que viaj\u00f3 sobre todo a Roma, sus obras estuvieron menos vinculadas al modelo de Caravaggio y m\u00e1s cercanas a la influencia de Guido Reni y de los Carracci.<\/span><\/a>, <a href=\"#\" class=\"tooltip yellow-tooltip\">Mattia Preti<span>Mattia Preti (1613-1699) naci\u00f3 en Taverna, en Calabria. A su or\u00edgen y al hecho que fue nombrado caballero por el Papa Urbano VIII se debe su sobrenombre el &#8220;Caballero calabrese&#8221;. Fue muy activo en Roma, en N\u00e1poles y en Malta, donde falleci\u00f3 el 3 de enero de 1699.<\/span><\/a> y <a href=\"#\" class=\"tooltip yellow-tooltip\">Belisario Corenzio<span>Belisario Corenzio (1558-1646) fue un pintor italiano. De origen griego, decor\u00f3 con frescos y retablos las iglesias m\u00e1s importantes de N\u00e1poles, pero trabaj\u00f3 tambi\u00e9n en Cassino y en Salerno. Manierista influenciado por los pintores romanos y v\u00e9netos, en cambio no hizo suyas las innovaciones introducidas en el reino napolitano por los seguidores de Caravaggio. Muri\u00f3 tr\u00e1gicamente al caer de un andamio en la Iglesia de los Santos Severino y Sossio, donde est\u00e1 sepultado.<\/span><\/a>. A pesar de que han perdido en gran medida su aspecto original, tambi\u00e9n recordamos el Teatro de la Corte, que se convirti\u00f3 en teatro por voluntad del virrey espa\u00f1ol; la Sala del Gran Capit\u00e1n, donde se conservan las pinturas que celebran la conquista del reino de N\u00e1poles por parte de <a href=\"\/es\/territorios\/itinerarios-urbanos\/napoles-y-el-cardinal-ascanio-filomarino\/el-palacio-real\/gonzalo-fernandez-de-cordoba\/\" title=\"Gonzalo Fern\u00e1ndez de C\u00f3rdoba\">Gonzalo Fern\u00e1ndez de C\u00f3rdoba<\/a>; las pinturas del Seiscientos provenientes de la colecci\u00f3n Farnese heredadas por Carlos de Borb\u00f3n y llevadas a N\u00e1poles; el Sal\u00f3n de H\u00e9rcules, antigua Sala del Virrey, donde se encontraba una serie de retratos de los virreyes; la Capilla Real, construida a mediados del siglo XVII sobre el dise\u00f1o de Cosimo Fanzago y verdadero centro de la escena de la m\u00fasica napolitana entre los siglos XVII y XVIII. En el Palacio Real tambi\u00e9n se encuentra, a partir de los a\u00f1os veinte del Novecientos, la Biblioteca Nacional Vittorio Emanuele III.<\/p>\n<p style=\"text-align: justify\"><a href=\"\/es\/territorios\/itinerarios-urbanos\/napoles-y-el-cardinal-ascanio-filomarino\/filomarino-y-la-revuelta-de-masaniello\/\" title=\"Filomarino y la revuelta de Masaniello\">&lt;&lt;&lt;&#8212;p\u00e1gina precedente<\/a>&nbsp;&nbsp; <a href=\"\/es\/territorios\/itinerarios-urbanos\/napoles-y-el-cardinal-ascanio-filomarino\/la-basilica-del-carmen-mayor\/\" title=\"La Bas\u00edlica del Carmen Mayor\">p\u00e1gina siguiente&#8212;&gt;&gt;&gt;<\/a><\/p>\n<\/p><\/div>\n<p><\/p>\n","protected":false},"excerpt":{"rendered":"<p>El Palacio Real Escenario de algunos de los acontecimientos m\u00e1s dram\u00e1ticos de toda la revuelta, el Palacio Real (foto), que ahora domina la Plaza del Plebiscito, fue la corte en \u00e9poca moderna de los virreyes espa\u00f1oles y austriacos. Las obras de construcci\u00f3n comenzaron a finales&hellip;<\/p>\n","protected":false},"author":1,"featured_media":0,"parent":7456,"menu_order":0,"comment_status":"closed","ping_status":"closed","template":"","meta":{"footnotes":""},"class_list":["post-6644","page","type-page","status-publish","hentry"],"_links":{"self":[{"href":"https:\/\/digitalhistory.unite.it\/es\/wp-json\/wp\/v2\/pages\/6644","targetHints":{"allow":["GET"]}}],"collection":[{"href":"https:\/\/digitalhistory.unite.it\/es\/wp-json\/wp\/v2\/pages"}],"about":[{"href":"https:\/\/digitalhistory.unite.it\/es\/wp-json\/wp\/v2\/types\/page"}],"author":[{"embeddable":true,"href":"https:\/\/digitalhistory.unite.it\/es\/wp-json\/wp\/v2\/users\/1"}],"replies":[{"embeddable":true,"href":"https:\/\/digitalhistory.unite.it\/es\/wp-json\/wp\/v2\/comments?post=6644"}],"version-history":[{"count":2,"href":"https:\/\/digitalhistory.unite.it\/es\/wp-json\/wp\/v2\/pages\/6644\/revisions"}],"predecessor-version":[{"id":12154,"href":"https:\/\/digitalhistory.unite.it\/es\/wp-json\/wp\/v2\/pages\/6644\/revisions\/12154"}],"up":[{"embeddable":true,"href":"https:\/\/digitalhistory.unite.it\/es\/wp-json\/wp\/v2\/pages\/7456"}],"wp:attachment":[{"href":"https:\/\/digitalhistory.unite.it\/es\/wp-json\/wp\/v2\/media?parent=6644"}],"curies":[{"name":"wp","href":"https:\/\/api.w.org\/{rel}","templated":true}]}}