{"id":6645,"date":"2021-08-20T00:03:48","date_gmt":"2021-08-19T22:03:48","guid":{"rendered":"https:\/\/digitalhistory.unite.it\/la-basilica-del-carmen-mayor\/"},"modified":"2021-11-23T15:29:14","modified_gmt":"2021-11-23T14:29:14","slug":"la-basilica-del-carmen-mayor","status":"publish","type":"page","link":"https:\/\/digitalhistory.unite.it\/es\/territorios\/itinerarios-urbanos\/napoles-y-el-cardinal-ascanio-filomarino\/la-basilica-del-carmen-mayor\/","title":{"rendered":"La Bas\u00edlica del Carmen Mayor"},"content":{"rendered":"<h1>La Bas\u00edlica del Carmen Mayor <\/h1>\n<div class=\"testo\">\n<p style=\"text-align: justify\"><img loading=\"lazy\" decoding=\"async\" src=\"https:\/\/digitalhistory.unite.it\/wp-content\/uploads\/2021\/08\/napoli_-_chiesa_santa_maria_del_carmine_maggiore_228x304.jpg\" width=\"228\" height=\"304\" alt=\"chiesa del carmine\" align=\"left\">La Bas\u00edlica del Carmen Mayor es otro lugar importante en el <a href=\"\/es\/territorios\/itinerarios-urbanos\/lecce\/plaza-de-san-oronzo\/napoles\/\" title=\"N\u00e1poles\">N\u00e1poles<\/a> de Ascanio Filomarino. Junto a la Plaza del Carmen, que en \u00e9poca moderna era toda una con la Plaza del Mercado, la bas\u00edlica ha sido escenario de algunos de los sucesos m\u00e1s importantes en la historia de N\u00e1poles y ahora es uno de los mejores ejemplos del arte barroco de la ciudad. Seg\u00fan la tradici\u00f3n, la imagen de la Virgen Bruna, adorada en el Monte Carmelo (lugar de origen de la Orden de los <a href=\"\/es\/territorios\/itinerarios-urbanos\/lecce\/cino\/carmelitas\/\" title=\"Carmelitas\">Carmelitas<\/a>) fue llevada a N\u00e1poles por algunos monjes que hu\u00edan de Sarracenos y de Palestina. Aunque las investigaciones hist\u00f3ricas han desmentido esta historia (la fecha de la imagen era el siglo XIII, as\u00ed como la llegada de los Carmelitas a N\u00e1poles), el culto a esta imagen y la gran cantidad de milagros que se le han atribuido a lo largo de la historia se han convertido en parte de la identidad colectiva de N\u00e1poles. La historia de la Bas\u00edlica est\u00e1 estrechamente relacionada con la revuelta de 1647-1648. De hecho fue durante los preparativos para la celebraci\u00f3n de Nuestra Se\u00f1ora del Carmen, el 7 de julio, cuando comenz\u00f3 la protesta popular, y el 16 de julio, d\u00eda de la fiesta, cuando <a href=\"\/es\/territorios\/itinerarios-urbanos\/napoles-y-el-cardinal-ascanio-filomarino\/el-cardenal-en-napoles-palacio-filomarino\/masaniello\/\" title=\"Masaniello\">Masaniello<\/a>, tal vez preso de la multitud, se refugi\u00f3 en la iglesia del Carmen, interrumpi\u00f3 la misa, se despoj\u00f3 de su vestimenta y celebr\u00f3 su \u00faltimo discurso ante el&nbsp;pueblo de N\u00e1poles. Convencido por los frailes carmelitas para que se trasladara al convento adyacente, all\u00ed fue asesinado, el 16 de julio, con cuatro tiros de trabuco, y su cabeza expuesta y llevada por la ciudad. Al d\u00eda siguiente, antes de la devoluci\u00f3n de los impuestos y la reducci\u00f3n del peso del pan, los rebeldes recuperaron el cuerpo de Masaniello, colgaron la cabeza y se la llevaron en procesi\u00f3n, enterr\u00e1ndolo dentro de la iglesia del Carmen, donde permanecer\u00eda <a href=\"#\" class=\"tooltip yellow-tooltip\">hasta 1799<span>En 1799, tras regresar al trono una vez fracasada la Rep\u00fablica Napolitana de inspiraci\u00f3n jacobina, Fernando IV de Borb\u00f3n decidi\u00f3 sacar el cuerpo de Masaniello de la Bas\u00edlica del Carmen Mayor, para privar a los rebeldes de uno de sus s\u00edmbolos de identidad.<\/span><\/a>. El aspecto de la Bas\u00edlica, que se mantuvo a lo largo de la revuelta como una especie de &#8220;cuartel general&#8221; para los rebeldes, estuvo fuertemente marcado por los acontecimientos de aquellos a\u00f1os: la fachada fue alcanzada durante el bombardeo de la ciudad en octubre de 1647 y luego reconstruida, hasta tener la estructura actual que data de la segunda mitad del siglo XVIII. El campanario, el m\u00e1s alto de la ciudad, fue construido a lo largo de varias etapas durante el siglo XVII, mientras pertenecen al siglo siguiente los trabajos que borraron la apariencia original g\u00f3tica de la Bas\u00edlica y le dieron la apariencia actual, que corresponde a los c\u00e1nones del Barroco. El interior, que es de una sola nave con espl\u00e9ndidas capillas laterales y decorada con m\u00e1rmol policromado, tiene un techo moderno que sustituye al original del siglo XVII: la onda expansiva derivada de la explosi\u00f3n de un barco en el puerto de N\u00e1poles caus\u00f3 su ca\u00edda durante la II Guerra Mundial. El papel de la Bas\u00edlica del Carmen Mayor como un poderoso s\u00edmbolo de la historia de N\u00e1poles se confirma tambi\u00e9n por la cantidad de personalidades que en ella han sido o siguen estando sepultados: adem\u00e1s de Masaniello, tambi\u00e9n recordamos a <a href=\"#\" class=\"tooltip yellow-tooltip\">Conradino de Suabia<span>Conradino de Suabia (1252-1268) fue el \u00faltimo descendiente de la casa de Suabia. Era el hijo de Conrado IV y, en consecuencia, nieto del emperador Federico II. Al perder a su padre a la edad de dos a\u00f1os, fue a Italia por invitaci\u00f3n de los gibelinos italianos tras la derrota de su t\u00edo Manfredi de Sicilia en Benevento (1266). Conradino fue tambi\u00e9n derrotado en Tagliacozzo (1268) por Carlos de Anjou, quien ordin\u00f3 su decapitaci\u00f3n.<\/span><\/a>, y muchos de los m\u00e1rtires de la <a href=\"\/es\/territorios\/itinerarios-urbanos\/napoles-y-el-cardinal-ascanio-filomarino\/un-ambicioso-prelado\/la-republica-napolitana-del-1799\/\" title=\"La Rep\u00fablica Napolitana del 1799\">Rep\u00fablica Napolitana de 1799<\/a>.<\/p>\n<p style=\"text-align: justify\"><a href=\"\/es\/territorios\/itinerarios-urbanos\/napoles-y-el-cardinal-ascanio-filomarino\/el-palacio-real\/\" title=\"El Palacio Real\">&lt;&lt;&lt;&#8212;p\u00e1gina precedente<\/a>&nbsp;&nbsp; <a href=\"\/es\/territorios\/itinerarios-urbanos\/napoles-y-el-cardinal-ascanio-filomarino\/la-iglesia-de-los-santos-apostoles-y-la-capilla-filomarino\/\" title=\"La Iglesia de los Santos Ap\u00f3stoles y la capilla Filomarino\">p\u00e1gina siguiente&#8212;&gt;&gt;&gt;<\/a><\/p>\n<\/p><\/div>\n<p><\/p>\n","protected":false},"excerpt":{"rendered":"<p>La Bas\u00edlica del Carmen Mayor La Bas\u00edlica del Carmen Mayor es otro lugar importante en el N\u00e1poles de Ascanio Filomarino. Junto a la Plaza del Carmen, que en \u00e9poca moderna era toda una con la Plaza del Mercado, la bas\u00edlica ha sido escenario de algunos&hellip;<\/p>\n","protected":false},"author":1,"featured_media":0,"parent":7456,"menu_order":0,"comment_status":"closed","ping_status":"closed","template":"","meta":{"footnotes":""},"class_list":["post-6645","page","type-page","status-publish","hentry"],"_links":{"self":[{"href":"https:\/\/digitalhistory.unite.it\/es\/wp-json\/wp\/v2\/pages\/6645","targetHints":{"allow":["GET"]}}],"collection":[{"href":"https:\/\/digitalhistory.unite.it\/es\/wp-json\/wp\/v2\/pages"}],"about":[{"href":"https:\/\/digitalhistory.unite.it\/es\/wp-json\/wp\/v2\/types\/page"}],"author":[{"embeddable":true,"href":"https:\/\/digitalhistory.unite.it\/es\/wp-json\/wp\/v2\/users\/1"}],"replies":[{"embeddable":true,"href":"https:\/\/digitalhistory.unite.it\/es\/wp-json\/wp\/v2\/comments?post=6645"}],"version-history":[{"count":2,"href":"https:\/\/digitalhistory.unite.it\/es\/wp-json\/wp\/v2\/pages\/6645\/revisions"}],"predecessor-version":[{"id":12161,"href":"https:\/\/digitalhistory.unite.it\/es\/wp-json\/wp\/v2\/pages\/6645\/revisions\/12161"}],"up":[{"embeddable":true,"href":"https:\/\/digitalhistory.unite.it\/es\/wp-json\/wp\/v2\/pages\/7456"}],"wp:attachment":[{"href":"https:\/\/digitalhistory.unite.it\/es\/wp-json\/wp\/v2\/media?parent=6645"}],"curies":[{"name":"wp","href":"https:\/\/api.w.org\/{rel}","templated":true}]}}